{"id":132927,"date":"2025-07-31T00:42:49","date_gmt":"2025-07-30T22:42:49","guid":{"rendered":"https:\/\/www.budream.com\/shop\/kannodol-lotion-acne-10ml\/"},"modified":"2025-12-19T12:18:28","modified_gmt":"2025-12-19T10:18:28","slug":"kannodol-lotion-acne-10ml","status":"publish","type":"product","link":"https:\/\/www.budream.com\/fr\/shop\/kannodol-lotion-acne-10ml\/","title":{"rendered":"KANNODOL &#8211; LOTION ACNE | 10ml"},"content":{"rendered":"<p class=\"_04xlpA direction-ltr align-start para-style-body\">Produit \u00e0 base de CBD, Bakuchiol et Tea Tree qui aide \u00e0 am\u00e9liorer les rougeurs et \u00e0 r\u00e9guler la s\u00e9cr\u00e9tion de s\u00e9bum.<\/p>\n<p>Utile pour les zones localis\u00e9es ou pour hydrater et prot\u00e9ger la peau.<\/p>\n<p>Le bakuchiol est un ingr\u00e9dient actif qui am\u00e9liore la production de collag\u00e8ne et diminue sa d\u00e9gradation, ce qui permet de le maintenir, ainsi que de r\u00e9duire la synth\u00e8se de m\u00e9lanine, ce qui pr\u00e9vient la d\u00e9pigmentation.<\/p>\n<p>Contrairement au r\u00e9tinol, le bakuchiol a une nette activit\u00e9 calmante en inhibant certaines r\u00e9ponses inflammatoires de la peau.<\/p>\n","protected":false},"excerpt":{"rendered":"<p>Produit \u00e0 base de CBD, Bakuchiol et Tea Tree qui aide \u00e0 am\u00e9liorer les rougeurs et \u00e0 r\u00e9guler la s\u00e9cr\u00e9tion<\/p>\n","protected":false},"featured_media":132922,"comment_status":"open","ping_status":"closed","template":"","meta":[],"product_brand":[],"product_cat":[7913],"product_tag":[],"class_list":{"0":"post-132927","1":"product","2":"type-product","3":"status-publish","4":"has-post-thumbnail","6":"product_cat-cosmetiques","8":"first","9":"instock","10":"taxable","11":"shipping-taxable","12":"purchasable","13":"product-type-simple"},"_links":{"self":[{"href":"https:\/\/www.budream.com\/fr\/wp-json\/wp\/v2\/product\/132927","targetHints":{"allow":["GET"]}}],"collection":[{"href":"https:\/\/www.budream.com\/fr\/wp-json\/wp\/v2\/product"}],"about":[{"href":"https:\/\/www.budream.com\/fr\/wp-json\/wp\/v2\/types\/product"}],"replies":[{"embeddable":true,"href":"https:\/\/www.budream.com\/fr\/wp-json\/wp\/v2\/comments?post=132927"}],"version-history":[{"count":0,"href":"https:\/\/www.budream.com\/fr\/wp-json\/wp\/v2\/product\/132927\/revisions"}],"wp:featuredmedia":[{"embeddable":true,"href":"https:\/\/www.budream.com\/fr\/wp-json\/wp\/v2\/media\/132922"}],"wp:attachment":[{"href":"https:\/\/www.budream.com\/fr\/wp-json\/wp\/v2\/media?parent=132927"}],"wp:term":[{"taxonomy":"product_brand","embeddable":true,"href":"https:\/\/www.budream.com\/fr\/wp-json\/wp\/v2\/product_brand?post=132927"},{"taxonomy":"product_cat","embeddable":true,"href":"https:\/\/www.budream.com\/fr\/wp-json\/wp\/v2\/product_cat?post=132927"},{"taxonomy":"product_tag","embeddable":true,"href":"https:\/\/www.budream.com\/fr\/wp-json\/wp\/v2\/product_tag?post=132927"}],"curies":[{"name":"wp","href":"https:\/\/api.w.org\/{rel}","templated":true}]}}