{"id":132937,"date":"2025-07-31T00:43:18","date_gmt":"2025-07-30T22:43:18","guid":{"rendered":"https:\/\/www.budream.com\/shop\/kannodol-creme-hydratante-tatouage-50ml\/"},"modified":"2025-12-19T12:18:00","modified_gmt":"2025-12-19T10:18:00","slug":"kannodol-creme-hydratante-tatouage-50ml","status":"publish","type":"product","link":"https:\/\/www.budream.com\/fr\/shop\/kannodol-creme-hydratante-tatouage-50ml\/","title":{"rendered":"KANNODOL &#8211; CR\u00c8ME HYDRATANTE TATOUAGE | 50ml"},"content":{"rendered":"<p>Il aide \u00e0 hydrater et \u00e0 adoucir la peau tatou\u00e9e, tout en apportant des b\u00e9n\u00e9fices anti-inflammatoires et antioxydants gr\u00e2ce au CBD.<\/p>\n<p><em>Teneur en CBD : 825 mg.<br \/>Sans TH<\/em><\/p>\n<h3><span style=\"text-decoration: underline\"><strong>Mode d&#8217;emploi<\/strong><\/span><\/h3>\n<p>Appliquez sur la zone que vous souhaitez hydrater ou prot\u00e9ger et massez en mouvements circulaires jusqu&rsquo;\u00e0 absorption compl\u00e8te.<\/p>\n<h3><span style=\"text-decoration: underline\"><strong><br \/>Propri\u00e9t\u00e9s<\/strong><\/span><\/h3>\n<p><span class=\"S1PPyQ\">Contient de l&rsquo;extrait d&rsquo;aloe vera aux propri\u00e9t\u00e9s antioxydantes, de l&rsquo;ur\u00e9e, une mol\u00e9cule importante pour l&rsquo;hydratation de la couche corn\u00e9e et la fonction de barri\u00e8re de la peau, et de l&rsquo;huile de jojoba pour une lubrification suppl\u00e9mentaire. Cr\u00e8me \u00e0 absorption rapide qui r\u00e9duit la perte d&rsquo;eau trans\u00e9pidermique, r\u00e9tablissant les valeurs hydriques ad\u00e9quates de la peau pour une hydratation intense.<br \/><\/span><\/p>\n<h3><span style=\"text-decoration: underline\"><strong><br \/>Ingr\u00e9dients<\/strong><\/span><\/h3>\n<p>Eau, jus de feuilles d&rsquo;aloe barbadensis, b\u00e9ta\u00efne, ac\u00e9tate de c\u00e9tyle, hydroxy\u00e9thylur\u00e9e, panth\u00e9nol, alcool de lanoline ac\u00e9tyl\u00e9, ac\u00e9tate d&rsquo;ol\u00e9yle, ac\u00e9tate de tocoph\u00e9ryle, huile de graines de Simmondsia Chinensis, polyacrylamide, isoparaffine C13-14, laureth-7, cannabidiol, acide ascorbique, acide citrique.<\/p>\n","protected":false},"excerpt":{"rendered":"<p>Il aide \u00e0 hydrater et \u00e0 adoucir la peau tatou\u00e9e, tout en apportant des b\u00e9n\u00e9fices anti-inflammatoires et antioxydants gr\u00e2ce au<\/p>\n","protected":false},"featured_media":132932,"comment_status":"open","ping_status":"closed","template":"","meta":[],"product_brand":[],"product_cat":[7913],"product_tag":[],"class_list":{"0":"post-132937","1":"product","2":"type-product","3":"status-publish","4":"has-post-thumbnail","6":"product_cat-cosmetiques","8":"first","9":"instock","10":"taxable","11":"shipping-taxable","12":"purchasable","13":"product-type-simple"},"aioseo_notices":[],"_links":{"self":[{"href":"https:\/\/www.budream.com\/fr\/wp-json\/wp\/v2\/product\/132937","targetHints":{"allow":["GET"]}}],"collection":[{"href":"https:\/\/www.budream.com\/fr\/wp-json\/wp\/v2\/product"}],"about":[{"href":"https:\/\/www.budream.com\/fr\/wp-json\/wp\/v2\/types\/product"}],"replies":[{"embeddable":true,"href":"https:\/\/www.budream.com\/fr\/wp-json\/wp\/v2\/comments?post=132937"}],"version-history":[{"count":0,"href":"https:\/\/www.budream.com\/fr\/wp-json\/wp\/v2\/product\/132937\/revisions"}],"wp:featuredmedia":[{"embeddable":true,"href":"https:\/\/www.budream.com\/fr\/wp-json\/wp\/v2\/media\/132932"}],"wp:attachment":[{"href":"https:\/\/www.budream.com\/fr\/wp-json\/wp\/v2\/media?parent=132937"}],"wp:term":[{"taxonomy":"product_brand","embeddable":true,"href":"https:\/\/www.budream.com\/fr\/wp-json\/wp\/v2\/product_brand?post=132937"},{"taxonomy":"product_cat","embeddable":true,"href":"https:\/\/www.budream.com\/fr\/wp-json\/wp\/v2\/product_cat?post=132937"},{"taxonomy":"product_tag","embeddable":true,"href":"https:\/\/www.budream.com\/fr\/wp-json\/wp\/v2\/product_tag?post=132937"}],"curies":[{"name":"wp","href":"https:\/\/api.w.org\/{rel}","templated":true}]}}