{"id":132947,"date":"2025-07-31T00:43:46","date_gmt":"2025-07-30T22:43:46","guid":{"rendered":"https:\/\/www.budream.com\/shop\/kannodol-eau-micellaire-200ml\/"},"modified":"2026-04-21T19:46:20","modified_gmt":"2026-04-21T17:46:20","slug":"kannodol-eau-micellaire-200ml","status":"publish","type":"product","link":"https:\/\/www.budream.com\/fr\/shop\/kannodol-eau-micellaire-200ml\/","title":{"rendered":"KANNODOL &#8211; EAU MICELLAIRE | 200ml"},"content":{"rendered":"<p><span class=\"S1PPyQ\">Il aide \u00e0 \u00e9liminer les impuret\u00e9s et le maquillage de la peau de mani\u00e8re douce et efficace.<\/span><\/p>\n<p><em>Extrait de graines de chanvre<br \/>sans THC<\/em><\/p>\n<h3><span style=\"text-decoration: underline\"><strong>Mode d&#8217;emploi<\/strong><\/span><\/h3>\n<p>Appliquer une petite quantit\u00e9 de produit pour humidifier le tampon d\u00e9maquillant et frotter d\u00e9licatement la peau pour \u00e9liminer le maquillage. Pas de rin\u00e7age. Pour tous les types de peau, m\u00eame les peaux sensibles.<\/p>\n<h3><span style=\"text-decoration: underline\"><strong><br \/>Propri\u00e9t\u00e9s<\/strong><\/span><\/h3>\n<p><span class=\"S1PPyQ\">Association d&rsquo;extrait de graines de chanvre \u00e0 des actifs hydratants et raffermissants comme le concombre et \u00e0 des actifs apaisants comme la camomille.<br \/><\/span><\/p>\n<h3><span style=\"text-decoration: underline\"><strong><br \/>Ingr\u00e9dients<\/strong><\/span><\/h3>\n<p>Eau, Caprylyl\/capryl glucoside, glyc\u00e9rine, dextrose, extrait de graines de cannabis sativa, alpha-glucan oligosaccharide, extrait de fleurs de Chamomilla Recutita, extrait de fruits de Cucumis Sativus, cetrimonium chloride, benzyl alcohol, glyceryl caprylate, glyceryl, undecylenate, parfum, citronellol, coumarin, Linalool.<\/p>\n","protected":false},"excerpt":{"rendered":"<p>Il aide \u00e0 \u00e9liminer les impuret\u00e9s et le maquillage de la peau de mani\u00e8re douce et efficace. Extrait de graines<\/p>\n","protected":false},"featured_media":132942,"comment_status":"open","ping_status":"closed","template":"","meta":[],"product_brand":[],"product_cat":[7913],"product_tag":[],"class_list":{"0":"post-132947","1":"product","2":"type-product","3":"status-publish","4":"has-post-thumbnail","6":"product_cat-cosmetiques","8":"first","9":"instock","10":"taxable","11":"shipping-taxable","12":"purchasable","13":"product-type-simple"},"_links":{"self":[{"href":"https:\/\/www.budream.com\/fr\/wp-json\/wp\/v2\/product\/132947","targetHints":{"allow":["GET"]}}],"collection":[{"href":"https:\/\/www.budream.com\/fr\/wp-json\/wp\/v2\/product"}],"about":[{"href":"https:\/\/www.budream.com\/fr\/wp-json\/wp\/v2\/types\/product"}],"replies":[{"embeddable":true,"href":"https:\/\/www.budream.com\/fr\/wp-json\/wp\/v2\/comments?post=132947"}],"version-history":[{"count":0,"href":"https:\/\/www.budream.com\/fr\/wp-json\/wp\/v2\/product\/132947\/revisions"}],"wp:featuredmedia":[{"embeddable":true,"href":"https:\/\/www.budream.com\/fr\/wp-json\/wp\/v2\/media\/132942"}],"wp:attachment":[{"href":"https:\/\/www.budream.com\/fr\/wp-json\/wp\/v2\/media?parent=132947"}],"wp:term":[{"taxonomy":"product_brand","embeddable":true,"href":"https:\/\/www.budream.com\/fr\/wp-json\/wp\/v2\/product_brand?post=132947"},{"taxonomy":"product_cat","embeddable":true,"href":"https:\/\/www.budream.com\/fr\/wp-json\/wp\/v2\/product_cat?post=132947"},{"taxonomy":"product_tag","embeddable":true,"href":"https:\/\/www.budream.com\/fr\/wp-json\/wp\/v2\/product_tag?post=132947"}],"curies":[{"name":"wp","href":"https:\/\/api.w.org\/{rel}","templated":true}]}}