{"id":132957,"date":"2025-07-31T00:44:14","date_gmt":"2025-07-30T22:44:14","guid":{"rendered":"https:\/\/www.budream.com\/shop\/kannodol-tonique-astringente-200ml\/"},"modified":"2025-12-19T12:20:20","modified_gmt":"2025-12-19T10:20:20","slug":"kannodol-tonique-astringente-200ml","status":"publish","type":"product","link":"https:\/\/www.budream.com\/fr\/shop\/kannodol-tonique-astringente-200ml\/","title":{"rendered":"KANNODOL &#8211; TONIQUE ASTRINGENTE | 200ml"},"content":{"rendered":"<p><span class=\"S1PPyQ\">Aide \u00e0 tonifier et \u00e0 \u00e9quilibrer le pH de la peau<\/span><\/p>\n<p><em>Extrait de graines de chanvre<br \/>sans THC<\/em><\/p>\n<h3><span style=\"text-decoration: underline\"><strong>Mode d&#8217;emploi<\/strong><\/span><\/h3>\n<p>Appliquer matin et\/ou soir apr\u00e8s avoir nettoy\u00e9 la peau avec l&rsquo;exfoliant doux. \u00c0 l&rsquo;aide d&rsquo;un coton propre, appliquer le produit en tapotant doucement jusqu&rsquo;\u00e0 absorption compl\u00e8te. Ne pas clarifier.<\/p>\n<h3><span style=\"text-decoration: underline\"><strong><br \/>Propri\u00e9t\u00e9s<\/strong><\/span><\/h3>\n<p><span class=\"S1PPyQ\">Tonique astringent pour le visage \u00e0 l&rsquo;extrait de graines de chanvre et d&rsquo;hamam\u00e9lis. Conditionne et am\u00e9liore l&rsquo;homog\u00e9n\u00e9it\u00e9 de la peau, r\u00e9duit la taille des pores, prot\u00e8ge et conditionne la peau.<br \/><\/span><\/p>\n<h3><span style=\"text-decoration: underline\"><strong><br \/>Ingr\u00e9dients<\/strong><\/span><\/h3>\n<p>Eau, alcool d\u00e9natur\u00e9, acide salicylique, extrait de graines de Cannabis Sativa, glyc\u00e9rine, extrait d&rsquo;Hammamelis Virginiana, alcool benzylique, sorbate de potassium, benzoate de sodium.<\/p>\n","protected":false},"excerpt":{"rendered":"<p>Aide \u00e0 tonifier et \u00e0 \u00e9quilibrer le pH de la peau Extrait de graines de chanvresans THC Mode d&#8217;emploi Appliquer<\/p>\n","protected":false},"featured_media":132952,"comment_status":"open","ping_status":"closed","template":"","meta":[],"product_brand":[],"product_cat":[7913],"product_tag":[],"class_list":{"0":"post-132957","1":"product","2":"type-product","3":"status-publish","4":"has-post-thumbnail","6":"product_cat-cosmetiques","8":"first","9":"instock","10":"taxable","11":"shipping-taxable","12":"purchasable","13":"product-type-simple"},"_links":{"self":[{"href":"https:\/\/www.budream.com\/fr\/wp-json\/wp\/v2\/product\/132957","targetHints":{"allow":["GET"]}}],"collection":[{"href":"https:\/\/www.budream.com\/fr\/wp-json\/wp\/v2\/product"}],"about":[{"href":"https:\/\/www.budream.com\/fr\/wp-json\/wp\/v2\/types\/product"}],"replies":[{"embeddable":true,"href":"https:\/\/www.budream.com\/fr\/wp-json\/wp\/v2\/comments?post=132957"}],"version-history":[{"count":0,"href":"https:\/\/www.budream.com\/fr\/wp-json\/wp\/v2\/product\/132957\/revisions"}],"wp:featuredmedia":[{"embeddable":true,"href":"https:\/\/www.budream.com\/fr\/wp-json\/wp\/v2\/media\/132952"}],"wp:attachment":[{"href":"https:\/\/www.budream.com\/fr\/wp-json\/wp\/v2\/media?parent=132957"}],"wp:term":[{"taxonomy":"product_brand","embeddable":true,"href":"https:\/\/www.budream.com\/fr\/wp-json\/wp\/v2\/product_brand?post=132957"},{"taxonomy":"product_cat","embeddable":true,"href":"https:\/\/www.budream.com\/fr\/wp-json\/wp\/v2\/product_cat?post=132957"},{"taxonomy":"product_tag","embeddable":true,"href":"https:\/\/www.budream.com\/fr\/wp-json\/wp\/v2\/product_tag?post=132957"}],"curies":[{"name":"wp","href":"https:\/\/api.w.org\/{rel}","templated":true}]}}