{"id":132967,"date":"2025-07-31T00:44:42","date_gmt":"2025-07-30T22:44:42","guid":{"rendered":"https:\/\/www.budream.com\/shop\/kannodol-lotion-cabine-200ml\/"},"modified":"2025-12-19T12:18:55","modified_gmt":"2025-12-19T10:18:55","slug":"kannodol-lotion-cabine-200ml","status":"publish","type":"product","link":"https:\/\/www.budream.com\/fr\/shop\/kannodol-lotion-cabine-200ml\/","title":{"rendered":"KANNODOL &#8211; LOTION CABINE | 200ml"},"content":{"rendered":"<p>\u00c9mulsion corporelle d\u00e9toxifiante et hydratante, \u00e0 base de cannabidiol et de vitamine C qui augmentent l&rsquo;\u00e9nergie cellulaire et donnent de la fermet\u00e9 et de l&rsquo;\u00e9clat. Dans sa formulation, on trouve \u00e9galement des galacturonanes de coriandre et des flavono\u00efdes d&rsquo;orange douce qui r\u00e9duisent les d\u00e9p\u00f4ts de graisse et am\u00e9liorent l&rsquo;aspect de la peau d&rsquo;orange.<\/p>\n<p><em>Teneur en isolat de CBD : 200 mg.<br \/>Sans THC<\/em><\/p>\n<h3><span style=\"text-decoration: underline\"><strong>Mode d&#8217;emploi<\/strong><\/span><\/h3>\n<p>D\u00e9poser la cr\u00e8me sur les doigts et l&rsquo;\u00e9taler sur la zone \u00e0 hydrater et \u00e0 prot\u00e9ger en effectuant de l\u00e9gers massages circulaires du bas vers le haut.<\/p>\n<h3><span style=\"text-decoration: underline\"><strong><br \/>Propri\u00e9t\u00e9s<\/strong><\/span><\/h3>\n<p><span class=\"S1PPyQ\">Association de <span class=\"hiddenSpellError\">cannabidiol<\/span> et de vitamine C vectoris\u00e9e par du silicium organique. Restructure la surface de la peau et normalise le teint. Anti-cellulite, favorise l&rsquo;\u00e9limination des graisses stock\u00e9es.<br \/><\/span><\/p>\n<h3><span style=\"text-decoration: underline\"><strong><br \/>Ingr\u00e9dients<\/strong><\/span><\/h3>\n<p><span class=\"hiddenSpellError\">Eau<\/span>, <span class=\"hiddenSpellError\">coco-caprylate\/caprate, glyceryl stearate, polyglyceryl-3-methylglucose <\/span><span class=\"hiddenSpellError\">distearate<\/span>, cetyl <span class=\"hiddenSpellError\">alcohol<\/span> <span class=\"hiddenSpellError\">, <\/span><span class=\"hiddenSpellError\">ascorbyl<\/span> methylsilanol <span class=\"hiddenSpellError\">pectinate<\/span>,<span class=\"hiddenSpellError\">hydrolysed<\/span> <span class=\"hiddenSpellError\">extract <\/span> of the fruit<span class=\"hiddenSpellError\">de coriandrum <\/span><span class=\"hiddenSpellError\">sativum <\/span><span class=\"hiddenSpellError\">,<\/span> extrait de<span class=\"hiddenSpellError\">fruit <\/span><span class=\"hiddenSpellError\">de <\/span><span class=\"hiddenSpellError\">Citrus <\/span><span class=\"hiddenSpellError\">Aurantium<\/span> Dulcis <span class=\"hiddenSpellError\">( <\/span><span class=\"hiddenSpellError\">orange <\/span><span class=\"hiddenSpellError\">) <\/span><span class=\"hiddenSpellError\">, <\/span><span class=\"hiddenSpellError\">cannabidiol<\/span>, jus de<span class=\"hiddenSpellError\">feuilles d&rsquo;<\/span>aloe <span class=\"hiddenSpellError\">barbadensis<\/span>, huile de ricin PEG-20 <span class=\"hiddenSpellError\">huile<\/span> <span class=\"hiddenSpellError\">de <\/span> ricin, <span class=\"hiddenSpellError\">glyc\u00e9rine<\/span>, alcool <span class=\"hiddenSpellError\">d\u00e9natur\u00e9<\/span>, <span class=\"hiddenSpellError\">huile de <\/span><span class=\"hiddenSpellError\">Zea <\/span><span class=\"hiddenSpellError\">Mays<\/span> ( <span class=\"hiddenSpellError\">ma\u00efs<\/span> ), Aesculus Hippippopotentium) ,<span class=\"hiddenSpellError\">Aesculus <\/span><span class=\"hiddenSpellError\">Hippocastanum<\/span> ( <span class=\"hiddenSpellError\">marron d&rsquo;Inde<\/span> ) <span class=\"hiddenSpellError\">extrait de <\/span><span class=\"hiddenSpellError\">graines <\/span>, <span class=\"hiddenSpellError\">pantoth\u00e9nate <\/span>pantoth\u00e9nate de<span class=\"hiddenSpellError\">calcium<\/span>, inositol, r\u00e9tinol, huile de graines d&rsquo;<span class=\"hiddenSpellError\">\u00e9glantier <\/span>,<span class=\"hiddenSpellError\">ac\u00e9tate de<\/span> <span class=\"hiddenSpellError\">tocoph\u00e9ryle <\/span><span class=\"hiddenSpellError\">,<\/span> biotine <span class=\"hiddenSpellError\">,<\/span> benzoate de<span class=\"hiddenSpellError\">sodium<\/span>, <span class=\"hiddenSpellError\">sorbate <\/span><span class=\"hiddenSpellError\">de potassium <\/span> <span class=\"hiddenSpellError\">extrait d&rsquo;<\/span><span class=\"hiddenSpellError\">equisetum<\/span> arvense<span class=\"hiddenSpellError\">. <\/span><span class=\"hiddenSpellError\">huile de <\/span><span class=\"hiddenSpellError\">graines de<\/span> cannabis sativa<span class=\"hiddenSpellError\">, <\/span> alcool <span class=\"hiddenSpellError\">benzylique <\/span>,<span class=\"hiddenSpellError\">xylitylglucoside<\/span>,<span class=\"hiddenSpellError\">caprylate de glyc\u00e9ryle<\/span>,<span class=\"hiddenSpellError\">und\u00e9cyl\u00e9nate de<\/span> <span class=\"hiddenSpellError\">glyc\u00e9ryle <\/span> <span class=\"hiddenSpellError\">xylitol<\/span>, <span class=\"hiddenSpellError\">anhydroxylitol<\/span>, <span class=\"hiddenSpellError\">gomme <\/span><span class=\"hiddenSpellError\">xanthane<\/span>, <span class=\"hiddenSpellError\">parfum<\/span>, <span class=\"hiddenSpellError\">citronellol<\/span>, <span class=\"hiddenSpellError\">coumarine<\/span>, <span class=\"hiddenSpellError\">linalool<\/span>, acide <span class=\"hiddenSpellError\">citrique<\/span>.<\/p>\n","protected":false},"excerpt":{"rendered":"<p>\u00c9mulsion corporelle d\u00e9toxifiante et hydratante, \u00e0 base de cannabidiol et de vitamine C qui augmentent l&rsquo;\u00e9nergie cellulaire et donnent de<\/p>\n","protected":false},"featured_media":132962,"comment_status":"open","ping_status":"closed","template":"","meta":[],"product_brand":[],"product_cat":[7913],"product_tag":[],"class_list":{"0":"post-132967","1":"product","2":"type-product","3":"status-publish","4":"has-post-thumbnail","6":"product_cat-cosmetiques","8":"first","9":"instock","10":"taxable","11":"shipping-taxable","12":"purchasable","13":"product-type-simple"},"_links":{"self":[{"href":"https:\/\/www.budream.com\/fr\/wp-json\/wp\/v2\/product\/132967","targetHints":{"allow":["GET"]}}],"collection":[{"href":"https:\/\/www.budream.com\/fr\/wp-json\/wp\/v2\/product"}],"about":[{"href":"https:\/\/www.budream.com\/fr\/wp-json\/wp\/v2\/types\/product"}],"replies":[{"embeddable":true,"href":"https:\/\/www.budream.com\/fr\/wp-json\/wp\/v2\/comments?post=132967"}],"version-history":[{"count":0,"href":"https:\/\/www.budream.com\/fr\/wp-json\/wp\/v2\/product\/132967\/revisions"}],"wp:featuredmedia":[{"embeddable":true,"href":"https:\/\/www.budream.com\/fr\/wp-json\/wp\/v2\/media\/132962"}],"wp:attachment":[{"href":"https:\/\/www.budream.com\/fr\/wp-json\/wp\/v2\/media?parent=132967"}],"wp:term":[{"taxonomy":"product_brand","embeddable":true,"href":"https:\/\/www.budream.com\/fr\/wp-json\/wp\/v2\/product_brand?post=132967"},{"taxonomy":"product_cat","embeddable":true,"href":"https:\/\/www.budream.com\/fr\/wp-json\/wp\/v2\/product_cat?post=132967"},{"taxonomy":"product_tag","embeddable":true,"href":"https:\/\/www.budream.com\/fr\/wp-json\/wp\/v2\/product_tag?post=132967"}],"curies":[{"name":"wp","href":"https:\/\/api.w.org\/{rel}","templated":true}]}}