{"id":133139,"date":"2025-07-31T00:51:03","date_gmt":"2025-07-30T22:51:03","guid":{"rendered":"https:\/\/www.budream.com\/shop\/puffco-proxy-3d-chamber-replacement\/"},"modified":"2025-12-22T23:33:50","modified_gmt":"2025-12-22T21:33:50","slug":"puffco-proxy-3d-chamber-replacement","status":"publish","type":"product","link":"https:\/\/www.budream.com\/fr\/shop\/puffco-proxy-3d-chamber-replacement\/","title":{"rendered":"PUFFCO &#8211; PROXY 3D CHAMBER (REPLACEMENT)"},"content":{"rendered":"<p class=\"p1\">La chambre Puffco est enti\u00e8rement amovible du tuyau Proxy et est compatible avec une large gamme d&rsquo;accessoires, tels que le Proxy Bub (filtre \u00e0 eau suppl\u00e9mentaire) et diverses extensions de brasero et de chambre.<\/p>\n<p>La chambre PROXY 3D de PUFFCO est une avanc\u00e9e innovante dans la technologie de chauffage pour le vapotage.<\/p>\n<p>Elle comporte des traceurs de chauffage int\u00e9gr\u00e9s dans le bol en c\u00e9ramique qui permettent \u00e0 l&rsquo;huile de se vaporiser sur les parois lat\u00e9rales plut\u00f4t qu&rsquo;au fond pendant l&rsquo;inhalation, afin de pr\u00e9server la qualit\u00e9 de l&rsquo;huile, de garantir un hit r\u00e9gulier et d&rsquo;amplifier les ar\u00f4mes. Les avantages de cette invention sont une grande efficacit\u00e9, une qualit\u00e9 de go\u00fbt intensifi\u00e9e et un contr\u00f4le constant de la temp\u00e9rature.<\/p>\n<p><strong>AVERTISSEMENT : La<\/strong> chambre PROXY 3D ne peut \u00eatre d\u00e9mont\u00e9e sous peine de se briser. Nettoyez-la en la trempant dans de l&rsquo;alcool ISO 99%.<\/p>\n","protected":false},"excerpt":{"rendered":"<p>La chambre Puffco est enti\u00e8rement amovible du tuyau Proxy et est compatible avec une large gamme d&rsquo;accessoires, tels que le<\/p>\n","protected":false},"featured_media":133100,"comment_status":"open","ping_status":"closed","template":"","meta":[],"product_brand":[],"product_cat":[7910],"product_tag":[],"class_list":{"0":"post-133139","1":"product","2":"type-product","3":"status-publish","4":"has-post-thumbnail","6":"product_cat-vaporisateurs","8":"first","9":"instock","10":"sale","11":"taxable","12":"shipping-taxable","13":"purchasable","14":"product-type-simple"},"_links":{"self":[{"href":"https:\/\/www.budream.com\/fr\/wp-json\/wp\/v2\/product\/133139","targetHints":{"allow":["GET"]}}],"collection":[{"href":"https:\/\/www.budream.com\/fr\/wp-json\/wp\/v2\/product"}],"about":[{"href":"https:\/\/www.budream.com\/fr\/wp-json\/wp\/v2\/types\/product"}],"replies":[{"embeddable":true,"href":"https:\/\/www.budream.com\/fr\/wp-json\/wp\/v2\/comments?post=133139"}],"version-history":[{"count":0,"href":"https:\/\/www.budream.com\/fr\/wp-json\/wp\/v2\/product\/133139\/revisions"}],"wp:featuredmedia":[{"embeddable":true,"href":"https:\/\/www.budream.com\/fr\/wp-json\/wp\/v2\/media\/133100"}],"wp:attachment":[{"href":"https:\/\/www.budream.com\/fr\/wp-json\/wp\/v2\/media?parent=133139"}],"wp:term":[{"taxonomy":"product_brand","embeddable":true,"href":"https:\/\/www.budream.com\/fr\/wp-json\/wp\/v2\/product_brand?post=133139"},{"taxonomy":"product_cat","embeddable":true,"href":"https:\/\/www.budream.com\/fr\/wp-json\/wp\/v2\/product_cat?post=133139"},{"taxonomy":"product_tag","embeddable":true,"href":"https:\/\/www.budream.com\/fr\/wp-json\/wp\/v2\/product_tag?post=133139"}],"curies":[{"name":"wp","href":"https:\/\/api.w.org\/{rel}","templated":true}]}}