{"id":133169,"date":"2025-07-31T00:51:35","date_gmt":"2025-07-30T22:51:35","guid":{"rendered":"https:\/\/www.budream.com\/shop\/rum3d-grindo-grinder-100-bio-o-7cm\/"},"modified":"2026-03-24T13:51:52","modified_gmt":"2026-03-24T11:51:52","slug":"rum3d-grindo-grinder-100-bio-o-7cm","status":"publish","type":"product","link":"https:\/\/www.budream.com\/fr\/shop\/rum3d-grindo-grinder-100-bio-o-7cm\/","title":{"rendered":"RUM3D &#8211; GRIND\u00d2 GRINDER 100% BIO | \u00d8 7cm"},"content":{"rendered":"<p>L&rsquo;\u00e9volution est imprim\u00e9e en 3D ! Nous sommes fiers de pr\u00e9senter Grindo&rsquo;, le grinder 3D sign\u00e9 RUM3D, une \u0153uvre d&rsquo;art technologique fabriqu\u00e9e en Italie qui red\u00e9finit le style et la durabilit\u00e9. Fabriqu\u00e9 en PLA, un bioplastique compostable d\u00e9riv\u00e9 du ma\u00efs, ce chef-d&rsquo;\u0153uvre est la synth\u00e8se parfaite de la force et de la l\u00e9g\u00e8ret\u00e9.<\/p>\n<p>Grindo&rsquo; et Grindo&rsquo; Max, disponibles pour r\u00e9pondre \u00e0 vos besoins de broyage avec un style inimitable !<\/p>\n<p><iframe loading=\"lazy\" src=\"https:\/\/www.youtube.com\/embed\/tjraqmjjpTk?si=EPVU-Mesx1bT6jdQ\" width=\"560\" height=\"315\" frameborder=\"0\" allowfullscreen=\"allowfullscreen\"><\/iframe><\/p>\n<h2><span style=\"text-decoration: underline\"><strong>Les caract\u00e9ristiques de Grind&ograve; Rum3d :<\/strong><\/span><\/h2>\n<ul style=\"list-style-type: disc\">\n<li><strong>Diam\u00e8tre : <\/strong>7 cm<\/li>\n<li><strong>Hauteur : <\/strong>7,5 cm<\/li>\n<li><strong>Mat\u00e9riau :<\/strong> bioplastique compostable<\/li>\n<\/ul>\n<p><a href=\"http:\/\/www.dutch-passion.nl\/it\/\" target=\"_blank\" rel=\"noopener noreferrer nofollow\"><br \/><\/a><\/p>\n<div><\/div>\n","protected":false},"excerpt":{"rendered":"<p>L&rsquo;\u00e9volution est imprim\u00e9e en 3D ! Nous sommes fiers de pr\u00e9senter Grindo&rsquo;, le grinder 3D sign\u00e9 RUM3D, une \u0153uvre d&rsquo;art<\/p>\n","protected":false},"featured_media":133144,"comment_status":"open","ping_status":"closed","template":"","meta":[],"product_brand":[],"product_cat":[7949],"product_tag":[],"class_list":{"0":"post-133169","1":"product","2":"type-product","3":"status-publish","4":"has-post-thumbnail","6":"product_cat-headshop-fr","8":"first","9":"instock","10":"taxable","11":"shipping-taxable","12":"purchasable","13":"product-type-simple"},"aioseo_notices":[],"_links":{"self":[{"href":"https:\/\/www.budream.com\/fr\/wp-json\/wp\/v2\/product\/133169","targetHints":{"allow":["GET"]}}],"collection":[{"href":"https:\/\/www.budream.com\/fr\/wp-json\/wp\/v2\/product"}],"about":[{"href":"https:\/\/www.budream.com\/fr\/wp-json\/wp\/v2\/types\/product"}],"replies":[{"embeddable":true,"href":"https:\/\/www.budream.com\/fr\/wp-json\/wp\/v2\/comments?post=133169"}],"version-history":[{"count":0,"href":"https:\/\/www.budream.com\/fr\/wp-json\/wp\/v2\/product\/133169\/revisions"}],"wp:featuredmedia":[{"embeddable":true,"href":"https:\/\/www.budream.com\/fr\/wp-json\/wp\/v2\/media\/133144"}],"wp:attachment":[{"href":"https:\/\/www.budream.com\/fr\/wp-json\/wp\/v2\/media?parent=133169"}],"wp:term":[{"taxonomy":"product_brand","embeddable":true,"href":"https:\/\/www.budream.com\/fr\/wp-json\/wp\/v2\/product_brand?post=133169"},{"taxonomy":"product_cat","embeddable":true,"href":"https:\/\/www.budream.com\/fr\/wp-json\/wp\/v2\/product_cat?post=133169"},{"taxonomy":"product_tag","embeddable":true,"href":"https:\/\/www.budream.com\/fr\/wp-json\/wp\/v2\/product_tag?post=133169"}],"curies":[{"name":"wp","href":"https:\/\/api.w.org\/{rel}","templated":true}]}}