{"id":133309,"date":"2025-07-31T00:59:56","date_gmt":"2025-07-30T22:59:56","guid":{"rendered":"https:\/\/www.budream.com\/shop\/paperhash-feuilles-siliconnees-pour-extraits-moyen-23x18cm-50-feuilles\/"},"modified":"2026-03-03T19:09:45","modified_gmt":"2026-03-03T17:09:45","slug":"paperhash-feuilles-siliconnees-pour-extraits-moyen-23x18cm-50-feuilles","status":"publish","type":"product","link":"https:\/\/www.budream.com\/fr\/shop\/paperhash-feuilles-siliconnees-pour-extraits-moyen-23x18cm-50-feuilles\/","title":{"rendered":"PAPERHASH &#8211; FEUILLES SILICONN\u00c9ES POUR EXTRAITS | MOYEN 23x18cm &#8211; 50 FEUILLES"},"content":{"rendered":"<p><span style=\"color: #212529\"><span style=\"font-family: 'Segoe UI', serif\"><span style=\"font-size: medium\">PaperHash est une feuille transparente sp\u00e9ciale en <strong>polypropyl\u00e8ne de qualit\u00e9 alimentaire<\/strong> qui vous permet de stocker vos hashs et concentr\u00e9s sans perte de terp\u00e8nes.<\/p>\n<p>La version silicon\u00e9e diff\u00e8re de la version standard par une couverture en silicone sur les deux c\u00f4t\u00e9s de la feuille, ce qui la rend plus \u00e9paisse, plus infroissable et 100% anti-adh\u00e9rente. Parfait pour les produits plus collants.<\/span><\/span><\/span><\/p>\n<p><span style=\"color: #212529\"><span style=\"font-family: 'Segoe UI', serif\"><span style=\"font-size: medium\">Contrairement aux papiers de cuisson g\u00e9n\u00e9riques, PaperHash n&rsquo;absorbe pas le produit et facilite la manipulation car il est antiadh\u00e9sif.<\/span><\/span><\/span><\/p>\n<p><span style=\"font-size: medium\"><strong><span style=\"color: #212529\"><span style=\"font-family: 'Segoe UI', serif\">Tailles disponibles :<\/span><\/span><\/strong><\/span><\/p>\n<ul style=\"list-style-type: disc\">\n<li><span style=\"color: #212529\"><span style=\"font-family: 'Segoe UI', serif\"><span style=\"font-size: medium\"><strong>PETIT<\/strong> 100 pi\u00e8ces de 12&times;12 cm<\/span><\/span><\/span><\/li>\n<li><span style=\"color: #212529\"><span style=\"font-family: 'Segoe UI', serif\"><span style=\"font-size: medium\"><strong>MOYEN<\/strong> 50 pi\u00e8ces 23&times;18 cm<\/span><\/span><\/span><\/li>\n<\/ul>\n","protected":false},"excerpt":{"rendered":"<p>PaperHash est une feuille transparente sp\u00e9ciale en polypropyl\u00e8ne de qualit\u00e9 alimentaire qui vous permet de stocker vos hashs et concentr\u00e9s<\/p>\n","protected":false},"featured_media":133304,"comment_status":"open","ping_status":"closed","template":"","meta":[],"product_brand":[],"product_cat":[7949],"product_tag":[],"class_list":{"0":"post-133309","1":"product","2":"type-product","3":"status-publish","4":"has-post-thumbnail","6":"product_cat-headshop-fr","8":"first","9":"instock","10":"taxable","11":"shipping-taxable","12":"purchasable","13":"product-type-simple"},"aioseo_notices":[],"_links":{"self":[{"href":"https:\/\/www.budream.com\/fr\/wp-json\/wp\/v2\/product\/133309","targetHints":{"allow":["GET"]}}],"collection":[{"href":"https:\/\/www.budream.com\/fr\/wp-json\/wp\/v2\/product"}],"about":[{"href":"https:\/\/www.budream.com\/fr\/wp-json\/wp\/v2\/types\/product"}],"replies":[{"embeddable":true,"href":"https:\/\/www.budream.com\/fr\/wp-json\/wp\/v2\/comments?post=133309"}],"version-history":[{"count":0,"href":"https:\/\/www.budream.com\/fr\/wp-json\/wp\/v2\/product\/133309\/revisions"}],"wp:featuredmedia":[{"embeddable":true,"href":"https:\/\/www.budream.com\/fr\/wp-json\/wp\/v2\/media\/133304"}],"wp:attachment":[{"href":"https:\/\/www.budream.com\/fr\/wp-json\/wp\/v2\/media?parent=133309"}],"wp:term":[{"taxonomy":"product_brand","embeddable":true,"href":"https:\/\/www.budream.com\/fr\/wp-json\/wp\/v2\/product_brand?post=133309"},{"taxonomy":"product_cat","embeddable":true,"href":"https:\/\/www.budream.com\/fr\/wp-json\/wp\/v2\/product_cat?post=133309"},{"taxonomy":"product_tag","embeddable":true,"href":"https:\/\/www.budream.com\/fr\/wp-json\/wp\/v2\/product_tag?post=133309"}],"curies":[{"name":"wp","href":"https:\/\/api.w.org\/{rel}","templated":true}]}}