{"id":133334,"date":"2025-07-31T01:02:09","date_gmt":"2025-07-30T23:02:09","guid":{"rendered":"https:\/\/www.budream.com\/shop\/sensi-seeds-research-mandarin-punch-fem-3-graines\/"},"modified":"2025-12-22T14:39:21","modified_gmt":"2025-12-22T12:39:21","slug":"sensi-seeds-research-mandarin-punch-fem-3-graines","status":"publish","type":"product","link":"https:\/\/www.budream.com\/fr\/shop\/sensi-seeds-research-mandarin-punch-fem-3-graines\/","title":{"rendered":"SENSI SEEDS RESEARCH &#8211; MANDARIN PUNCH FEM | 3 GRAINES"},"content":{"rendered":"<div style=\"text-align: justify\">Cette vari\u00e9t\u00e9, d\u00e9velopp\u00e9e par Sensi Seeds, poss\u00e8de un formidable patrimoine g\u00e9n\u00e9tique. Ses origines incluent la White Widow, la Maple Leaf Indica, la NYC Diesel et la Hindu Kush, des esp\u00e8ces tr\u00e8s appr\u00e9ci\u00e9es dans le monde entier.<\/div>\n<p><\/p>\n<h2><strong>Caract\u00e9ristiques Mandarin Punch Fem :<\/strong><\/h2>\n<ul style=\"list-style-type: disc\">\n<li><strong>Genre :<\/strong> Hybride F\u00e9minis\u00e9<\/li>\n<li><strong>G\u00e9notype :<\/strong> 60% Indica \/ 20% Sativa \/ 20 Ruderalis<\/li>\n<li><strong>G\u00e9n\u00e9tique :<\/strong> Maple Leaf Indica x White Widow x NYC Diesel x Hindu Kush<\/li>\n<li><strong>Jours de floraison :<\/strong> 56 &#8211; 63 jours<\/li>\n<\/ul>\n<p><\/p>\n<div style=\"text-align: justify\"><span style=\"font-size: 11pt\"><em><strong>ATTENTION :<\/strong> Les graines de chanvre sont exclues de la notion l\u00e9gale de Cannabis, ce qui signifie qu&rsquo;elles ne doivent pas \u00eatre consid\u00e9r\u00e9es comme une substance stup\u00e9fiante (L. 412 de 1974, art. 1, virgule 1, lett. B ; Convention unique sur les stup\u00e9fiants de New York de 1961 et tableau II du d\u00e9cret minist\u00e9riel 27\/7\/1992). En Italie, la culture du chanvre est interdite (articles 28 et 73 du d\u00e9cret pr\u00e9sidentiel 309\/90), sauf autorisation sp\u00e9ciale (article 17 du d\u00e9cret pr\u00e9sidentiel 309\/90). En l&rsquo;absence d&rsquo;autorisation, les semences ne peuvent \u00eatre utilis\u00e9es qu&rsquo;\u00e0 d&rsquo;autres fins (zootechniques, de collection, etc.). Les semences sont vendues sous r\u00e9serve qu&rsquo;elles ne soient pas utilis\u00e9es par des tiers en contradiction avec la loi.<\/em><\/span><\/div>\n","protected":false},"excerpt":{"rendered":"<p>Cette vari\u00e9t\u00e9, d\u00e9velopp\u00e9e par Sensi Seeds, poss\u00e8de un formidable patrimoine g\u00e9n\u00e9tique. Ses origines incluent la White Widow, la Maple Leaf<\/p>\n","protected":false},"featured_media":197443,"comment_status":"open","ping_status":"closed","template":"","meta":[],"product_brand":[],"product_cat":[7951],"product_tag":[],"class_list":{"0":"post-133334","1":"product","2":"type-product","3":"status-publish","4":"has-post-thumbnail","6":"product_cat-magasin-de-graines","8":"first","9":"instock","10":"sale","11":"taxable","12":"shipping-taxable","13":"purchasable","14":"product-type-simple"},"aioseo_notices":[],"_links":{"self":[{"href":"https:\/\/www.budream.com\/fr\/wp-json\/wp\/v2\/product\/133334","targetHints":{"allow":["GET"]}}],"collection":[{"href":"https:\/\/www.budream.com\/fr\/wp-json\/wp\/v2\/product"}],"about":[{"href":"https:\/\/www.budream.com\/fr\/wp-json\/wp\/v2\/types\/product"}],"replies":[{"embeddable":true,"href":"https:\/\/www.budream.com\/fr\/wp-json\/wp\/v2\/comments?post=133334"}],"version-history":[{"count":0,"href":"https:\/\/www.budream.com\/fr\/wp-json\/wp\/v2\/product\/133334\/revisions"}],"wp:featuredmedia":[{"embeddable":true,"href":"https:\/\/www.budream.com\/fr\/wp-json\/wp\/v2\/media\/197443"}],"wp:attachment":[{"href":"https:\/\/www.budream.com\/fr\/wp-json\/wp\/v2\/media?parent=133334"}],"wp:term":[{"taxonomy":"product_brand","embeddable":true,"href":"https:\/\/www.budream.com\/fr\/wp-json\/wp\/v2\/product_brand?post=133334"},{"taxonomy":"product_cat","embeddable":true,"href":"https:\/\/www.budream.com\/fr\/wp-json\/wp\/v2\/product_cat?post=133334"},{"taxonomy":"product_tag","embeddable":true,"href":"https:\/\/www.budream.com\/fr\/wp-json\/wp\/v2\/product_tag?post=133334"}],"curies":[{"name":"wp","href":"https:\/\/api.w.org\/{rel}","templated":true}]}}