{"id":133454,"date":"2025-07-31T01:07:06","date_gmt":"2025-07-30T23:07:06","guid":{"rendered":"https:\/\/www.budream.com\/shop\/puffco-new-plus-pearl-vaporisateur\/"},"modified":"2025-12-29T12:43:54","modified_gmt":"2025-12-29T10:43:54","slug":"puffco-new-plus-pearl-vaporisateur","status":"publish","type":"product","link":"https:\/\/www.budream.com\/fr\/shop\/puffco-new-plus-pearl-vaporisateur\/","title":{"rendered":"PUFFCO &#8211; NEW PLUS PEARL | VAPORISATEUR"},"content":{"rendered":"<p><strong>C&rsquo;est avec le Puffco New Plus que tout commence. <\/strong><br \/>Ce stylo portable tout-en-un prim\u00e9 a \u00e9t\u00e9 mis \u00e0 jour pour qu&rsquo;il soit plus facile que jamais de consommer des concentr\u00e9s n&rsquo;importe o\u00f9. <br \/>L&#8217;embout buccal abrite <strong>le Dart<\/strong>, un outil de chargement extensible qui s&rsquo;ins\u00e8re dans la chambre en c\u00e9ramique pour vous offrir une exp\u00e9rience douce, discr\u00e8te et savoureuse. <br \/>La <strong>batterie 510<\/strong> est dot\u00e9e d&rsquo;un bouton qui offre un maintien de chaleur standard, un mode Sesh et trois r\u00e9glages de chaleur de pr\u00e9cision. Il n&rsquo;y a pas de meilleure fa\u00e7on de commencer \u00e0 explorer le monde des concentr\u00e9s.<\/p>\n<h2>Puffco New Plus : Le Dart<\/h2>\n<p>Contenue dans l&#8217;embout Plus, la fl\u00e9chette extensible se connecte directement \u00e0 la chambre pour rendre le chargement simple et sans probl\u00e8me. \u00c9maill\u00e9 et remodel\u00e9 avec un flux d&rsquo;air am\u00e9lior\u00e9 pour une meilleure vaporisation.<\/p>\n<h2>Puffco New Plus : La chambre<\/h2>\n<p>La poign\u00e9e en silicone int\u00e9gr\u00e9e permet \u00e0 vos doigts de rester au frais lorsque la chambre en c\u00e9ramique chauffe.<\/p>\n<h2>Puffco New Plus : La batterie 510<\/h2>\n<p>Une batterie, plusieurs modes. R\u00e9glages de chaleur faible, moyenne et \u00e9lev\u00e9e. Hold-to-heat et mode Sesh standard : double-clic pour un cycle de chauffe de 12 secondes afin de ne pas avoir \u00e0 maintenir le bouton enfonc\u00e9.<\/p>\n<h2>Puffco New Plus inclus dans la bo\u00eete :<\/h2>\n<ul style=\"list-style-type: disc\">\n<li>Embout<\/li>\n<li>Fl\u00e9chette<\/li>\n<li>Chambre + poign\u00e9e<\/li>\n<li>Batterie 510<\/li>\n<li>Chargeur<\/li>\n<li>Coton-tiges<\/li>\n<\/ul>\n","protected":false},"excerpt":{"rendered":"<p>C&rsquo;est avec le Puffco New Plus que tout commence. Ce stylo portable tout-en-un prim\u00e9 a \u00e9t\u00e9 mis \u00e0 jour pour<\/p>\n","protected":false},"featured_media":133434,"comment_status":"open","ping_status":"closed","template":"","meta":[],"product_brand":[],"product_cat":[7910],"product_tag":[],"class_list":{"0":"post-133454","1":"product","2":"type-product","3":"status-publish","4":"has-post-thumbnail","6":"product_cat-vaporisateurs","8":"first","9":"instock","10":"sale","11":"taxable","12":"shipping-taxable","13":"purchasable","14":"product-type-simple"},"aioseo_notices":[],"_links":{"self":[{"href":"https:\/\/www.budream.com\/fr\/wp-json\/wp\/v2\/product\/133454","targetHints":{"allow":["GET"]}}],"collection":[{"href":"https:\/\/www.budream.com\/fr\/wp-json\/wp\/v2\/product"}],"about":[{"href":"https:\/\/www.budream.com\/fr\/wp-json\/wp\/v2\/types\/product"}],"replies":[{"embeddable":true,"href":"https:\/\/www.budream.com\/fr\/wp-json\/wp\/v2\/comments?post=133454"}],"version-history":[{"count":0,"href":"https:\/\/www.budream.com\/fr\/wp-json\/wp\/v2\/product\/133454\/revisions"}],"wp:featuredmedia":[{"embeddable":true,"href":"https:\/\/www.budream.com\/fr\/wp-json\/wp\/v2\/media\/133434"}],"wp:attachment":[{"href":"https:\/\/www.budream.com\/fr\/wp-json\/wp\/v2\/media?parent=133454"}],"wp:term":[{"taxonomy":"product_brand","embeddable":true,"href":"https:\/\/www.budream.com\/fr\/wp-json\/wp\/v2\/product_brand?post=133454"},{"taxonomy":"product_cat","embeddable":true,"href":"https:\/\/www.budream.com\/fr\/wp-json\/wp\/v2\/product_cat?post=133454"},{"taxonomy":"product_tag","embeddable":true,"href":"https:\/\/www.budream.com\/fr\/wp-json\/wp\/v2\/product_tag?post=133454"}],"curies":[{"name":"wp","href":"https:\/\/api.w.org\/{rel}","templated":true}]}}