{"id":133694,"date":"2025-07-31T01:19:32","date_gmt":"2025-07-30T23:19:32","guid":{"rendered":"https:\/\/www.budream.com\/shop\/phonix-alimentation-de-remplacement-phonix-mse75-max-600-ma\/"},"modified":"2026-03-10T14:41:54","modified_gmt":"2026-03-10T12:41:54","slug":"phonix-alimentation-de-remplacement-phonix-mse75-max-600-ma","status":"publish","type":"product","link":"https:\/\/www.budream.com\/fr\/shop\/phonix-alimentation-de-remplacement-phonix-mse75-max-600-ma\/","title":{"rendered":"PH\u00d6NIX &#8211; ALIMENTATION DE REMPLACEMENT PH\u00d6NIX MSE75 | MAX 600 mA"},"content":{"rendered":"<p>Alimentation avec tension r\u00e9glable (3 \u00e0 12 V) et 6 adaptateurs de connexion inclus.<br \/>MAX 600 mA<br \/>Remplacement pour <a href=\"https:\/\/www.indoorline.com\/phonix-estrattore-a-secco-di-pollini-mse75-capacita-75gr.html\">MSE75150 DRY HEMP EXTRACTOR MSE75<\/a> <a class=\"detail\"><\/p>\n<p>ATTENTION : Cette alimentation ne fonctionne qu&rsquo;avec le <\/a><a href=\"https:\/\/www.indoorline.com\/phonix-estrattore-a-secco-di-pollini-mse75-capacita-75gr.html\">MSE75150<\/a><strong><a class=\"detail\"> et ne fonctionne pas avec les autres mod\u00e8les.<\/a><\/strong><\/p>\n","protected":false},"excerpt":{"rendered":"<p>Alimentation avec tension r\u00e9glable (3 \u00e0 12 V) et 6 adaptateurs de connexion inclus.MAX 600 mARemplacement pour MSE75150 DRY HEMP<\/p>\n","protected":false},"featured_media":133684,"comment_status":"open","ping_status":"closed","template":"","meta":[],"product_brand":[],"product_cat":[7949],"product_tag":[],"class_list":{"0":"post-133694","1":"product","2":"type-product","3":"status-publish","4":"has-post-thumbnail","6":"product_cat-headshop-fr","8":"first","9":"instock","10":"taxable","11":"shipping-taxable","12":"purchasable","13":"product-type-simple"},"aioseo_notices":[],"_links":{"self":[{"href":"https:\/\/www.budream.com\/fr\/wp-json\/wp\/v2\/product\/133694","targetHints":{"allow":["GET"]}}],"collection":[{"href":"https:\/\/www.budream.com\/fr\/wp-json\/wp\/v2\/product"}],"about":[{"href":"https:\/\/www.budream.com\/fr\/wp-json\/wp\/v2\/types\/product"}],"replies":[{"embeddable":true,"href":"https:\/\/www.budream.com\/fr\/wp-json\/wp\/v2\/comments?post=133694"}],"version-history":[{"count":0,"href":"https:\/\/www.budream.com\/fr\/wp-json\/wp\/v2\/product\/133694\/revisions"}],"wp:featuredmedia":[{"embeddable":true,"href":"https:\/\/www.budream.com\/fr\/wp-json\/wp\/v2\/media\/133684"}],"wp:attachment":[{"href":"https:\/\/www.budream.com\/fr\/wp-json\/wp\/v2\/media?parent=133694"}],"wp:term":[{"taxonomy":"product_brand","embeddable":true,"href":"https:\/\/www.budream.com\/fr\/wp-json\/wp\/v2\/product_brand?post=133694"},{"taxonomy":"product_cat","embeddable":true,"href":"https:\/\/www.budream.com\/fr\/wp-json\/wp\/v2\/product_cat?post=133694"},{"taxonomy":"product_tag","embeddable":true,"href":"https:\/\/www.budream.com\/fr\/wp-json\/wp\/v2\/product_tag?post=133694"}],"curies":[{"name":"wp","href":"https:\/\/api.w.org\/{rel}","templated":true}]}}