{"id":133699,"date":"2025-07-31T01:19:58","date_gmt":"2025-07-30T23:19:58","guid":{"rendered":"https:\/\/www.budream.com\/shop\/phonix-dry-extractor-spare-power-supply-phonix-max-1000-ma\/"},"modified":"2025-12-22T23:26:11","modified_gmt":"2025-12-22T21:26:11","slug":"phonix-dry-extractor-spare-power-supply-phonix-max-1000-ma","status":"publish","type":"product","link":"https:\/\/www.budream.com\/fr\/shop\/phonix-dry-extractor-spare-power-supply-phonix-max-1000-ma\/","title":{"rendered":"PH\u00d6NIX &#8211; DRY EXTRACTOR SPARE POWER SUPPLY PH\u00d6NIX | MAX 1000 mA"},"content":{"rendered":"<p>Alimentation avec tension r\u00e9glable (3 \u00e0 12 V) et 6 adaptateurs de connexion inclus.<br \/>MAX 1000 mA <\/p>\n<p>Remplace les mod\u00e8les <a href=\"https:\/\/www.indoorline.com\/phonix-original\/p267\/phonix-estrattore-a-secco-di-pollini.html\">MSE150150, MSE300150, MSE400150, MSE550150<\/a>.<\/p>\n<p>ATTENTION : Ce bloc d&rsquo;alimentation <strong>ne<\/strong> fonctionne <strong>pas<\/strong> avec l&rsquo;extracteur sec MSE75150 PH&Ouml;NIX 75gr.<\/p>\n","protected":false},"excerpt":{"rendered":"<p>Alimentation avec tension r\u00e9glable (3 \u00e0 12 V) et 6 adaptateurs de connexion inclus.MAX 1000 mA Remplace les mod\u00e8les MSE150150,<\/p>\n","protected":false},"featured_media":133684,"comment_status":"open","ping_status":"closed","template":"","meta":[],"product_brand":[],"product_cat":[7949],"product_tag":[],"class_list":{"0":"post-133699","1":"product","2":"type-product","3":"status-publish","4":"has-post-thumbnail","6":"product_cat-headshop-fr","8":"first","9":"instock","10":"taxable","11":"shipping-taxable","12":"purchasable","13":"product-type-simple"},"aioseo_notices":[],"_links":{"self":[{"href":"https:\/\/www.budream.com\/fr\/wp-json\/wp\/v2\/product\/133699","targetHints":{"allow":["GET"]}}],"collection":[{"href":"https:\/\/www.budream.com\/fr\/wp-json\/wp\/v2\/product"}],"about":[{"href":"https:\/\/www.budream.com\/fr\/wp-json\/wp\/v2\/types\/product"}],"replies":[{"embeddable":true,"href":"https:\/\/www.budream.com\/fr\/wp-json\/wp\/v2\/comments?post=133699"}],"version-history":[{"count":0,"href":"https:\/\/www.budream.com\/fr\/wp-json\/wp\/v2\/product\/133699\/revisions"}],"wp:featuredmedia":[{"embeddable":true,"href":"https:\/\/www.budream.com\/fr\/wp-json\/wp\/v2\/media\/133684"}],"wp:attachment":[{"href":"https:\/\/www.budream.com\/fr\/wp-json\/wp\/v2\/media?parent=133699"}],"wp:term":[{"taxonomy":"product_brand","embeddable":true,"href":"https:\/\/www.budream.com\/fr\/wp-json\/wp\/v2\/product_brand?post=133699"},{"taxonomy":"product_cat","embeddable":true,"href":"https:\/\/www.budream.com\/fr\/wp-json\/wp\/v2\/product_cat?post=133699"},{"taxonomy":"product_tag","embeddable":true,"href":"https:\/\/www.budream.com\/fr\/wp-json\/wp\/v2\/product_tag?post=133699"}],"curies":[{"name":"wp","href":"https:\/\/api.w.org\/{rel}","templated":true}]}}