{"id":133714,"date":"2025-07-31T01:20:38","date_gmt":"2025-07-30T23:20:38","guid":{"rendered":"https:\/\/www.budream.com\/shop\/purize-filtres-a-charbon-actif-xtra-slim-tyson-2-0-33pcs-purize-pipe-replacement\/"},"modified":"2026-05-13T17:00:36","modified_gmt":"2026-05-13T15:00:36","slug":"purize-filtres-a-charbon-actif-xtra-slim-tyson-2-0-33pcs-purize-pipe-replacement","status":"publish","type":"product","link":"https:\/\/www.budream.com\/fr\/shop\/purize-filtres-a-charbon-actif-xtra-slim-tyson-2-0-33pcs-purize-pipe-replacement\/","title":{"rendered":"PURIZE &#8211; FILTRES \u00c0 CHARBON ACTIF | XTRA SLIM &#8211; TYSON 2.0 33PCS | PURIZE PIPE REPLACEMENT"},"content":{"rendered":"<p>Purize sont des filtres de remplacement pour les pipes.<\/p>\n<p>Le charbon actif \u00e0 base de noix de coco r\u00e9duit consid\u00e9rablement l&rsquo;absorption de <strong>substances nocives<\/strong>.<br \/>Les filtres \u00e0 charbon actif conviennent \u00e0 TOUS les types de consommation !<\/p>\n<p>Les filtres PURIZE&reg; sont <strong>100 % biod\u00e9gradables<\/strong>, respectueux de l&rsquo;environnement et \u00ab\u00a0Made in Germany\u00a0\u00bb.<\/p>\n<p>Les deux bouchons \u00e9tant en <strong>c\u00e9ramique<\/strong>, il n&rsquo;y a pas de sens d&rsquo;insertion ou de vissage.<\/p>\n<p>Les filtres<strong> Purize Xtra Slim Tyson 2.0 sont<\/strong>livr\u00e9s dans un sachet plastique refermable de 33 pi\u00e8ces.<\/p>\n<h2><span style=\"text-decoration: underline\">Avantages Les filtres \u00e0 charbon actif Purize Xtra Slim :<\/span><\/h2>\n<ul style=\"list-style-type: disc\">\n<li>r\u00e9duction des polluants ;<\/li>\n<li>Produit naturel et durable ;<\/li>\n<li>100% biod\u00e9gradable ;<\/li>\n<\/ul>\n<h2><span style=\"text-decoration: underline\">Caract\u00e9ristiques des filtres \u00e0 charbon actif Purize <\/span><span style=\"text-decoration: underline\">Xtra Slim<\/span>:<\/h2>\n<ul style=\"list-style-type: disc\">\n<li>Taille du filtre : &oslash; 5,9 mm x 26,9 mm ;<\/li>\n<li>Contenu : charbon actif \u00e0 base de noix de coco ;<\/li>\n<li>Couleur : Tyson 2.0 ;<\/li>\n<li>Quantit\u00e9 : 33 pi\u00e8ces ;<\/li>\n<li>Type d&#8217;emballage : pot en verre ;<\/li>\n<\/ul>\n","protected":false},"excerpt":{"rendered":"<p>Purize sont des filtres de remplacement pour les pipes. Le charbon actif \u00e0 base de noix de coco r\u00e9duit consid\u00e9rablement<\/p>\n","protected":false},"featured_media":133704,"comment_status":"open","ping_status":"closed","template":"","meta":[],"product_brand":[],"product_cat":[7949],"product_tag":[],"class_list":{"0":"post-133714","1":"product","2":"type-product","3":"status-publish","4":"has-post-thumbnail","6":"product_cat-headshop-fr","8":"first","9":"instock","10":"taxable","11":"shipping-taxable","12":"purchasable","13":"product-type-simple"},"aioseo_notices":[],"_links":{"self":[{"href":"https:\/\/www.budream.com\/fr\/wp-json\/wp\/v2\/product\/133714","targetHints":{"allow":["GET"]}}],"collection":[{"href":"https:\/\/www.budream.com\/fr\/wp-json\/wp\/v2\/product"}],"about":[{"href":"https:\/\/www.budream.com\/fr\/wp-json\/wp\/v2\/types\/product"}],"replies":[{"embeddable":true,"href":"https:\/\/www.budream.com\/fr\/wp-json\/wp\/v2\/comments?post=133714"}],"version-history":[{"count":1,"href":"https:\/\/www.budream.com\/fr\/wp-json\/wp\/v2\/product\/133714\/revisions"}],"predecessor-version":[{"id":270822,"href":"https:\/\/www.budream.com\/fr\/wp-json\/wp\/v2\/product\/133714\/revisions\/270822"}],"wp:featuredmedia":[{"embeddable":true,"href":"https:\/\/www.budream.com\/fr\/wp-json\/wp\/v2\/media\/133704"}],"wp:attachment":[{"href":"https:\/\/www.budream.com\/fr\/wp-json\/wp\/v2\/media?parent=133714"}],"wp:term":[{"taxonomy":"product_brand","embeddable":true,"href":"https:\/\/www.budream.com\/fr\/wp-json\/wp\/v2\/product_brand?post=133714"},{"taxonomy":"product_cat","embeddable":true,"href":"https:\/\/www.budream.com\/fr\/wp-json\/wp\/v2\/product_cat?post=133714"},{"taxonomy":"product_tag","embeddable":true,"href":"https:\/\/www.budream.com\/fr\/wp-json\/wp\/v2\/product_tag?post=133714"}],"curies":[{"name":"wp","href":"https:\/\/api.w.org\/{rel}","templated":true}]}}