{"id":133874,"date":"2025-07-31T01:26:41","date_gmt":"2025-07-30T23:26:41","guid":{"rendered":"https:\/\/www.budream.com\/shop\/master-products-mx-ice-200-lite\/"},"modified":"2026-04-01T11:03:02","modified_gmt":"2026-04-01T09:03:02","slug":"master-products-mx-ice-200-lite","status":"publish","type":"product","link":"https:\/\/www.budream.com\/fr\/shop\/master-products-mx-ice-200-lite\/","title":{"rendered":"MASTER PRODUCTS &#8211; MX ICE 200 LiTE"},"content":{"rendered":"<p><strong>Syst\u00e8me d&rsquo;extraction de glace sans solvant.<\/strong><\/p>\n<p>Le MX ICE 200 LiTE est sp\u00e9cialement con\u00e7u pour r\u00e9pondre aux besoins des cultivateurs et de ceux qui, comme vous, recherchent des syst\u00e8mes d&rsquo;extraction faciles \u00e0 utiliser, simples et abordables.<\/p>\n<p>Gr\u00e2ce \u00e0 sa technologie innovante, il isole les trichomes glandulaires pour produire une r\u00e9sine de haute qualit\u00e9, mieux connue sous le nom de<em>\u00ab\u00a0bubble hash\u00a0\u00bb<\/em>. Il utilise une m\u00e9thode naturelle, sans avoir recours \u00e0 des solvants chimiques, ce qui garantit un produit final de qualit\u00e9 optimale.<\/p>\n<p>Con\u00e7u pour \u00eatre utilis\u00e9 par une seule personne, le MX ICE 200 LiTE automatise et simplifie au maximum le processus d&rsquo;extraction du haschisch, de mani\u00e8re simple et efficace.<\/p>\n<p>L&rsquo;extracteur MX ICE 200 LiTE est con\u00e7u pour offrir un maximum de confort et de facilit\u00e9 d&rsquo;utilisation \u00e0 tous les types d&rsquo;utilisateurs, des d\u00e9butants aux experts.<\/p>\n<p>Il est fabriqu\u00e9 en acier inoxydable de haute qualit\u00e9, le mat\u00e9riau le plus appropri\u00e9 pour le traitement des fleurs, en raison de sa faible porosit\u00e9 et de sa facilit\u00e9 de nettoyage et d&rsquo;entretien. Les deux r\u00e9servoirs sont \u00e9quip\u00e9s d&rsquo;une couche isolante qui garantit une temp\u00e9rature homog\u00e8ne et r\u00e9guli\u00e8re tout au long du traitement.<\/p>\n<p>En outre, le MX ICE 200 LiTE est \u00e9quip\u00e9 d&rsquo;une chambre de s\u00e9curit\u00e9 en acier inoxydable strat\u00e9giquement plac\u00e9e au fond de la cuve d&rsquo;extraction, <strong>con\u00e7ue pour pr\u00e9server et prot\u00e9ger les pr\u00e9cieux trichomes pendant le processus de brassage, en \u00e9vitant leur dispersion et en garantissant l&rsquo;int\u00e9grit\u00e9 de l&rsquo;extraction.<br \/><\/strong><\/p>\n<h2><span style=\"text-decoration: underline\"><strong>Caract\u00e9ristiques MX Ice 200 Lite Master Products :<\/strong><\/span><\/h2>\n<ul style=\"list-style-type: disc\">\n<li>2 r\u00e9servoirs (extraction et collecte), isol\u00e9s avec des couvercles en n\u00e9opr\u00e8ne.<\/li>\n<li>Panneau de commande m\u00e9canique super-intuitif, avec contr\u00f4le de la vitesse, changement du sens d&rsquo;\u00e9coulement de l&rsquo;eau et minuterie.<\/li>\n<li>Thermom\u00e8tre inclus, pour un meilleur contr\u00f4le de la temp\u00e9rature.<\/li>\n<li>Chambre de s\u00e9curit\u00e9 innovante, qui pr\u00e9serve et prot\u00e8ge les trichomes pour des r\u00e9sultats d&rsquo;extraction optimaux.<\/li>\n<li>Table de support et roues pour une mobilit\u00e9 facile et un plus grand confort de travail.<\/li>\n<li><strong>5 mod\u00e8les de sacs en maille inclus \u00e0 l&rsquo;achat : 25, 73, 120, 160 et 220 &mu;m.<\/strong><\/li>\n<\/ul>\n<p><\/p>\n<p>Maintenir votre \u00e9quipement dans un \u00e9tat optimal n&rsquo;a jamais \u00e9t\u00e9 aussi facile qu&rsquo;avec le MX ICE 200 LiTE.<\/p>\n<p>Sa conception permet un d\u00e9montage rapide et sans tracas, ce qui facilite le nettoyage apr\u00e8s chaque utilisation. Avec des pi\u00e8ces facilement accessibles et un processus de nettoyage intuitif, maintenir votre extracteur en parfait \u00e9tat est un jeu d&rsquo;enfant. De plus, sa construction durable et ses mat\u00e9riaux de haute qualit\u00e9 garantissent une longue dur\u00e9e de vie avec un minimum d&rsquo;entretien.<\/p>\n<p><strong>Avec le MX ICE 200 LiTE, vous pouvez \u00eatre s\u00fbr que votre \u00e9quipement sera toujours pr\u00eat \u00e0 fournir des extraits de la plus haute qualit\u00e9.<\/p>\n<p><\/strong><\/p>\n<h2><span style=\"text-decoration: underline\"><strong>Caract\u00e9ristiques techniques MX Ice 200 Lite :<\/strong><\/span><\/h2>\n<ul style=\"list-style-type: disc\">\n<li>Raccordement \u00e9lectrique 230 V 50 Hz<\/li>\n<li>Poids 80 kg<\/li>\n<li>Dimensions de la cuve 50 x 50 x 55 cm<\/li>\n<li>Puissance du moteur 120 W<\/li>\n<li>Mat\u00e9riau de la structure Acier inoxydable<\/li>\n<li>Mat\u00e9riau de la cuve Acier inoxydable<\/li>\n<li>Capacit\u00e9 standard 75 L<\/li>\n<li>R\u00e9gulateur de vitesse Oui<\/li>\n<li>Niveau sonore 70 Db<\/li>\n<li>Certifications CE, RoHS<\/li>\n<li>Garantie 2 ans<\/li>\n<\/ul>\n<p><strong><br \/>Avertissements<\/strong><br \/>Le port de gants et de lunettes de protection est obligatoire \u00e0 tout moment.<br \/>\u00c9vitez tout contact direct des mains (ou d&rsquo;autres parties du corps) avec le gril.<br \/>N&rsquo;utilisez jamais d&rsquo;objets m\u00e9talliques sur le gril et n&rsquo;ins\u00e9rez pas d&rsquo;objets m\u00e9talliques dans le gril, y compris des ciseaux. Ne jamais exercer de pression sur la grille.<\/p>\n<p><strong>NORMALEMENT DISPONIBLE EN 7-10 JOURS OUVRABLES<\/strong><\/p>\n","protected":false},"excerpt":{"rendered":"<p>Syst\u00e8me d&rsquo;extraction de glace sans solvant. Le MX ICE 200 LiTE est sp\u00e9cialement con\u00e7u pour r\u00e9pondre aux besoins des cultivateurs<\/p>\n","protected":false},"featured_media":133839,"comment_status":"open","ping_status":"closed","template":"","meta":[],"product_brand":[],"product_cat":[7949],"product_tag":[],"class_list":{"0":"post-133874","1":"product","2":"type-product","3":"status-publish","4":"has-post-thumbnail","6":"product_cat-headshop-fr","8":"first","9":"instock","10":"taxable","11":"shipping-taxable","12":"purchasable","13":"product-type-simple"},"_links":{"self":[{"href":"https:\/\/www.budream.com\/fr\/wp-json\/wp\/v2\/product\/133874","targetHints":{"allow":["GET"]}}],"collection":[{"href":"https:\/\/www.budream.com\/fr\/wp-json\/wp\/v2\/product"}],"about":[{"href":"https:\/\/www.budream.com\/fr\/wp-json\/wp\/v2\/types\/product"}],"replies":[{"embeddable":true,"href":"https:\/\/www.budream.com\/fr\/wp-json\/wp\/v2\/comments?post=133874"}],"version-history":[{"count":1,"href":"https:\/\/www.budream.com\/fr\/wp-json\/wp\/v2\/product\/133874\/revisions"}],"predecessor-version":[{"id":262021,"href":"https:\/\/www.budream.com\/fr\/wp-json\/wp\/v2\/product\/133874\/revisions\/262021"}],"wp:featuredmedia":[{"embeddable":true,"href":"https:\/\/www.budream.com\/fr\/wp-json\/wp\/v2\/media\/133839"}],"wp:attachment":[{"href":"https:\/\/www.budream.com\/fr\/wp-json\/wp\/v2\/media?parent=133874"}],"wp:term":[{"taxonomy":"product_brand","embeddable":true,"href":"https:\/\/www.budream.com\/fr\/wp-json\/wp\/v2\/product_brand?post=133874"},{"taxonomy":"product_cat","embeddable":true,"href":"https:\/\/www.budream.com\/fr\/wp-json\/wp\/v2\/product_cat?post=133874"},{"taxonomy":"product_tag","embeddable":true,"href":"https:\/\/www.budream.com\/fr\/wp-json\/wp\/v2\/product_tag?post=133874"}],"curies":[{"name":"wp","href":"https:\/\/api.w.org\/{rel}","templated":true}]}}