{"id":133894,"date":"2025-07-31T01:27:13","date_gmt":"2025-07-30T23:27:13","guid":{"rendered":"https:\/\/www.budream.com\/shop\/qnubu-digital-stainless-steel-scale-equal-bowl-max-5-kg-step-1g\/"},"modified":"2026-04-14T15:15:23","modified_gmt":"2026-04-14T13:15:23","slug":"qnubu-digital-stainless-steel-scale-equal-bowl-max-5-kg-step-1g","status":"publish","type":"product","link":"https:\/\/www.budream.com\/fr\/shop\/qnubu-digital-stainless-steel-scale-equal-bowl-max-5-kg-step-1g\/","title":{"rendered":"QNUBU &#8211; DIGITAL STAINLESS STEEL SCALE | EQUAL BOWL &#8211; MAX 5 KG STEP 1G"},"content":{"rendered":"<p>Balance num\u00e9rique Qnubu avec bol en acier inoxydable : pr\u00e9cision et confort dans vos mains, l&rsquo;outil id\u00e9al pour vous. Con\u00e7ue avec des mat\u00e9riaux de haute qualit\u00e9 et dot\u00e9e de fonctions pratiques, cette balance vous offre la pr\u00e9cision et le confort dont vous avez besoin pour obtenir des r\u00e9sultats parfaits \u00e0 chaque mesure.<strong><\/p>\n<p>Une pr\u00e9cision in\u00e9gal\u00e9e pour diverses applications :<\/strong><\/p>\n<p> Avec une plage de poids de 0g \u00e0 5000g, la balance num\u00e9rique Qnubu Equal Bowl est id\u00e9ale pour un large \u00e9ventail d&rsquo;applications. Mesurez avec pr\u00e9cision les ingr\u00e9dients secs, les liquides tels que l&rsquo;eau ou le lait, et tout autre \u00e9l\u00e9ment n\u00e9cessitant une mesure pr\u00e9cise.<\/p>\n<p> <strong>Conception pratique et fonctionnelle :<\/strong><\/p>\n<p> Son bol amovible en acier inoxydable de 1,3 litre facilite grandement l&rsquo;utilisation et le nettoyage. De plus, la balance est dot\u00e9e d&rsquo;une fonction d&rsquo;arr\u00eat automatique apr\u00e8s 5 minutes d&rsquo;inactivit\u00e9, ce qui permet d&rsquo;\u00e9conomiser la batterie et de prolonger sa dur\u00e9e de vie.<\/p>\n<p> <strong>Mat\u00e9riaux de haute qualit\u00e9 :<\/strong><\/p>\n<p> Fabriqu\u00e9e en acier inoxydable pour le bol et la base, la balance num\u00e9rique Qnubu Equal Bowl est solide et durable, garantissant une utilisation sans probl\u00e8me \u00e0 long terme.<\/p>\n<p> <strong>Plus qu&rsquo;une simple balance :<\/strong><\/p>\n<p> La balance num\u00e9rique Qnubu Equal Bowl est un outil polyvalent qui vous aidera \u00e0 maintenir un environnement de travail ordonn\u00e9. Son design compact et \u00e9l\u00e9gant en fait le compl\u00e9ment id\u00e9al de toute cuisine ou atelier.<\/p>\n<p> Ne vous contentez pas de moins, choisissez la pr\u00e9cision et le confort de la balance num\u00e9rique Qnubu Equal Bowl.<\/p>\n<h2><strong>Caract\u00e9ristiques principales Balance Qnubu en acier inoxydable :<\/strong><\/h2>\n<ul style=\"list-style-type: disc\">\n<li>Plage de poids : de 1g \u00e0 5 kg Pas de 1g<\/li>\n<li>Possibilit\u00e9 de mesurer des liquides<\/li>\n<li>Bol amovible en acier inoxydable de 1,3 L<\/li>\n<li>Fonction d&rsquo;arr\u00eat automatique<\/li>\n<li>Fabriqu\u00e9 en acier inoxydable<\/li>\n<li>Design compact et \u00e9l\u00e9gant<\/li>\n<\/ul>\n","protected":false},"excerpt":{"rendered":"<p>Balance num\u00e9rique Qnubu avec bol en acier inoxydable : pr\u00e9cision et confort dans vos mains, l&rsquo;outil id\u00e9al pour vous. Con\u00e7ue<\/p>\n","protected":false},"featured_media":133879,"comment_status":"open","ping_status":"closed","template":"","meta":[],"product_brand":[],"product_cat":[7949],"product_tag":[],"class_list":{"0":"post-133894","1":"product","2":"type-product","3":"status-publish","4":"has-post-thumbnail","6":"product_cat-headshop-fr","8":"first","9":"instock","10":"taxable","11":"shipping-taxable","12":"purchasable","13":"product-type-simple"},"_links":{"self":[{"href":"https:\/\/www.budream.com\/fr\/wp-json\/wp\/v2\/product\/133894","targetHints":{"allow":["GET"]}}],"collection":[{"href":"https:\/\/www.budream.com\/fr\/wp-json\/wp\/v2\/product"}],"about":[{"href":"https:\/\/www.budream.com\/fr\/wp-json\/wp\/v2\/types\/product"}],"replies":[{"embeddable":true,"href":"https:\/\/www.budream.com\/fr\/wp-json\/wp\/v2\/comments?post=133894"}],"version-history":[{"count":1,"href":"https:\/\/www.budream.com\/fr\/wp-json\/wp\/v2\/product\/133894\/revisions"}],"predecessor-version":[{"id":262854,"href":"https:\/\/www.budream.com\/fr\/wp-json\/wp\/v2\/product\/133894\/revisions\/262854"}],"wp:featuredmedia":[{"embeddable":true,"href":"https:\/\/www.budream.com\/fr\/wp-json\/wp\/v2\/media\/133879"}],"wp:attachment":[{"href":"https:\/\/www.budream.com\/fr\/wp-json\/wp\/v2\/media?parent=133894"}],"wp:term":[{"taxonomy":"product_brand","embeddable":true,"href":"https:\/\/www.budream.com\/fr\/wp-json\/wp\/v2\/product_brand?post=133894"},{"taxonomy":"product_cat","embeddable":true,"href":"https:\/\/www.budream.com\/fr\/wp-json\/wp\/v2\/product_cat?post=133894"},{"taxonomy":"product_tag","embeddable":true,"href":"https:\/\/www.budream.com\/fr\/wp-json\/wp\/v2\/product_tag?post=133894"}],"curies":[{"name":"wp","href":"https:\/\/api.w.org\/{rel}","templated":true}]}}