{"id":133954,"date":"2025-07-31T01:30:17","date_gmt":"2025-07-30T23:30:17","guid":{"rendered":"https:\/\/www.budream.com\/shop\/ortoled-s-line-eco-720w-foldable-samsung-professional-bar-light-2-75-%c2%b5mol-j-720w\/"},"modified":"2026-04-22T12:58:01","modified_gmt":"2026-04-22T10:58:01","slug":"ortoled-s-line-eco-720w-foldable-samsung-professional-bar-light-2-75-%c2%b5mol-j-720w","status":"publish","type":"product","link":"https:\/\/www.budream.com\/fr\/shop\/ortoled-s-line-eco-720w-foldable-samsung-professional-bar-light-2-75-%c2%b5mol-j-720w\/","title":{"rendered":"ORTOLED &#8211; S LINE ECO 720W FOLDABLE SAMSUNG PROFESSIONAL BAR LIGHT (2.75 \u00b5mol\/J) | 720W"},"content":{"rendered":"<p>ORTOLED a ajout\u00e9 \u00e0 son catalogue la nouvelle s\u00e9rie de lampes <strong>ORTOLED S LINE FOLDABLE ECO 720W<\/strong><strong> 2.75 umol\/J <\/strong>, qui est parfaite pour les grandes zones de culture dans les groowrooms pour un usage hobby.<strong><br \/><\/strong><br \/>La lampe <strong>ORTOLED S LINE ECO 720W<\/strong><strong> 2,75 umol\/J est <\/strong> un appareil l\u00e9ger et maniable qui produit des niveaux \u00e9lev\u00e9s de <strong>PPF (2011 umol\/s<\/strong><strong>)<\/strong> et une efficacit\u00e9 photonique de <strong>2,75<\/strong><strong> umol\/J <\/strong><strong>recommand\u00e9e pour une surface de 2,4-2,6 m\u00b2.<\/p>\n<p>Construction enti\u00e8rement en aluminium, l\u00e9g\u00e8re et r\u00e9sistante \u00e0 la corrosion.<\/p>\n<p>La lampe<\/strong> <strong>ORTOLED S LINE ECO 720W<\/strong><strong> 2.75 <\/strong><strong> est <\/strong> compos\u00e9e de <strong>Samsung 2376pcs SMD2835 4000K LEDs + 216pcs x 3w SMD35 660nm<\/strong> LEDs et<strong> garantit un <\/strong>rendement lumineux et une p\u00e9n\u00e9tration de la lumi\u00e8re excellents sans surchauffer la partie apicale des plantes.<\/p>\n<p>L&rsquo;<strong>Ortoled S Line ECO 720W <\/strong> est construit \u00e0 partir de 2 alimentations int\u00e9gr\u00e9es avec un syst\u00e8me de haute qualit\u00e9 <strong>LETRON&reg; <\/strong>int\u00e9gr\u00e9 avec un variateur <strong>Ortoled Step Control<\/strong> int\u00e9gr\u00e9 qui permet d&rsquo;ajuster la luminosit\u00e9 par \u00e9tapes de 0-25%-50%-75% et 100% pour s&rsquo;adapter \u00e0 la phase de croissance et de floraison de la plante sans gaspiller d&rsquo;\u00e9lectricit\u00e9.<\/p>\n<p>Le degr\u00e9 de protection est IP65 avec une r\u00e9sine utratransparente qui prot\u00e8ge les diodes afin de maintenir le flux lumineux.<\/p>\n<p><span style=\"font-size: 14pt\"><strong>Spectre agro total<\/strong><\/span><br \/>La combinaison et la coloration des LED install\u00e9es captent toutes les bandes n\u00e9cessaires \u00e0 la plante, garantissant un flux optimal de la croissance \u00e0 la floraison.<\/p>\n<p><img loading=\"lazy\" decoding=\"async\" src=\"https:\/\/www.indoorline.com\/app\/media\/uploads\/wysiwyg\/Spettro%20Ortoled%20S%20Line%20FD.jpg\" alt=\"\" width=\"1064\" height=\"491\" \/><\/p>\n<p><strong><span style=\"font-size: 14pt\"><br \/>Refroidissement statique et syst\u00e8me Sound zero<\/span><br \/><\/strong>La nouvelle technologie <strong>Sound zero<\/strong> con\u00e7ue pour la s\u00e9rie <strong>Ortoled S Line <\/strong>permet une excellente dissipation de la chaleur produite par les LED. Cela signifie que la lampe n&rsquo;a pas besoin d&rsquo;un syst\u00e8me de refroidissement suppl\u00e9mentaire et qu&rsquo;il n&rsquo;y a donc pas de ventilateurs externes. Gr\u00e2ce au syst\u00e8me <strong>Sound zero<\/strong>, le r\u00e9sultat est une lampe performante et extr\u00eamement silencieuse.<\/p>\n<h2><span style=\"text-decoration: underline\"><span class=\"insidetitle\"><strong>Caract\u00e9ristiques techniques Ortoled S LINE ECO 720W 2.75 umol\/J :<\/strong><\/span><\/span><\/h2>\n<ul style=\"list-style-type: disc\">\n<li><strong>Efficacit\u00e9 :<\/strong><strong> 2,75 &micro;mol \/ J<\/strong><\/li>\n<li><strong>PPF : 2011 umol\/s<\/strong><\/li>\n<li><span class=\"insidetitle\">Tension d&rsquo;entr\u00e9e:<\/span>Entr\u00e9e AC : AC210-255V 50\/60 Hz<\/li>\n<li><span class=\"insidetitle\">Consommation \u00e9lectrique :<\/span> 720 W +\/-5%.<\/li>\n<li><span class=\"insidetitle\">Surface \u00e9clairable :<\/span> 2,4-2,6 m2<\/li>\n<li>Distance minimale : 30-60 cm<\/li>\n<li>6 x barres LED<\/li>\n<li>Structure en aluminium<\/li>\n<li><span class=\"insidetitle\">Distribution de la lumi\u00e8re :<\/span> 120<\/li>\n<li><span class=\"insidetitle\">Source lumineuse : <strong>Samsung 2376pcs SMD2835 4000K LED + 216pcs x 3w SMD3535 660nm<\/strong><\/span><\/li>\n<li><span class=\"insidetitle\">Dimmable :<\/span> OFF-25%-50%-75%-100% avec variateur <strong>Ortoled Step Control + contr\u00f4leur externe S Line<\/strong><\/li>\n<li><span class=\"insidetitle\">Poids :<\/span> 8Kg<\/li>\n<li><span class=\"insidetitle\">Dimensions :<\/span> 1100x1100x450 mm<\/li>\n<li><span class=\"insidetitle\">Spectre :<\/span> Total Agro<\/li>\n<li style=\"text-align: left\">\n<div>Temp\u00e9rature de fonctionnement : -20&deg;- 40&deg;<\/div>\n<\/li>\n<li style=\"text-align: left\">\n<div>Contr\u00f4le de la lumi\u00e8re : avec <strong>S Control<\/strong> externe <strong>avec fonction lever\/coucher du soleil<\/strong> ou <strong>Ortoled Step Control<\/strong> int\u00e9gr\u00e9<\/div>\n<\/li>\n<li style=\"text-align: left\">\n<div>Dur\u00e9e de vie : plus de 50 mille heures (d\u00e9croissance +\/- 3% \u00e0 100 mille heures)<\/div>\n<\/li>\n<li style=\"text-align: left\">\n<div>Garantie : 3 ans<\/div>\n<\/li>\n<\/ul>\n<p><\/p>\n<div style=\"text-align: center\"><\/div>\n<h2><span style=\"text-decoration: underline\"><span class=\"insidetitle\"><strong>Articles inclus dans le paquet<\/strong><\/span><\/span><\/h2>\n<ul style=\"list-style-type: disc\">\n<li><i>1 x panneau de LED Ortoled <strong>Sound Zero<\/strong><\/i><\/li>\n<li>6 x barres LED<\/li>\n<li><i>1 x c\u00e2ble d&rsquo;alimentation<\/i><\/li>\n<li><i>1 x C\u00e2ble de commande Cascade\/Control K <\/i><\/li>\n<li><i>2 x Mousquetons pour la suspension<\/i><\/li>\n<li><i>2 x Alimentations int\u00e9gr\u00e9es non isol\u00e9es Letron<\/i><\/li>\n<\/ul>\n<h2><span class=\"insidetitle\"><strong><br \/><span style=\"text-decoration: underline\">Caract\u00e9ristiques principales Ortoled S Line FD 2.75&micro;mol\/J 720W<\/span><br \/><\/strong><\/span><\/h2>\n<ul style=\"list-style-type: disc\">\n<li><strong>Haute efficacit\u00e9<\/strong> 2,75 &micro;mol\/J<\/li>\n<li>Sortie PPF \u00e9lev\u00e9e pour une intensit\u00e9 \u00e9lev\u00e9e de <strong>2011<\/strong><strong> &micro;mol\/s<\/strong> <\/li>\n<li>Pilotes LED<i> <strong>2xLetron 360W de <\/strong><\/i>haute qualit\u00e9 mont\u00e9s dans le bo\u00eetier<\/li>\n<li>Technologie de couverture protectrice avec r\u00e9sine \u00e0 haute transparence<\/li>\n<li>Spectre agro total<\/li>\n<li>Am\u00e9lioration de la diffusion et de l&rsquo;uniformit\u00e9 de la lumi\u00e8re et syst\u00e8me <strong>Sound Zero<\/strong><\/li>\n<li>Conception compacte id\u00e9ale pour une surface de culture minimale de 2,4-2,6 m2<\/li>\n<li>Enti\u00e8rement gradable<\/li>\n<li>Installation facile plug &amp; play<\/li>\n<\/ul>\n<p><strong><br \/><\/strong><\/p>\n","protected":false},"excerpt":{"rendered":"<p>ORTOLED a ajout\u00e9 \u00e0 son catalogue la nouvelle s\u00e9rie de lampes ORTOLED S LINE FOLDABLE ECO 720W 2.75 umol\/J ,<\/p>\n","protected":false},"featured_media":133924,"comment_status":"open","ping_status":"closed","template":"","meta":[],"product_brand":[],"product_cat":[7935],"product_tag":[],"class_list":{"0":"post-133954","1":"product","2":"type-product","3":"status-publish","4":"has-post-thumbnail","6":"product_cat-lampe-led","8":"first","9":"instock","10":"sale","11":"taxable","12":"shipping-taxable","13":"purchasable","14":"product-type-simple"},"_links":{"self":[{"href":"https:\/\/www.budream.com\/fr\/wp-json\/wp\/v2\/product\/133954","targetHints":{"allow":["GET"]}}],"collection":[{"href":"https:\/\/www.budream.com\/fr\/wp-json\/wp\/v2\/product"}],"about":[{"href":"https:\/\/www.budream.com\/fr\/wp-json\/wp\/v2\/types\/product"}],"replies":[{"embeddable":true,"href":"https:\/\/www.budream.com\/fr\/wp-json\/wp\/v2\/comments?post=133954"}],"version-history":[{"count":1,"href":"https:\/\/www.budream.com\/fr\/wp-json\/wp\/v2\/product\/133954\/revisions"}],"predecessor-version":[{"id":264361,"href":"https:\/\/www.budream.com\/fr\/wp-json\/wp\/v2\/product\/133954\/revisions\/264361"}],"wp:featuredmedia":[{"embeddable":true,"href":"https:\/\/www.budream.com\/fr\/wp-json\/wp\/v2\/media\/133924"}],"wp:attachment":[{"href":"https:\/\/www.budream.com\/fr\/wp-json\/wp\/v2\/media?parent=133954"}],"wp:term":[{"taxonomy":"product_brand","embeddable":true,"href":"https:\/\/www.budream.com\/fr\/wp-json\/wp\/v2\/product_brand?post=133954"},{"taxonomy":"product_cat","embeddable":true,"href":"https:\/\/www.budream.com\/fr\/wp-json\/wp\/v2\/product_cat?post=133954"},{"taxonomy":"product_tag","embeddable":true,"href":"https:\/\/www.budream.com\/fr\/wp-json\/wp\/v2\/product_tag?post=133954"}],"curies":[{"name":"wp","href":"https:\/\/api.w.org\/{rel}","templated":true}]}}