{"id":133974,"date":"2025-07-31T01:30:49","date_gmt":"2025-07-30T23:30:49","guid":{"rendered":"https:\/\/www.budream.com\/shop\/arizer-only-2-max-vaporisateur\/"},"modified":"2026-02-02T17:42:34","modified_gmt":"2026-02-02T15:42:34","slug":"arizer-only-2-max-vaporisateur","status":"publish","type":"product","link":"https:\/\/www.budream.com\/fr\/shop\/arizer-only-2-max-vaporisateur\/","title":{"rendered":"ARIZER &#8211; ONLY 2 MAX | VAPORISATEUR"},"content":{"rendered":"<p><strong>Le Solo 2 Max<\/strong> repr\u00e9sente une nouvelle \u00e8re de vaporisateurs portables, avec une autonomie de 3 heures et la possibilit\u00e9 de l&rsquo;utiliser tout en le rechargeant. Sa conception, avec un parcours d&rsquo;air isol\u00e9 et un tube de vapeur en verre, promet une exp\u00e9rience gustative sup\u00e9rieure, activant de mani\u00e8re optimale les profils terp\u00e9niques naturels.<\/p>\n<p>Les options de personnalisation par le biais de r\u00e9glages de session personnalis\u00e9s, ainsi que le syst\u00e8me d&rsquo;exploitation convivial et l&rsquo;\u00e9cran OLED, offrent un contr\u00f4le complet avec une r\u00e9gulation pr\u00e9cise de la temp\u00e9rature. Le Solo II m\u00e9morise vos r\u00e9glages pr\u00e9f\u00e9r\u00e9s pour la prochaine fois.<\/p>\n<p>Gr\u00e2ce \u00e0 l&rsquo;utilisation de verre borosilicat\u00e9 pur pour le passage de l&rsquo;air et de la vapeur, les ar\u00f4mes et les terp\u00e8nes sont superbement accentu\u00e9s, tandis que la technologie de chauffage c\u00e9ramique avanc\u00e9e d&rsquo;Arizer assure une extraction efficace. Le Solo II est le choix id\u00e9al pour les voyages, gr\u00e2ce \u00e0 sa batterie longue dur\u00e9e et \u00e0 son \u00e9tui de transport pratique.<\/p>\n<p>Arizer, pionnier de l&rsquo;industrie du vapotage depuis 2005, s&rsquo;est impos\u00e9 comme une r\u00e9f\u00e9rence en mati\u00e8re de qualit\u00e9 et de performance gr\u00e2ce \u00e0 une recherche constante et \u00e0 un design innovant. Des produits de haute qualit\u00e9, des prix abordables et un excellent service \u00e0 la client\u00e8le compl\u00e8tent la gamme. Le Solo 2 Max est une invitation \u00e0 tous les connaisseurs \u00e0 prendre le contr\u00f4le de leur exp\u00e9rience de vapotage et \u00e0 profiter d&rsquo;une saveur pure et intense.<\/p>\n<h2>Contenu de la bo\u00eete :<\/h2>\n<ul style=\"list-style-type: disc\">\n<li>1 x Solo II MAX<\/li>\n<li>1 x chargeur USB-C (5V, 3A)<\/li>\n<li>1 x embout en verre Air \/ Solo (110 mm)<\/li>\n<li>1 x tube aromatique Air \/ Solo en verre d\u00e9poli (14 mm)<\/li>\n<li>2 x capuchon de tige Air \/ Solo<\/li>\n<li>1 x tube de voyage en PVC avec bouchon (110 mm)<\/li>\n<li>1 x tube en PVC avec bouchon (70 mm)<\/li>\n<li>1 x outil d&rsquo;agitation en acier inoxydable<\/li>\n<li>4 x Tamis en acier Air \/ Solo<\/li>\n<li>1 x Mode d&#8217;emploi pour Solo II MAX<\/li>\n<\/ul>\n","protected":false},"excerpt":{"rendered":"<p>Le Solo 2 Max repr\u00e9sente une nouvelle \u00e8re de vaporisateurs portables, avec une autonomie de 3 heures et la possibilit\u00e9<\/p>\n","protected":false},"featured_media":133959,"comment_status":"open","ping_status":"closed","template":"","meta":[],"product_brand":[],"product_cat":[7910],"product_tag":[],"class_list":{"0":"post-133974","1":"product","2":"type-product","3":"status-publish","4":"has-post-thumbnail","6":"product_cat-vaporisateurs","8":"first","9":"instock","10":"sale","11":"taxable","12":"shipping-taxable","13":"purchasable","14":"product-type-simple"},"_links":{"self":[{"href":"https:\/\/www.budream.com\/fr\/wp-json\/wp\/v2\/product\/133974","targetHints":{"allow":["GET"]}}],"collection":[{"href":"https:\/\/www.budream.com\/fr\/wp-json\/wp\/v2\/product"}],"about":[{"href":"https:\/\/www.budream.com\/fr\/wp-json\/wp\/v2\/types\/product"}],"replies":[{"embeddable":true,"href":"https:\/\/www.budream.com\/fr\/wp-json\/wp\/v2\/comments?post=133974"}],"version-history":[{"count":0,"href":"https:\/\/www.budream.com\/fr\/wp-json\/wp\/v2\/product\/133974\/revisions"}],"wp:featuredmedia":[{"embeddable":true,"href":"https:\/\/www.budream.com\/fr\/wp-json\/wp\/v2\/media\/133959"}],"wp:attachment":[{"href":"https:\/\/www.budream.com\/fr\/wp-json\/wp\/v2\/media?parent=133974"}],"wp:term":[{"taxonomy":"product_brand","embeddable":true,"href":"https:\/\/www.budream.com\/fr\/wp-json\/wp\/v2\/product_brand?post=133974"},{"taxonomy":"product_cat","embeddable":true,"href":"https:\/\/www.budream.com\/fr\/wp-json\/wp\/v2\/product_cat?post=133974"},{"taxonomy":"product_tag","embeddable":true,"href":"https:\/\/www.budream.com\/fr\/wp-json\/wp\/v2\/product_tag?post=133974"}],"curies":[{"name":"wp","href":"https:\/\/api.w.org\/{rel}","templated":true}]}}