{"id":133994,"date":"2025-07-31T01:31:17","date_gmt":"2025-07-30T23:31:17","guid":{"rendered":"https:\/\/www.budream.com\/shop\/vapormed-volcano-medic-2-black-edition-vaporisateur-a-usage-medical\/"},"modified":"2025-12-23T15:15:39","modified_gmt":"2025-12-23T13:15:39","slug":"vapormed-volcano-medic-2-black-edition-vaporisateur-a-usage-medical","status":"publish","type":"product","link":"https:\/\/www.budream.com\/fr\/shop\/vapormed-volcano-medic-2-black-edition-vaporisateur-a-usage-medical\/","title":{"rendered":"VAPORMED &#8211; VOLCANO MEDIC 2 BLACK EDITION | VAPORISATEUR \u00c0 USAGE M\u00c9DICAL"},"content":{"rendered":"<p>Le syst\u00e8me de vaporisation Volcano Medic 2 se compose essentiellement d&rsquo;un <strong>g\u00e9n\u00e9rateur d&rsquo;air chaud<\/strong>, d&rsquo;une pompe \u00e0 membrane et d&rsquo;un flacon muni d&rsquo;une valve amovible ou d&rsquo;un syst\u00e8me de tuyaux flexibles. <br \/>Le processus de vaporisation et d&rsquo;inhalation a donc lieu \u00e0 diff\u00e9rents moments et \u00e0 diff\u00e9rents endroits, ce qui rend l&rsquo;inhalation <strong>tr\u00e8s s\u00fbre<\/strong> pour l&rsquo;utilisateur, car pendant l&rsquo;inhalation \u00e0 partir du flacon avec valve\/tuyau en silicone, vous n&rsquo;entrez en contact ni avec la chaleur ni avec l&rsquo;\u00e9lectricit\u00e9 du g\u00e9n\u00e9rateur d&rsquo;air chaud.<\/p>\n<h2><span style=\"text-decoration: underline\">Dispositif m\u00e9dical Vapormed Volcano medic 2 :<\/span><\/h2>\n<p>Le vaporisateur fonctionne selon une technique de chauffage brevet\u00e9e, qui combine la <strong>convection et la conduction<\/strong>. Pour le processus de vaporisation, la chambre de remplissage est reli\u00e9e au g\u00e9n\u00e9rateur d&rsquo;air chaud. Le flacon avec valve \u00e0 vide ou le tube est ensuite plac\u00e9 sur la chambre de remplissage. Lorsqu&rsquo;il est utilis\u00e9 avec le tuyau, la pompe \u00e0 membrane n&rsquo;est pas n\u00e9cessaire &#8211; il est alors possible d&rsquo;inhaler directement \u00e0 partir du tuyau.<\/p>\n<p>Le Volcano Medic 2 repr\u00e9sente une <strong>\u00e9volution du Volcano Medic.<\/strong> Par rapport \u00e0 son pr\u00e9d\u00e9cesseur, il offre les avantages suivants :<\/p>\n<ul>\n<li>Inhalation \u00e0 partir du tuyau ou de la bouteille \u00e0 valve<\/li>\n<li>Processus de chauffage tr\u00e8s rapide en 1 \u00e0 2 minutes<\/li>\n<li>Comme son pr\u00e9d\u00e9cesseur, le Volcano Medic 2 permet l&rsquo;application m\u00e9dicale par inhalation de cannabino\u00efdes liquides dissous dans l&rsquo;alcool et de cannabino\u00efdes provenant directement de fleurs de chanvre s\u00e9ch\u00e9es.<\/li>\n<\/ul>\n<p>Avec le syst\u00e8me de vaporisation Volcano Medic 2, deux probl\u00e8mes de technologie m\u00e9dicale sont r\u00e9solus en m\u00eame temps. D&rsquo;une part, le syst\u00e8me de vaporisation Volcano Medic 2 permet l&rsquo;application m\u00e9dicale par inhalation de cannabino\u00efdes liquides dissous dans l&rsquo;alcool. D&rsquo;autre part, il permet l&rsquo;application par inhalation de cannabino\u00efdes provenant directement de fleurs de cannabis s\u00e9ch\u00e9es. Dans le syst\u00e8me de vaporisation Volcano Medic 2, les cannabino\u00efdes sont lib\u00e9r\u00e9s exclusivement par la chaleur. Il n&rsquo;y a pas de combustion. Cela permet d&rsquo;\u00e9viter la formation de substances nocives produites par la combustion.<\/p>\n<h3><span style=\"text-decoration: underline\">Volcano Medic 2 \u00e0 utiliser avec Medic Valve<\/span><\/h3>\n<p>Lorsque le g\u00e9n\u00e9rateur d&rsquo;air chaud est chauff\u00e9, la pompe est mise en marche, l&rsquo;air chaud circule dans la chambre de remplissage et active ainsi la vaporisation des inflorescences. Le m\u00e9lange d&rsquo;air et d&rsquo;a\u00e9rosol ainsi produit est achemin\u00e9 dans le flacon \u00e0 valve, o\u00f9 il refroidit rapidement \u00e0 la temp\u00e9rature ambiante en raison de sa grande surface. D\u00e8s qu&rsquo;une quantit\u00e9 suffisante d&rsquo;a\u00e9rosol a \u00e9t\u00e9 remplie, la pompe est arr\u00eat\u00e9e et le flacon \u00e0 valve est retir\u00e9 de la chambre de remplissage ; la valve se ferme automatiquement. Pour l&rsquo;inhalation, l&#8217;embout buccal est ensuite ins\u00e9r\u00e9 dans la valve du flacon rempli. En exer\u00e7ant une l\u00e9g\u00e8re pression avec les l\u00e8vres sur l&#8217;embout, la valve s&rsquo;ouvre et l&rsquo;a\u00e9rosol de cannabino\u00efdes peut \u00eatre inhal\u00e9. D\u00e8s que la pression sur l&#8217;embout buccal cesse, la valve se referme automatiquement.<\/p>\n<h3><span style=\"text-decoration: underline\">Volcano Medic 2 utilisation avec unit\u00e9 de tube<\/span><\/h3>\n<p>Lorsque le g\u00e9n\u00e9rateur d&rsquo;air chaud est pr\u00eat, le tube est plac\u00e9 directement sur la chambre de remplissage de l&rsquo;appareil. <br \/>IMPORTANT : La pompe \u00e0 membrane n&rsquo;est pas activ\u00e9e. Lorsque l&rsquo;utilisateur inhale directement l&rsquo;unit\u00e9 tubulaire avec la force de ses poumons, l&rsquo;air chaud (convection) est transport\u00e9 \u00e0 travers la chambre de remplissage d\u00e9j\u00e0 chauff\u00e9e (conduction). Les principes actifs lib\u00e9r\u00e9s sont transport\u00e9s et refroidis sous forme d&rsquo;a\u00e9rosol par le tuyau en silicone d&rsquo;un m\u00e8tre de long.<\/p>\n<p>Le chauffage par conduction permet \u00e0 l&rsquo;utilisateur de lib\u00e9rer les principes actifs d\u00e8s la premi\u00e8re bouff\u00e9e.<\/p>\n<p><strong>Utilisation pr\u00e9vue<\/strong><\/p>\n<p>Le Volcano Medic 2 et son pr\u00e9d\u00e9cesseur Volcano Medic sont destin\u00e9s \u00e0 la vaporisation puis \u00e0 l&rsquo;inhalation de cannabino\u00efdes obtenus \u00e0 partir de fleurs de chanvre. Le dronabinol dissous dans l&rsquo;alcool peut \u00e9galement \u00eatre utilis\u00e9 avec les appareils de la s\u00e9rie Volcano Medic. L&rsquo;objectif est d&rsquo;administrer le principe actif dans le corps humain via les alv\u00e9oles pulmonaires pour l&rsquo;indication m\u00e9dicale correspondante.<\/p>\n<p>Le Volcano Medic 2 et son pr\u00e9d\u00e9cesseur conviennent \u00e0 l&rsquo;application temporaire par inhalation de cannabino\u00efdes prescrits par un m\u00e9decin pour une utilisation \u00e0 domicile, \u00e0 l&rsquo;h\u00f4pital ou au cabinet m\u00e9dical. Ces appareils garantissent une application tr\u00e8s efficace, s\u00fbre et rapide des cannabino\u00efdes. Un examen m\u00e9dical doit dans tous les cas \u00eatre effectu\u00e9 avant le traitement.<\/p>\n<p>Le dispositif n&rsquo;est pas indiqu\u00e9 pour une utilisation chez les enfants et les adolescents de moins de 18 ans. Les adultes doivent utiliser le dispositif conform\u00e9ment au mode d&#8217;emploi ou aux instructions d&rsquo;un m\u00e9decin.<\/p>\n<p><strong>Indications g\u00e9n\u00e9rales<\/strong><\/p>\n<p>Le chanvre peut produire des effets psychotropes (narcotiques) \u00e0 certaines doses. Il existe donc un risque d&rsquo;abus, auquel le l\u00e9gislateur s&rsquo;oppose dans presque tous les pays du monde en adoptant des lois en la mati\u00e8re. N&rsquo;utilisez que des fleurs de chanvre m\u00e9dicinales prescrites par un m\u00e9decin et achet\u00e9es en pharmacie, afin de ne pas courir le risque d&rsquo;enfreindre la loi. Consultez votre m\u00e9decin, votre pharmacien ou, le cas \u00e9ch\u00e9ant, les autorit\u00e9s comp\u00e9tentes pour conna\u00eetre la situation juridique de votre lieu de r\u00e9sidence.<\/p>\n<p>Le Volcano Medic 2 ne peut pas \u00eatre utilis\u00e9 si l&rsquo;utilisateur souffre d&rsquo;une maladie des voies respiratoires ou des poumons. Les vapeurs, en fonction de leur densit\u00e9, peuvent irriter les voies respiratoires et les poumons, ce qui peut entra\u00eener une toux. Bien que l&rsquo;inhalation de chanvre vaporis\u00e9 soit nettement moins irritante que le fait de fumer, les utilisateurs inexp\u00e9riment\u00e9s ont d&rsquo;abord besoin d&rsquo;une phase d&rsquo;adaptation pour trouver la temp\u00e9rature optimale d&rsquo;application. L&rsquo;utilisateur doit effectuer l&rsquo;inhalation avec concentration et pr\u00e9caution. Il faut \u00e9viter de rire, de b\u00e2iller et de parler pendant l&rsquo;application afin de ne pas d\u00e9clencher de toux.<\/p>\n<p>Volcano Medic 2 offre une proc\u00e9dure scientifiquement valid\u00e9e pour l&rsquo;inhalation de cannabino\u00efdes et de fleurs de chanvre.<\/p>\n<h3><span style=\"text-decoration: underline\">Vapormed Volcano Medic 2 comprend :<\/span><\/h3>\n<ul>\n<li>1 pc. VVolcano Medic 2<\/li>\n<li>1 pc. C\u00e2ble d&rsquo;alimentation<\/li>\n<li>4 pc. MEDIC VALVE Flacon avec embout<\/li>\n<li>1 pc. Unit\u00e9 de tube<\/li>\n<li>1 pc. Kit de chambre de remplissage (y compris : 1 pc. Anneau du couvercle, 1 pc. Tampon de remplissage, 1 pc. Jeu de filtres standard (environ &Oslash; 30 mm), 1 pc. Brosse de nettoyage), 2 pcs. Filtre standard, petit avec maille normale (environ &Oslash; 15 mm)<\/li>\n<li>1 pc. Capsule de dosage<\/li>\n<li>1 pc. Adaptateur de capsule de dosage (environ &Oslash; 15 mm)<\/li>\n<li>1 pc. Jeu de filtres \u00e0 air<\/li>\n<li>1 pc. Moulin \u00e0 herbes (env. &Oslash; 59 mm)<\/li>\n<li>1 pc. Mode d&#8217;emploi<\/li>\n<\/ul>\n","protected":false},"excerpt":{"rendered":"<p>Le syst\u00e8me de vaporisation Volcano Medic 2 se compose essentiellement d&rsquo;un g\u00e9n\u00e9rateur d&rsquo;air chaud, d&rsquo;une pompe \u00e0 membrane et d&rsquo;un<\/p>\n","protected":false},"featured_media":133979,"comment_status":"open","ping_status":"closed","template":"","meta":[],"product_brand":[],"product_cat":[7910],"product_tag":[],"class_list":{"0":"post-133994","1":"product","2":"type-product","3":"status-publish","4":"has-post-thumbnail","6":"product_cat-vaporisateurs","8":"first","9":"instock","10":"sale","11":"taxable","12":"shipping-taxable","13":"purchasable","14":"product-type-simple"},"aioseo_notices":[],"_links":{"self":[{"href":"https:\/\/www.budream.com\/fr\/wp-json\/wp\/v2\/product\/133994","targetHints":{"allow":["GET"]}}],"collection":[{"href":"https:\/\/www.budream.com\/fr\/wp-json\/wp\/v2\/product"}],"about":[{"href":"https:\/\/www.budream.com\/fr\/wp-json\/wp\/v2\/types\/product"}],"replies":[{"embeddable":true,"href":"https:\/\/www.budream.com\/fr\/wp-json\/wp\/v2\/comments?post=133994"}],"version-history":[{"count":0,"href":"https:\/\/www.budream.com\/fr\/wp-json\/wp\/v2\/product\/133994\/revisions"}],"wp:featuredmedia":[{"embeddable":true,"href":"https:\/\/www.budream.com\/fr\/wp-json\/wp\/v2\/media\/133979"}],"wp:attachment":[{"href":"https:\/\/www.budream.com\/fr\/wp-json\/wp\/v2\/media?parent=133994"}],"wp:term":[{"taxonomy":"product_brand","embeddable":true,"href":"https:\/\/www.budream.com\/fr\/wp-json\/wp\/v2\/product_brand?post=133994"},{"taxonomy":"product_cat","embeddable":true,"href":"https:\/\/www.budream.com\/fr\/wp-json\/wp\/v2\/product_cat?post=133994"},{"taxonomy":"product_tag","embeddable":true,"href":"https:\/\/www.budream.com\/fr\/wp-json\/wp\/v2\/product_tag?post=133994"}],"curies":[{"name":"wp","href":"https:\/\/api.w.org\/{rel}","templated":true}]}}