{"id":134044,"date":"2025-07-31T01:33:10","date_gmt":"2025-07-30T23:33:10","guid":{"rendered":"https:\/\/www.budream.com\/shop\/davinci-iq3-embout-plat-remplacement\/"},"modified":"2025-12-23T21:17:14","modified_gmt":"2025-12-23T19:17:14","slug":"davinci-iq3-embout-plat-remplacement","status":"publish","type":"product","link":"https:\/\/www.budream.com\/fr\/shop\/davinci-iq3-embout-plat-remplacement\/","title":{"rendered":"DAVINCI &#8211; IQ3 EMBOUT PLAT (REMPLACEMENT)"},"content":{"rendered":"<p>Embout en zircone plat de remplacement pour le vaporisateur DaVinci IQ3.<\/p>\n<p>Offre une pr\u00e9cision de go\u00fbt in\u00e9gal\u00e9e pour une exp\u00e9rience rafra\u00eechissante, douce et savoureuse lors de l&rsquo;utilisation du vaporisateur Davinci IQ3.<\/p>\n","protected":false},"excerpt":{"rendered":"<p>Embout en zircone plat de remplacement pour le vaporisateur DaVinci IQ3. Offre une pr\u00e9cision de go\u00fbt in\u00e9gal\u00e9e pour une exp\u00e9rience<\/p>\n","protected":false},"featured_media":134034,"comment_status":"open","ping_status":"closed","template":"","meta":[],"product_brand":[],"product_cat":[7910],"product_tag":[],"class_list":{"0":"post-134044","1":"product","2":"type-product","3":"status-publish","4":"has-post-thumbnail","6":"product_cat-vaporisateurs","8":"first","9":"instock","10":"sale","11":"taxable","12":"shipping-taxable","13":"purchasable","14":"product-type-simple"},"aioseo_notices":[],"_links":{"self":[{"href":"https:\/\/www.budream.com\/fr\/wp-json\/wp\/v2\/product\/134044","targetHints":{"allow":["GET"]}}],"collection":[{"href":"https:\/\/www.budream.com\/fr\/wp-json\/wp\/v2\/product"}],"about":[{"href":"https:\/\/www.budream.com\/fr\/wp-json\/wp\/v2\/types\/product"}],"replies":[{"embeddable":true,"href":"https:\/\/www.budream.com\/fr\/wp-json\/wp\/v2\/comments?post=134044"}],"version-history":[{"count":0,"href":"https:\/\/www.budream.com\/fr\/wp-json\/wp\/v2\/product\/134044\/revisions"}],"wp:featuredmedia":[{"embeddable":true,"href":"https:\/\/www.budream.com\/fr\/wp-json\/wp\/v2\/media\/134034"}],"wp:attachment":[{"href":"https:\/\/www.budream.com\/fr\/wp-json\/wp\/v2\/media?parent=134044"}],"wp:term":[{"taxonomy":"product_brand","embeddable":true,"href":"https:\/\/www.budream.com\/fr\/wp-json\/wp\/v2\/product_brand?post=134044"},{"taxonomy":"product_cat","embeddable":true,"href":"https:\/\/www.budream.com\/fr\/wp-json\/wp\/v2\/product_cat?post=134044"},{"taxonomy":"product_tag","embeddable":true,"href":"https:\/\/www.budream.com\/fr\/wp-json\/wp\/v2\/product_tag?post=134044"}],"curies":[{"name":"wp","href":"https:\/\/api.w.org\/{rel}","templated":true}]}}