{"id":134054,"date":"2025-07-31T01:33:40","date_gmt":"2025-07-30T23:33:40","guid":{"rendered":"https:\/\/www.budream.com\/shop\/davinci-iq3-cool-core-remplacement\/"},"modified":"2026-05-13T17:12:49","modified_gmt":"2026-05-13T15:12:49","slug":"davinci-iq3-cool-core-remplacement","status":"publish","type":"product","link":"https:\/\/www.budream.com\/fr\/shop\/davinci-iq3-cool-core-remplacement\/","title":{"rendered":"DAVINCI &#8211; IQ3 COOL CORE (REMPLACEMENT)"},"content":{"rendered":"<p>Pi\u00e8ce de rechange Zirconia Cool Core&trade; pour le vaporisateur DaVinci IQ3.<\/p>\n<p>Cette technologie brevet\u00e9e refroidit la vapeur de 50 % par rapport aux mod\u00e8les pr\u00e9c\u00e9dents, offrant une sensation de fra\u00eecheur \u00e0 chaque frappe. Pour une exp\u00e9rience encore plus extraordinaire, pr\u00e9-refroidissez le Zirconia Cool Core&trade; dans le cong\u00e9lateur pour profiter d&rsquo;une vapeur qui semble presque d&rsquo;un autre monde.<\/p>\n","protected":false},"excerpt":{"rendered":"<p>Pi\u00e8ce de rechange Zirconia Cool Core&trade; pour le vaporisateur DaVinci IQ3. Cette technologie brevet\u00e9e refroidit la vapeur de 50 %<\/p>\n","protected":false},"featured_media":134049,"comment_status":"open","ping_status":"closed","template":"","meta":[],"product_brand":[],"product_cat":[7910],"product_tag":[],"class_list":{"0":"post-134054","1":"product","2":"type-product","3":"status-publish","4":"has-post-thumbnail","6":"product_cat-vaporisateurs","8":"first","9":"instock","10":"sale","11":"taxable","12":"shipping-taxable","13":"purchasable","14":"product-type-simple"},"aioseo_notices":[],"_links":{"self":[{"href":"https:\/\/www.budream.com\/fr\/wp-json\/wp\/v2\/product\/134054","targetHints":{"allow":["GET"]}}],"collection":[{"href":"https:\/\/www.budream.com\/fr\/wp-json\/wp\/v2\/product"}],"about":[{"href":"https:\/\/www.budream.com\/fr\/wp-json\/wp\/v2\/types\/product"}],"replies":[{"embeddable":true,"href":"https:\/\/www.budream.com\/fr\/wp-json\/wp\/v2\/comments?post=134054"}],"version-history":[{"count":1,"href":"https:\/\/www.budream.com\/fr\/wp-json\/wp\/v2\/product\/134054\/revisions"}],"predecessor-version":[{"id":270875,"href":"https:\/\/www.budream.com\/fr\/wp-json\/wp\/v2\/product\/134054\/revisions\/270875"}],"wp:featuredmedia":[{"embeddable":true,"href":"https:\/\/www.budream.com\/fr\/wp-json\/wp\/v2\/media\/134049"}],"wp:attachment":[{"href":"https:\/\/www.budream.com\/fr\/wp-json\/wp\/v2\/media?parent=134054"}],"wp:term":[{"taxonomy":"product_brand","embeddable":true,"href":"https:\/\/www.budream.com\/fr\/wp-json\/wp\/v2\/product_brand?post=134054"},{"taxonomy":"product_cat","embeddable":true,"href":"https:\/\/www.budream.com\/fr\/wp-json\/wp\/v2\/product_cat?post=134054"},{"taxonomy":"product_tag","embeddable":true,"href":"https:\/\/www.budream.com\/fr\/wp-json\/wp\/v2\/product_tag?post=134054"}],"curies":[{"name":"wp","href":"https:\/\/api.w.org\/{rel}","templated":true}]}}