{"id":134069,"date":"2025-07-31T01:34:09","date_gmt":"2025-07-30T23:34:09","guid":{"rendered":"https:\/\/www.budream.com\/shop\/davinci-iq3-chambre-de-saveur-remplacement\/"},"modified":"2025-12-23T21:17:39","modified_gmt":"2025-12-23T19:17:39","slug":"davinci-iq3-chambre-de-saveur-remplacement","status":"publish","type":"product","link":"https:\/\/www.budream.com\/fr\/shop\/davinci-iq3-chambre-de-saveur-remplacement\/","title":{"rendered":"DAVINCI &#8211; IQ3 CHAMBRE DE SAVEUR (REMPLACEMENT)"},"content":{"rendered":"<p>Pi\u00e8ce de rechange pour la chambre d&rsquo;ar\u00f4me en zircone du vaporisateur DaVinci IQ3.<\/p>\n<p>La chambre d&rsquo;ar\u00f4me est fabriqu\u00e9e en c\u00e9ramique de zircone, un mat\u00e9riau extr\u00eamement durable qui garantit une puret\u00e9 maximale de la vapeur et pr\u00e9serve les ar\u00f4mes.<\/p>\n<p>*Ne comprend pas le Cool Core&trade;<\/p>\n","protected":false},"excerpt":{"rendered":"<p>Pi\u00e8ce de rechange pour la chambre d&rsquo;ar\u00f4me en zircone du vaporisateur DaVinci IQ3. La chambre d&rsquo;ar\u00f4me est fabriqu\u00e9e en c\u00e9ramique<\/p>\n","protected":false},"featured_media":134059,"comment_status":"open","ping_status":"closed","template":"","meta":[],"product_brand":[],"product_cat":[7910],"product_tag":[],"class_list":{"0":"post-134069","1":"product","2":"type-product","3":"status-publish","4":"has-post-thumbnail","6":"product_cat-vaporisateurs","8":"first","9":"instock","10":"sale","11":"taxable","12":"shipping-taxable","13":"purchasable","14":"product-type-simple"},"aioseo_notices":[],"_links":{"self":[{"href":"https:\/\/www.budream.com\/fr\/wp-json\/wp\/v2\/product\/134069","targetHints":{"allow":["GET"]}}],"collection":[{"href":"https:\/\/www.budream.com\/fr\/wp-json\/wp\/v2\/product"}],"about":[{"href":"https:\/\/www.budream.com\/fr\/wp-json\/wp\/v2\/types\/product"}],"replies":[{"embeddable":true,"href":"https:\/\/www.budream.com\/fr\/wp-json\/wp\/v2\/comments?post=134069"}],"version-history":[{"count":0,"href":"https:\/\/www.budream.com\/fr\/wp-json\/wp\/v2\/product\/134069\/revisions"}],"wp:featuredmedia":[{"embeddable":true,"href":"https:\/\/www.budream.com\/fr\/wp-json\/wp\/v2\/media\/134059"}],"wp:attachment":[{"href":"https:\/\/www.budream.com\/fr\/wp-json\/wp\/v2\/media?parent=134069"}],"wp:term":[{"taxonomy":"product_brand","embeddable":true,"href":"https:\/\/www.budream.com\/fr\/wp-json\/wp\/v2\/product_brand?post=134069"},{"taxonomy":"product_cat","embeddable":true,"href":"https:\/\/www.budream.com\/fr\/wp-json\/wp\/v2\/product_cat?post=134069"},{"taxonomy":"product_tag","embeddable":true,"href":"https:\/\/www.budream.com\/fr\/wp-json\/wp\/v2\/product_tag?post=134069"}],"curies":[{"name":"wp","href":"https:\/\/api.w.org\/{rel}","templated":true}]}}