{"id":134094,"date":"2025-07-31T01:35:08","date_gmt":"2025-07-30T23:35:08","guid":{"rendered":"https:\/\/www.budream.com\/shop\/davinci-iq3-extended-mouthpiece-replacement\/"},"modified":"2026-01-14T13:14:37","modified_gmt":"2026-01-14T11:14:37","slug":"davinci-iq3-extended-mouthpiece-replacement","status":"publish","type":"product","link":"https:\/\/www.budream.com\/fr\/shop\/davinci-iq3-extended-mouthpiece-replacement\/","title":{"rendered":"DAVINCI &#8211; IQ3 EXTENDED MOUTHPIECE (REPLACEMENT)"},"content":{"rendered":"<p>Adaptateur d&rsquo;outil \u00e0 eau en zircone de 10 mm, pi\u00e8ce de rechange pour le vaporisateur DaVinci IQ3.<\/p>\n<p>Offre une pr\u00e9cision de go\u00fbt in\u00e9gal\u00e9e pour une exp\u00e9rience rafra\u00eechissante, douce et savoureuse lors de l&rsquo;utilisation du vaporisateur DaVinci IQ3 avec n&rsquo;importe quel outil \u00e0 eau ou en tant qu&#8217;embout buccal \u00e9tendu.<\/p>\n","protected":false},"excerpt":{"rendered":"<p>Adaptateur d&rsquo;outil \u00e0 eau en zircone de 10 mm, pi\u00e8ce de rechange pour le vaporisateur DaVinci IQ3. Offre une pr\u00e9cision<\/p>\n","protected":false},"featured_media":134084,"comment_status":"open","ping_status":"closed","template":"","meta":[],"product_brand":[],"product_cat":[7910],"product_tag":[],"class_list":{"0":"post-134094","1":"product","2":"type-product","3":"status-publish","4":"has-post-thumbnail","6":"product_cat-vaporisateurs","8":"first","9":"instock","10":"sale","11":"taxable","12":"shipping-taxable","13":"purchasable","14":"product-type-simple"},"aioseo_notices":[],"_links":{"self":[{"href":"https:\/\/www.budream.com\/fr\/wp-json\/wp\/v2\/product\/134094","targetHints":{"allow":["GET"]}}],"collection":[{"href":"https:\/\/www.budream.com\/fr\/wp-json\/wp\/v2\/product"}],"about":[{"href":"https:\/\/www.budream.com\/fr\/wp-json\/wp\/v2\/types\/product"}],"replies":[{"embeddable":true,"href":"https:\/\/www.budream.com\/fr\/wp-json\/wp\/v2\/comments?post=134094"}],"version-history":[{"count":0,"href":"https:\/\/www.budream.com\/fr\/wp-json\/wp\/v2\/product\/134094\/revisions"}],"wp:featuredmedia":[{"embeddable":true,"href":"https:\/\/www.budream.com\/fr\/wp-json\/wp\/v2\/media\/134084"}],"wp:attachment":[{"href":"https:\/\/www.budream.com\/fr\/wp-json\/wp\/v2\/media?parent=134094"}],"wp:term":[{"taxonomy":"product_brand","embeddable":true,"href":"https:\/\/www.budream.com\/fr\/wp-json\/wp\/v2\/product_brand?post=134094"},{"taxonomy":"product_cat","embeddable":true,"href":"https:\/\/www.budream.com\/fr\/wp-json\/wp\/v2\/product_cat?post=134094"},{"taxonomy":"product_tag","embeddable":true,"href":"https:\/\/www.budream.com\/fr\/wp-json\/wp\/v2\/product_tag?post=134094"}],"curies":[{"name":"wp","href":"https:\/\/api.w.org\/{rel}","templated":true}]}}