{"id":134109,"date":"2025-07-31T01:35:54","date_gmt":"2025-07-30T23:35:54","guid":{"rendered":"https:\/\/www.budream.com\/shop\/qnubu-autosift-vibrant-drysift-extractor\/"},"modified":"2026-04-14T15:15:52","modified_gmt":"2026-04-14T13:15:52","slug":"qnubu-autosift-vibrant-drysift-extractor","status":"publish","type":"product","link":"https:\/\/www.budream.com\/fr\/shop\/qnubu-autosift-vibrant-drysift-extractor\/","title":{"rendered":"QNUBU &#8211; AUTOSIFT VIBRANT DRYSIFT EXTRACTOR"},"content":{"rendered":"<p>L&rsquo;<strong>Autosift<\/strong> de Qnubu est un tamis \u00e9lectrique vibrant qui peut \u00eatre utilis\u00e9 dans un large \u00e9ventail d&rsquo;applications, telles que les industries alimentaire, chimique et pharmaceutique.<\/p>\n<p>Gr\u00e2ce \u00e0 son fonctionnement \u00e9lectrique et \u00e0 ses tamis de <strong>70 et 90 microns<\/strong>, il constitue la solution id\u00e9ale pour tamiser rapidement et efficacement de grandes quantit\u00e9s de mat\u00e9riaux.<\/p>\n<p>Le tamis vibrant \u00e9lectrique Qnubu automatise le processus de tamisage, ce qui permet d&rsquo;\u00e9conomiser du temps et des efforts. En outre, il garantit un tamisage uniforme et pr\u00e9cis, ce qui am\u00e9liore la qualit\u00e9 des produits.<\/p>\n<h2><span style=\"text-decoration: underline\"><strong>Autosift Mode d&#8217;emploi :<\/strong><\/span><\/h2>\n<ul style=\"list-style-type: disc\">\n<li>Positionner le tapis antid\u00e9rapant.<\/li>\n<li>S\u00e9lectionner le tamis.<\/li>\n<li>Remplir un tiers du tamis avec le mat\u00e9riau \u00e0 tamiser.<\/li>\n<li>Couvrir le tamis avec son couvercle et installer les ancrages.<\/li>\n<li>Placez un r\u00e9cipient \u00e0 la sortie du bac.<\/li>\n<li>Appuyer sur le bouton de d\u00e9marrage.<\/li>\n<\/ul>\n<h2><span style=\"text-decoration: underline\"><strong>Caract\u00e9ristiques Autosift Qnubu :<\/strong><\/span><\/h2>\n<ul style=\"list-style-type: disc\">\n<li>Jeu de tamis de 70 et 90 microns<\/li>\n<li>Diam\u00e8tre du tamis : 31 cm<\/li>\n<li>Tension de fonctionnement AC220V\/ 50 Hz\/60 Hz<\/li>\n<li>Fr\u00e9quence de tamisage 1150 fois\/min<\/li>\n<li>Puissance 50 W<\/li>\n<\/ul>\n<h2><span style=\"text-decoration: underline\"><strong>Comprend :<\/strong><\/span><\/h2>\n<ul style=\"list-style-type: disc\">\n<li>Tapis antid\u00e9rapant<\/li>\n<li>Brosse<\/li>\n<\/ul>\n","protected":false},"excerpt":{"rendered":"<p>L&rsquo;Autosift de Qnubu est un tamis \u00e9lectrique vibrant qui peut \u00eatre utilis\u00e9 dans un large \u00e9ventail d&rsquo;applications, telles que les<\/p>\n","protected":false},"featured_media":134099,"comment_status":"open","ping_status":"closed","template":"","meta":[],"product_brand":[],"product_cat":[7949],"product_tag":[],"class_list":{"0":"post-134109","1":"product","2":"type-product","3":"status-publish","4":"has-post-thumbnail","6":"product_cat-headshop-fr","8":"first","9":"instock","10":"taxable","11":"shipping-taxable","12":"purchasable","13":"product-type-simple"},"aioseo_notices":[],"_links":{"self":[{"href":"https:\/\/www.budream.com\/fr\/wp-json\/wp\/v2\/product\/134109","targetHints":{"allow":["GET"]}}],"collection":[{"href":"https:\/\/www.budream.com\/fr\/wp-json\/wp\/v2\/product"}],"about":[{"href":"https:\/\/www.budream.com\/fr\/wp-json\/wp\/v2\/types\/product"}],"replies":[{"embeddable":true,"href":"https:\/\/www.budream.com\/fr\/wp-json\/wp\/v2\/comments?post=134109"}],"version-history":[{"count":1,"href":"https:\/\/www.budream.com\/fr\/wp-json\/wp\/v2\/product\/134109\/revisions"}],"predecessor-version":[{"id":262859,"href":"https:\/\/www.budream.com\/fr\/wp-json\/wp\/v2\/product\/134109\/revisions\/262859"}],"wp:featuredmedia":[{"embeddable":true,"href":"https:\/\/www.budream.com\/fr\/wp-json\/wp\/v2\/media\/134099"}],"wp:attachment":[{"href":"https:\/\/www.budream.com\/fr\/wp-json\/wp\/v2\/media?parent=134109"}],"wp:term":[{"taxonomy":"product_brand","embeddable":true,"href":"https:\/\/www.budream.com\/fr\/wp-json\/wp\/v2\/product_brand?post=134109"},{"taxonomy":"product_cat","embeddable":true,"href":"https:\/\/www.budream.com\/fr\/wp-json\/wp\/v2\/product_cat?post=134109"},{"taxonomy":"product_tag","embeddable":true,"href":"https:\/\/www.budream.com\/fr\/wp-json\/wp\/v2\/product_tag?post=134109"}],"curies":[{"name":"wp","href":"https:\/\/api.w.org\/{rel}","templated":true}]}}