{"id":134149,"date":"2025-07-31T01:37:19","date_gmt":"2025-07-30T23:37:19","guid":{"rendered":"https:\/\/www.budream.com\/shop\/notamix-pop-notes-box-50pcs\/"},"modified":"2026-04-21T13:54:00","modified_gmt":"2026-04-21T11:54:00","slug":"notamix-pop-notes-box-50pcs","status":"publish","type":"product","link":"https:\/\/www.budream.com\/fr\/shop\/notamix-pop-notes-box-50pcs\/","title":{"rendered":"NOTAMIX &#8211; POP NOTES | BOX 50pcs."},"content":{"rendered":"<div style=\"text-align: left\">\n<p>Pratique, facile, rapide et en format de poche pour toujours avoir vos croquis ou notes avec vous. Ne perdez pas vos id\u00e9es et emportez-les toujours avec vous sur du papier de chanvre avec notre mini bloc-notes.<\/p>\n<p>Un bloc-notes compact et pratique, parfait pour prendre des notes en d\u00e9placement. Ses pages \u00e9paisses et r\u00e9sistantes offrent une surface d&rsquo;\u00e9criture optimale pour tout type de stylo.<\/p>\n<p><span style=\"text-decoration: underline\"><strong>Caract\u00e9ristiques du produit :<\/strong><\/span><\/p>\n<ul>\n<li><strong>Taille de la feuille :<\/strong> 23&#215;54 mm<\/li>\n<li><strong>Poids de la feuille :<\/strong> 120 g\/m<\/li>\n<li><strong>Feuilles par bloc :<\/strong> 35<\/li>\n<li><strong>Blocs par bo\u00eete :<\/strong> 5<\/li>\n<li><strong>Bo\u00eetes par bo\u00eete de pr\u00e9sentation :<\/strong> 10<\/li>\n<\/ul>\n<p>Nous proposons la <strong>bo\u00eete de pr\u00e9sentation compl\u00e8te<\/strong>, qui contient 10 bo\u00eetes. Chaque bo\u00eete contient 5 blocs, soit un total de 50 blocs et 2 500 feuilles. Ce format est id\u00e9al pour ceux qui souhaitent disposer en permanence d&rsquo;une r\u00e9serve de blocs-notes de haute qualit\u00e9 pour leurs besoins.<\/p>\n<\/div>\n","protected":false},"excerpt":{"rendered":"<p>Pratique, facile, rapide et en format de poche pour toujours avoir vos croquis ou notes avec vous. Ne perdez pas<\/p>\n","protected":false},"featured_media":134139,"comment_status":"open","ping_status":"closed","template":"","meta":[],"product_brand":[],"product_cat":[1173],"product_tag":[],"class_list":{"0":"post-134149","1":"product","2":"type-product","3":"status-publish","4":"has-post-thumbnail","6":"product_cat-headshop","8":"first","9":"outofstock","10":"taxable","11":"shipping-taxable","12":"purchasable","13":"product-type-simple"},"aioseo_notices":[],"_links":{"self":[{"href":"https:\/\/www.budream.com\/fr\/wp-json\/wp\/v2\/product\/134149","targetHints":{"allow":["GET"]}}],"collection":[{"href":"https:\/\/www.budream.com\/fr\/wp-json\/wp\/v2\/product"}],"about":[{"href":"https:\/\/www.budream.com\/fr\/wp-json\/wp\/v2\/types\/product"}],"replies":[{"embeddable":true,"href":"https:\/\/www.budream.com\/fr\/wp-json\/wp\/v2\/comments?post=134149"}],"version-history":[{"count":0,"href":"https:\/\/www.budream.com\/fr\/wp-json\/wp\/v2\/product\/134149\/revisions"}],"wp:featuredmedia":[{"embeddable":true,"href":"https:\/\/www.budream.com\/fr\/wp-json\/wp\/v2\/media\/134139"}],"wp:attachment":[{"href":"https:\/\/www.budream.com\/fr\/wp-json\/wp\/v2\/media?parent=134149"}],"wp:term":[{"taxonomy":"product_brand","embeddable":true,"href":"https:\/\/www.budream.com\/fr\/wp-json\/wp\/v2\/product_brand?post=134149"},{"taxonomy":"product_cat","embeddable":true,"href":"https:\/\/www.budream.com\/fr\/wp-json\/wp\/v2\/product_cat?post=134149"},{"taxonomy":"product_tag","embeddable":true,"href":"https:\/\/www.budream.com\/fr\/wp-json\/wp\/v2\/product_tag?post=134149"}],"curies":[{"name":"wp","href":"https:\/\/api.w.org\/{rel}","templated":true}]}}