{"id":134169,"date":"2025-07-31T01:37:58","date_gmt":"2025-07-30T23:37:58","guid":{"rendered":"https:\/\/www.budream.com\/shop\/easyroll-gants-antiadhesifs-50-gants-blancs\/"},"modified":"2026-03-09T18:00:14","modified_gmt":"2026-03-09T16:00:14","slug":"easyroll-gants-antiadhesifs-50-gants-blancs","status":"publish","type":"product","link":"https:\/\/www.budream.com\/fr\/shop\/easyroll-gants-antiadhesifs-50-gants-blancs\/","title":{"rendered":"EASYROLL &#8211; THIMBLES NON-STICK FINGER GLOVES | 50 GANTS BLANCS"},"content":{"rendered":"<p>Les \u00ab\u00a0Professional Finger Savers\u00a0\u00bb d&rsquo;Easy Roll sont des outils con\u00e7us pour offrir une prise s\u00fbre et pr\u00e9cise, prot\u00e9geant les doigts lors d&rsquo;op\u00e9rations d\u00e9licates. Ils sont particuli\u00e8rement utiles pour les applications n\u00e9cessitant une dext\u00e9rit\u00e9 manuelle fine, contribuant \u00e0 r\u00e9duire le risque d&rsquo;erreurs ou de gaspillage. Fabriqu\u00e9s dans des mat\u00e9riaux solides et antid\u00e9rapants, ils sont pratiques et durables.<\/p>\n","protected":false},"excerpt":{"rendered":"<p>Les \u00ab\u00a0Professional Finger Savers\u00a0\u00bb d&rsquo;Easy Roll sont des outils con\u00e7us pour offrir une prise s\u00fbre et pr\u00e9cise, prot\u00e9geant les doigts<\/p>\n","protected":false},"featured_media":134154,"comment_status":"open","ping_status":"closed","template":"","meta":[],"product_brand":[],"product_cat":[7949],"product_tag":[],"class_list":{"0":"post-134169","1":"product","2":"type-product","3":"status-publish","4":"has-post-thumbnail","6":"product_cat-headshop-fr","8":"first","9":"instock","10":"taxable","11":"shipping-taxable","12":"purchasable","13":"product-type-simple"},"aioseo_notices":[],"_links":{"self":[{"href":"https:\/\/www.budream.com\/fr\/wp-json\/wp\/v2\/product\/134169","targetHints":{"allow":["GET"]}}],"collection":[{"href":"https:\/\/www.budream.com\/fr\/wp-json\/wp\/v2\/product"}],"about":[{"href":"https:\/\/www.budream.com\/fr\/wp-json\/wp\/v2\/types\/product"}],"replies":[{"embeddable":true,"href":"https:\/\/www.budream.com\/fr\/wp-json\/wp\/v2\/comments?post=134169"}],"version-history":[{"count":1,"href":"https:\/\/www.budream.com\/fr\/wp-json\/wp\/v2\/product\/134169\/revisions"}],"predecessor-version":[{"id":255142,"href":"https:\/\/www.budream.com\/fr\/wp-json\/wp\/v2\/product\/134169\/revisions\/255142"}],"wp:featuredmedia":[{"embeddable":true,"href":"https:\/\/www.budream.com\/fr\/wp-json\/wp\/v2\/media\/134154"}],"wp:attachment":[{"href":"https:\/\/www.budream.com\/fr\/wp-json\/wp\/v2\/media?parent=134169"}],"wp:term":[{"taxonomy":"product_brand","embeddable":true,"href":"https:\/\/www.budream.com\/fr\/wp-json\/wp\/v2\/product_brand?post=134169"},{"taxonomy":"product_cat","embeddable":true,"href":"https:\/\/www.budream.com\/fr\/wp-json\/wp\/v2\/product_cat?post=134169"},{"taxonomy":"product_tag","embeddable":true,"href":"https:\/\/www.budream.com\/fr\/wp-json\/wp\/v2\/product_tag?post=134169"}],"curies":[{"name":"wp","href":"https:\/\/api.w.org\/{rel}","templated":true}]}}