{"id":134269,"date":"2025-07-31T01:47:30","date_gmt":"2025-07-30T23:47:30","guid":{"rendered":"https:\/\/www.budream.com\/shop\/arizer-recipient-en-verre-hermetique-noir\/"},"modified":"2026-01-19T11:39:10","modified_gmt":"2026-01-19T09:39:10","slug":"arizer-recipient-en-verre-hermetique-noir","status":"publish","type":"product","link":"https:\/\/www.budream.com\/fr\/shop\/arizer-recipient-en-verre-hermetique-noir\/","title":{"rendered":"ARIZER &#8211; R\u00c9CIPIENT EN VERRE HERM\u00c9TIQUE | NOIR"},"content":{"rendered":"<p>Conservez vos herbes fra\u00eeches dans le \u00ab\u00a0pot \u00e0 herbes\u00a0\u00bb herm\u00e9tique et de haute qualit\u00e9 d&rsquo;Arizer. Il s&rsquo;agit d&rsquo;un r\u00e9cipient en verre recouvert d&rsquo;un rev\u00eatement protecteur en silicone qui peut contenir environ 14 \u00e0 21 grammes d&rsquo;herbes s\u00e9ch\u00e9es ou de plantes m\u00e9dicinales.<\/p>\n<h2>R\u00e9cipient herm\u00e9tique Arizer :<\/h2>\n<ul style=\"list-style-type: disc\">\n<li>Pot en verre<\/li>\n<li>Couvercle herm\u00e9tique<\/li>\n<li>Couvercle de protection en silicone<\/li>\n<li>Boveda 62% RH 8g gratuit<\/li>\n<\/ul>\n","protected":false},"excerpt":{"rendered":"<p>Conservez vos herbes fra\u00eeches dans le \u00ab\u00a0pot \u00e0 herbes\u00a0\u00bb herm\u00e9tique et de haute qualit\u00e9 d&rsquo;Arizer. Il s&rsquo;agit d&rsquo;un r\u00e9cipient en<\/p>\n","protected":false},"featured_media":134264,"comment_status":"open","ping_status":"closed","template":"","meta":[],"product_brand":[],"product_cat":[7910],"product_tag":[],"class_list":{"0":"post-134269","1":"product","2":"type-product","3":"status-publish","4":"has-post-thumbnail","6":"product_cat-vaporisateurs","8":"first","9":"instock","10":"sale","11":"taxable","12":"shipping-taxable","13":"purchasable","14":"product-type-simple"},"aioseo_notices":[],"_links":{"self":[{"href":"https:\/\/www.budream.com\/fr\/wp-json\/wp\/v2\/product\/134269","targetHints":{"allow":["GET"]}}],"collection":[{"href":"https:\/\/www.budream.com\/fr\/wp-json\/wp\/v2\/product"}],"about":[{"href":"https:\/\/www.budream.com\/fr\/wp-json\/wp\/v2\/types\/product"}],"replies":[{"embeddable":true,"href":"https:\/\/www.budream.com\/fr\/wp-json\/wp\/v2\/comments?post=134269"}],"version-history":[{"count":0,"href":"https:\/\/www.budream.com\/fr\/wp-json\/wp\/v2\/product\/134269\/revisions"}],"wp:featuredmedia":[{"embeddable":true,"href":"https:\/\/www.budream.com\/fr\/wp-json\/wp\/v2\/media\/134264"}],"wp:attachment":[{"href":"https:\/\/www.budream.com\/fr\/wp-json\/wp\/v2\/media?parent=134269"}],"wp:term":[{"taxonomy":"product_brand","embeddable":true,"href":"https:\/\/www.budream.com\/fr\/wp-json\/wp\/v2\/product_brand?post=134269"},{"taxonomy":"product_cat","embeddable":true,"href":"https:\/\/www.budream.com\/fr\/wp-json\/wp\/v2\/product_cat?post=134269"},{"taxonomy":"product_tag","embeddable":true,"href":"https:\/\/www.budream.com\/fr\/wp-json\/wp\/v2\/product_tag?post=134269"}],"curies":[{"name":"wp","href":"https:\/\/api.w.org\/{rel}","templated":true}]}}