{"id":134294,"date":"2025-07-31T01:48:03","date_gmt":"2025-07-30T23:48:03","guid":{"rendered":"https:\/\/www.budream.com\/shop\/qnubu-hydraulic-press-cold-brick-for-hash-mould-6x12cm-pressure-4t\/"},"modified":"2026-04-14T15:16:18","modified_gmt":"2026-04-14T13:16:18","slug":"qnubu-hydraulic-press-cold-brick-for-hash-mould-6x12cm-pressure-4t","status":"publish","type":"product","link":"https:\/\/www.budream.com\/fr\/shop\/qnubu-hydraulic-press-cold-brick-for-hash-mould-6x12cm-pressure-4t\/","title":{"rendered":"QNUBU &#8211; HYDRAULIC PRESS COLD BRICK FOR HASH | Mould 6x12cm PRESSURE 4T"},"content":{"rendered":"<p>Enfin un produit compact, durable et peu co\u00fbteux pour presser votre pollen et votre hasch dans des moules pratiques de l&rsquo;\u00e9paisseur de votre choix !<\/p>\n<p>La nouvelle presse \u00e0 haschisch de Qnubu est dot\u00e9e d&rsquo;un piston hydraulique qui peut atteindre une pression de 200 BAR ( 4T ) et d&rsquo;un manom\u00e8tre qui vous permet d&rsquo;ajuster tr\u00e8s pr\u00e9cis\u00e9ment la pression pour chaque utilisation.<br \/>Cela permet de standardiser le poids et la qualit\u00e9 du produit final et d&rsquo;acc\u00e9l\u00e9rer la manipulation, en particulier \u00e0 grande \u00e9chelle.<\/p>\n<h2><span style=\"text-decoration: underline\">Caract\u00e9ristiques Qnubu HASH PRESS :<\/span><\/h2>\n<ul style=\"list-style-type: disc\">\n<li>Pression maximale : 200 BAR au manom\u00e8tre<\/li>\n<li>Taille du moule : 6&#215;12 cm<\/li>\n<li>Manom\u00e8tre int\u00e9gr\u00e9<\/li>\n<li>Ne n\u00e9cessite pas d&rsquo;\u00e9lectricit\u00e9<\/li>\n<\/ul>\n<p>AVERTISSEMENT : Ne pas forcer la presse au-del\u00e0 des valeurs de 200 BAR ou 3000psi indiqu\u00e9es sur le manom\u00e8tre.<br \/>Les dommages dus au for\u00e7age de la presse ne sont pas couverts par la garantie.<\/p>\n","protected":false},"excerpt":{"rendered":"<p>Enfin un produit compact, durable et peu co\u00fbteux pour presser votre pollen et votre hasch dans des moules pratiques de<\/p>\n","protected":false},"featured_media":134274,"comment_status":"open","ping_status":"closed","template":"","meta":[],"product_brand":[],"product_cat":[7949],"product_tag":[],"class_list":{"0":"post-134294","1":"product","2":"type-product","3":"status-publish","4":"has-post-thumbnail","6":"product_cat-headshop-fr","8":"first","9":"instock","10":"taxable","11":"shipping-taxable","12":"purchasable","13":"product-type-simple"},"aioseo_notices":[],"_links":{"self":[{"href":"https:\/\/www.budream.com\/fr\/wp-json\/wp\/v2\/product\/134294","targetHints":{"allow":["GET"]}}],"collection":[{"href":"https:\/\/www.budream.com\/fr\/wp-json\/wp\/v2\/product"}],"about":[{"href":"https:\/\/www.budream.com\/fr\/wp-json\/wp\/v2\/types\/product"}],"replies":[{"embeddable":true,"href":"https:\/\/www.budream.com\/fr\/wp-json\/wp\/v2\/comments?post=134294"}],"version-history":[{"count":1,"href":"https:\/\/www.budream.com\/fr\/wp-json\/wp\/v2\/product\/134294\/revisions"}],"predecessor-version":[{"id":262170,"href":"https:\/\/www.budream.com\/fr\/wp-json\/wp\/v2\/product\/134294\/revisions\/262170"}],"wp:featuredmedia":[{"embeddable":true,"href":"https:\/\/www.budream.com\/fr\/wp-json\/wp\/v2\/media\/134274"}],"wp:attachment":[{"href":"https:\/\/www.budream.com\/fr\/wp-json\/wp\/v2\/media?parent=134294"}],"wp:term":[{"taxonomy":"product_brand","embeddable":true,"href":"https:\/\/www.budream.com\/fr\/wp-json\/wp\/v2\/product_brand?post=134294"},{"taxonomy":"product_cat","embeddable":true,"href":"https:\/\/www.budream.com\/fr\/wp-json\/wp\/v2\/product_cat?post=134294"},{"taxonomy":"product_tag","embeddable":true,"href":"https:\/\/www.budream.com\/fr\/wp-json\/wp\/v2\/product_tag?post=134294"}],"curies":[{"name":"wp","href":"https:\/\/api.w.org\/{rel}","templated":true}]}}