{"id":134304,"date":"2025-07-31T01:48:33","date_gmt":"2025-07-30T23:48:33","guid":{"rendered":"https:\/\/www.budream.com\/shop\/enecta-cbday-strong-cbd-oil-30-10ml-3000mg\/"},"modified":"2026-04-27T08:45:03","modified_gmt":"2026-04-27T06:45:03","slug":"enecta-cbday-strong-cbd-oil-30-10ml-3000mg","status":"publish","type":"product","link":"https:\/\/www.budream.com\/fr\/shop\/enecta-cbday-strong-cbd-oil-30-10ml-3000mg\/","title":{"rendered":"ENECTA &#8211; CBDAY STRONG CBD OIL 30% | 10ml 3000mg"},"content":{"rendered":"<p>Enecta Farm pr\u00e9sente une nouvelle huile de CBD de pointe, produite \u00e0 partir de l&rsquo;Enectaliana, la vari\u00e9t\u00e9 phare de la marque italienne.<br \/>Les chercheurs d&rsquo;Enecta ont mis au point une m\u00e9thode d&rsquo;extraction innovante en une seule \u00e9tape, qui a permis d&rsquo;obtenir une huile <strong> \u00e0 spectre complet<\/strong>:<br \/>Cela signifie que les composants les plus importants de la plante de cannabis, ainsi que les terp\u00e8nes et les cannabino\u00efdes mineurs, sont pr\u00e9serv\u00e9s et peuvent enrichir CBDay Plus, ce qui en fait l&rsquo;huile la plus \u00a0\u00bb compl\u00e8te \u00a0\u00bb du march\u00e9.<br \/>CBDay Plus est le r\u00e9sultat de 5 ann\u00e9es de recherche et de tests.<\/p>\n<p>Il s&rsquo;agit d&rsquo;un produit cosm\u00e9tique enregistr\u00e9 aupr\u00e8s du CPNP sous le num\u00e9ro 3952420.<\/p>\n<h2><span style=\"text-decoration: underline\">Enecta CBDay light \u00e0 base d&rsquo;Enectaliana :<\/span><\/h2>\n<p>CBDay Plus est compos\u00e9 d&rsquo;Enectaliana, la vari\u00e9t\u00e9 phare cr\u00e9\u00e9e par Enecta, cultiv\u00e9e en plein air sous le soleil italien, nourrie d&rsquo;eau de source et d&rsquo;air pur. <br \/>C&rsquo;est le secret de l&rsquo;Enectaliana : <strong>pas de produits chimiques<\/strong>, uniquement des bienfaits naturels.<\/p>\n<p>Enectaliana est la premi\u00e8re <strong>vari\u00e9t\u00e9 certifi\u00e9e par l&rsquo;UE<\/strong>, con\u00e7ue sur mesure pour le march\u00e9 de l&rsquo;extraction, cr\u00e9\u00e9e et enregistr\u00e9e par les cultivateurs d&rsquo;Enecta Farm ; la premi\u00e8re de ce type \u00e0 garantir une teneur \u00e9lev\u00e9e en CBD et un rapport co\u00fbt-efficacit\u00e9 exceptionnel.<\/p>\n<p>Cela permet \u00e0 Enecta d&rsquo;offrir des prix justes pour un produit qui est de loin sup\u00e9rieur \u00e0 tous les pr\u00e9tendus \u00ab\u00a0spectre complet\u00a0\u00bb sur le march\u00e9.<br \/>Un v\u00e9ritable spectre complet<strong> riche en phytocannabino\u00efdes et terp\u00e8nes<\/strong> soigneusement s\u00e9lectionn\u00e9s par les chercheurs d&rsquo;Enecta : CBD, CBG, CBC et CBN, mais aussi des terp\u00e8nes tels que le b\u00eata-caryophyll\u00e8ne, le n\u00e9rolidol, l&rsquo;alpha-humul\u00e8ne et le bisabolol.<br \/>Une m\u00e9thode d&rsquo;extraction innovante permet de filtrer les substances les plus ind\u00e9sirables, telles que les cires et les chlorophylles, tout en pr\u00e9servant au mieux les terp\u00e8nes et les cannabino\u00efdes.<\/p>\n<p>En outre, des tests effectu\u00e9s en laboratoire par des tiers garantissent que le taux de THC est inf\u00e9rieur au seuil l\u00e9gal et qu&rsquo;il n&rsquo;y a pas de m\u00e9taux lourds, de pesticides ou d&rsquo;autres contaminants microbiologiques dans notre produit.<br \/>L&rsquo;Enectaliana est cultiv\u00e9 dans des champs soigneusement s\u00e9lectionn\u00e9s, sans pesticides, en totale conformit\u00e9 avec les directives GACP, ce qui garantit une s\u00e9curit\u00e9 et des normes de qualit\u00e9 maximales.<\/p>\n","protected":false},"excerpt":{"rendered":"<p>Enecta Farm pr\u00e9sente une nouvelle huile de CBD de pointe, produite \u00e0 partir de l&rsquo;Enectaliana, la vari\u00e9t\u00e9 phare de la<\/p>\n","protected":false},"featured_media":134299,"comment_status":"open","ping_status":"closed","template":"","meta":[],"product_brand":[],"product_cat":[7913],"product_tag":[],"class_list":{"0":"post-134304","1":"product","2":"type-product","3":"status-publish","4":"has-post-thumbnail","6":"product_cat-cosmetiques","8":"first","9":"outofstock","10":"taxable","11":"shipping-taxable","12":"purchasable","13":"product-type-simple"},"_links":{"self":[{"href":"https:\/\/www.budream.com\/fr\/wp-json\/wp\/v2\/product\/134304","targetHints":{"allow":["GET"]}}],"collection":[{"href":"https:\/\/www.budream.com\/fr\/wp-json\/wp\/v2\/product"}],"about":[{"href":"https:\/\/www.budream.com\/fr\/wp-json\/wp\/v2\/types\/product"}],"replies":[{"embeddable":true,"href":"https:\/\/www.budream.com\/fr\/wp-json\/wp\/v2\/comments?post=134304"}],"version-history":[{"count":1,"href":"https:\/\/www.budream.com\/fr\/wp-json\/wp\/v2\/product\/134304\/revisions"}],"predecessor-version":[{"id":265585,"href":"https:\/\/www.budream.com\/fr\/wp-json\/wp\/v2\/product\/134304\/revisions\/265585"}],"wp:featuredmedia":[{"embeddable":true,"href":"https:\/\/www.budream.com\/fr\/wp-json\/wp\/v2\/media\/134299"}],"wp:attachment":[{"href":"https:\/\/www.budream.com\/fr\/wp-json\/wp\/v2\/media?parent=134304"}],"wp:term":[{"taxonomy":"product_brand","embeddable":true,"href":"https:\/\/www.budream.com\/fr\/wp-json\/wp\/v2\/product_brand?post=134304"},{"taxonomy":"product_cat","embeddable":true,"href":"https:\/\/www.budream.com\/fr\/wp-json\/wp\/v2\/product_cat?post=134304"},{"taxonomy":"product_tag","embeddable":true,"href":"https:\/\/www.budream.com\/fr\/wp-json\/wp\/v2\/product_tag?post=134304"}],"curies":[{"name":"wp","href":"https:\/\/api.w.org\/{rel}","templated":true}]}}