{"id":134504,"date":"2025-07-31T01:59:08","date_gmt":"2025-07-30T23:59:08","guid":{"rendered":"https:\/\/www.budream.com\/shop\/enecta-creme-apres-sport-avec-arnica-et-cannabidiol-700mg-cbd-100ml\/"},"modified":"2026-03-23T16:25:32","modified_gmt":"2026-03-23T14:25:32","slug":"enecta-creme-apres-sport-avec-arnica-et-cannabidiol-700mg-cbd-100ml","status":"publish","type":"product","link":"https:\/\/www.budream.com\/fr\/shop\/enecta-creme-apres-sport-avec-arnica-et-cannabidiol-700mg-cbd-100ml\/","title":{"rendered":"ENECTA &#8211; CR\u00c8ME APR\u00c8S-SPORT AVEC ARNICA ET CANNABIDIOL | 700mg CBD | 100ml"},"content":{"rendered":"<p>CBD After Sport est une cr\u00e8me innovante et compl\u00e8te qui favorise la r\u00e9cup\u00e9ration musculaire <strong>apr\u00e8s une activit\u00e9 physique<\/strong>.<\/p>\n<p>Notre cr\u00e8me post-entra\u00eenement contient des extraits naturels de plantes qui ont toujours \u00e9t\u00e9 utilis\u00e9es pour soutenir l&rsquo;organisme en cas de <strong>douleur et d&rsquo;inflammation<\/strong>. Les extraits de CBD, d&rsquo;arnica, de griffe du diable et de menthol sont utilis\u00e9s ensemble dans une formule synergique qui garantit un effet maximal.<br \/>On peut dire que CBD After Sport est une pommade \u00e0 l&rsquo;arnica surpuissante.<\/p>\n<p>La cr\u00e8me combine les propri\u00e9t\u00e9s des meilleurs ingr\u00e9dients actifs utilis\u00e9s pour la douleur et l&rsquo;inconfort musculaires.<br \/>La premi\u00e8re sensation ressentie apr\u00e8s le massage avec CBD After Sport est celle d&rsquo;un soulagement. Le menthol refroidit imm\u00e9diatement la zone douloureuse et la r\u00e9chauffe ensuite. Parall\u00e8lement, le CBD d\u00e9tend les muscles et soutient le corps en cas de douleur.<\/p>\n<p>L&rsquo;arnica montana et la griffe du diable exercent leur puissante action anti-inflammatoire, qui a \u00e9galement un effet \u00e0 long terme en contribuant \u00e0 r\u00e9duire plus profond\u00e9ment les douleurs musculaires et articulaires. En cas d&rsquo;ecchymoses, l&rsquo;arnica aide \u00e0 les r\u00e9duire plus rapidement.<\/p>\n<p>CBD After Sport favorise la r\u00e9cup\u00e9ration musculaire apr\u00e8s une activit\u00e9 physique, en apaisant toutes les douleurs qui font de la p\u00e9riode post-entra\u00eenement un moment d\u00e9sagr\u00e9able.<\/p>\n<h2><span style=\"text-decoration: underline\">\u00c0 quoi servent la cr\u00e8me CBD, l&rsquo;arnica, la griffe du diable et le menthol ?<\/span><\/h2>\n<ul style=\"list-style-type: disc\">\n<li>Favorise la r\u00e9cup\u00e9ration musculaire apr\u00e8s un effort physique<\/li>\n<li>Aide \u00e0 soulager les douleurs articulaires et musculaires apr\u00e8s une activit\u00e9 physique<\/li>\n<li>Aide \u00e0 r\u00e9duire les ecchymoses (bleus, \u0153d\u00e8mes)<\/li>\n<li>Apporte un soulagement imm\u00e9diat gr\u00e2ce \u00e0 l&rsquo;action rafra\u00eechissante du menthol<\/li>\n<\/ul>\n","protected":false},"excerpt":{"rendered":"<p>CBD After Sport est une cr\u00e8me innovante et compl\u00e8te qui favorise la r\u00e9cup\u00e9ration musculaire apr\u00e8s une activit\u00e9 physique. Notre cr\u00e8me<\/p>\n","protected":false},"featured_media":134494,"comment_status":"open","ping_status":"closed","template":"","meta":[],"product_brand":[],"product_cat":[7913],"product_tag":[],"class_list":{"0":"post-134504","1":"product","2":"type-product","3":"status-publish","4":"has-post-thumbnail","6":"product_cat-cosmetiques","8":"first","9":"instock","10":"taxable","11":"shipping-taxable","12":"purchasable","13":"product-type-simple"},"aioseo_notices":[],"_links":{"self":[{"href":"https:\/\/www.budream.com\/fr\/wp-json\/wp\/v2\/product\/134504","targetHints":{"allow":["GET"]}}],"collection":[{"href":"https:\/\/www.budream.com\/fr\/wp-json\/wp\/v2\/product"}],"about":[{"href":"https:\/\/www.budream.com\/fr\/wp-json\/wp\/v2\/types\/product"}],"replies":[{"embeddable":true,"href":"https:\/\/www.budream.com\/fr\/wp-json\/wp\/v2\/comments?post=134504"}],"version-history":[{"count":0,"href":"https:\/\/www.budream.com\/fr\/wp-json\/wp\/v2\/product\/134504\/revisions"}],"wp:featuredmedia":[{"embeddable":true,"href":"https:\/\/www.budream.com\/fr\/wp-json\/wp\/v2\/media\/134494"}],"wp:attachment":[{"href":"https:\/\/www.budream.com\/fr\/wp-json\/wp\/v2\/media?parent=134504"}],"wp:term":[{"taxonomy":"product_brand","embeddable":true,"href":"https:\/\/www.budream.com\/fr\/wp-json\/wp\/v2\/product_brand?post=134504"},{"taxonomy":"product_cat","embeddable":true,"href":"https:\/\/www.budream.com\/fr\/wp-json\/wp\/v2\/product_cat?post=134504"},{"taxonomy":"product_tag","embeddable":true,"href":"https:\/\/www.budream.com\/fr\/wp-json\/wp\/v2\/product_tag?post=134504"}],"curies":[{"name":"wp","href":"https:\/\/api.w.org\/{rel}","templated":true}]}}