{"id":134574,"date":"2025-07-31T02:03:18","date_gmt":"2025-07-31T00:03:18","guid":{"rendered":"https:\/\/www.budream.com\/shop\/semi-di-canapa-varieta-loja-ce-5g\/"},"modified":"2026-03-24T13:45:28","modified_gmt":"2026-03-24T11:45:28","slug":"semi-di-canapa-varieta-loja-ce-5g","status":"publish","type":"product","link":"https:\/\/www.budream.com\/fr\/shop\/semi-di-canapa-varieta-loja-ce-5g\/","title":{"rendered":"GRAINES DE CH\u00c8VRE VARI\u00c9T\u00c9 LOJA CE | 5g"},"content":{"rendered":"<p>\u00ab\u00a0Loja\u00a0\u00bb est une vari\u00e9t\u00e9 de chanvre dio\u00efque autoflorissante, courte et \u00e0 maturation pr\u00e9coce, d\u00e9velopp\u00e9e en Lettonie pour la production de graines de chanvre. Vari\u00e9t\u00e9 inscrite au catalogue europ\u00e9en des vari\u00e9t\u00e9s v\u00e9g\u00e9tales depuis 2021.<\/p>\n<p>Voici une liste des principales caract\u00e9ristiques :<\/p>\n<p>La vari\u00e9t\u00e9 est pr\u00e9coce. Temps de maturit\u00e9 110-115 jours apr\u00e8s le semis. Donn\u00e9es bas\u00e9es sur la Lettonie 57&deg; N.<br \/>\u25cf Les plants de chanvre sont courts, selon l&rsquo;ann\u00e9e et les conditions du sol, leur longueur varie de 140 \u00e0 200 cm.<br \/>\u25cf La teneur en THC des plantes est absente ou tr\u00e8s faible (dans les essais en plein champ, elle variait entre 0,011 et 0,017 %).<br \/>\u25cf Le rendement en graines est de 1,0 \u00e0 2,0 t\/ha (en fonction des conditions de culture).<br \/>Les donn\u00e9es de la description sont bas\u00e9es sur les r\u00e9sultats des essais de la VCU (LV) et sur les donn\u00e9es de la recherche scientifique de l&rsquo;INSTITUT DES RESSOURCES AGRICOLES ET DE L&rsquo;\u00c9CONOMIE.<br \/>Ces donn\u00e9es ont \u00e9t\u00e9 utilis\u00e9es pour d\u00e9crire la vari\u00e9t\u00e9.<\/p>\n<p>Qualit\u00e9 des semences<br \/>\u25cf Couleur des graines : brune, marbrure faible.<br \/>\u25cf Poids de 1000 graines : moyen : varie entre 13 et 15 g.<br \/>\u25cf Taille des graines : adapt\u00e9e au d\u00e9corticage.<br \/>\u25cf Teneur en huile des graines : 33-36 %.<br \/>\u25cf Teneur en prot\u00e9ines des graines : 24-25 %.<\/p>\n","protected":false},"excerpt":{"rendered":"<p>\u00ab\u00a0Loja\u00a0\u00bb est une vari\u00e9t\u00e9 de chanvre dio\u00efque autoflorissante, courte et \u00e0 maturation pr\u00e9coce, d\u00e9velopp\u00e9e en Lettonie pour la production de<\/p>\n","protected":false},"featured_media":134564,"comment_status":"open","ping_status":"closed","template":"","meta":[],"product_brand":[],"product_cat":[7951],"product_tag":[],"class_list":{"0":"post-134574","1":"product","2":"type-product","3":"status-publish","4":"has-post-thumbnail","6":"product_cat-magasin-de-graines","8":"first","9":"instock","10":"sale","11":"taxable","12":"shipping-taxable","13":"purchasable","14":"product-type-simple"},"_links":{"self":[{"href":"https:\/\/www.budream.com\/fr\/wp-json\/wp\/v2\/product\/134574","targetHints":{"allow":["GET"]}}],"collection":[{"href":"https:\/\/www.budream.com\/fr\/wp-json\/wp\/v2\/product"}],"about":[{"href":"https:\/\/www.budream.com\/fr\/wp-json\/wp\/v2\/types\/product"}],"replies":[{"embeddable":true,"href":"https:\/\/www.budream.com\/fr\/wp-json\/wp\/v2\/comments?post=134574"}],"version-history":[{"count":0,"href":"https:\/\/www.budream.com\/fr\/wp-json\/wp\/v2\/product\/134574\/revisions"}],"wp:featuredmedia":[{"embeddable":true,"href":"https:\/\/www.budream.com\/fr\/wp-json\/wp\/v2\/media\/134564"}],"wp:attachment":[{"href":"https:\/\/www.budream.com\/fr\/wp-json\/wp\/v2\/media?parent=134574"}],"wp:term":[{"taxonomy":"product_brand","embeddable":true,"href":"https:\/\/www.budream.com\/fr\/wp-json\/wp\/v2\/product_brand?post=134574"},{"taxonomy":"product_cat","embeddable":true,"href":"https:\/\/www.budream.com\/fr\/wp-json\/wp\/v2\/product_cat?post=134574"},{"taxonomy":"product_tag","embeddable":true,"href":"https:\/\/www.budream.com\/fr\/wp-json\/wp\/v2\/product_tag?post=134574"}],"curies":[{"name":"wp","href":"https:\/\/api.w.org\/{rel}","templated":true}]}}