{"id":134599,"date":"2025-07-31T02:03:50","date_gmt":"2025-07-31T00:03:50","guid":{"rendered":"https:\/\/www.budream.com\/shop\/qnubu-pro-decarboxylator-2-botanical-decarboxylator-extractor\/"},"modified":"2026-04-14T15:16:39","modified_gmt":"2026-04-14T13:16:39","slug":"qnubu-pro-decarboxylator-2-botanical-decarboxylator-extractor","status":"publish","type":"product","link":"https:\/\/www.budream.com\/fr\/shop\/qnubu-pro-decarboxylator-2-botanical-decarboxylator-extractor\/","title":{"rendered":"QNUBU &#8211; PRO DECARBOXYLATOR 2 | BOTANICAL DECARBOXYLATOR EXTRACTOR"},"content":{"rendered":"<h1>Qnubu Decarboxylator &#8211; Extracteur botanique et d\u00e9carboxylation thermique contr\u00f4l\u00e9e<\/h1>\n<p>Le <strong>Qnubu Decarboxylator<\/strong> est un appareil compact et multifonctionnel con\u00e7u pour ceux qui souhaitent activer et infuser les ingr\u00e9dients actifs de leurs herbes d&rsquo;une mani\u00e8re simple, efficace et contr\u00f4l\u00e9e. Id\u00e9al pour les infusions dans l&rsquo;huile, le beurre, l&rsquo;alcool ou d&rsquo;autres bases, cet extracteur vous permet de pr\u00e9parer vos propres huiles aromatiques, teintures et beurres aux herbes avec des r\u00e9sultats professionnels.<\/p>\n<p>Gr\u00e2ce \u00e0 son syst\u00e8me de contr\u00f4le de la temp\u00e9rature et de la dur\u00e9e et \u00e0 sa conception intuitive, le Qnubu Decarboxylator est parfait pour les d\u00e9butants comme pour les utilisateurs exp\u00e9riment\u00e9s. En outre, son fonctionnement est silencieux, discret et inodore, ce qui le rend parfait pour un environnement domestique.<\/p>\n<h2>Un contr\u00f4le pr\u00e9cis de la temp\u00e9rature pour chaque processus<\/h2>\n<p>Le Qnubu Decarboxylator vous permet de travailler avec un contr\u00f4le total de la temp\u00e9rature, gr\u00e2ce \u00e0 une plage r\u00e9glable entre <strong>30&ordm;C et 100&ordm;C<\/strong>. Cette flexibilit\u00e9 vous permet de choisir avec pr\u00e9cision la temp\u00e9rature id\u00e9ale pour chaque \u00e9tape, de la d\u00e9carboxylation \u00e0 l&rsquo;infusion en passant par le traitement <strong>\u00e0 basse temp\u00e9rature ou sans chaleur<\/strong> (fonction \u00ab\u00a0No Heat\u00a0\u00bb).<\/p>\n<p>Le r\u00e9sultat ? Une plus grande attention port\u00e9e aux ar\u00f4mes naturels, au profil des terp\u00e8nes et \u00e0 la qualit\u00e9 finale de vos extraits.<\/p>\n<h2>Ce que vous pouvez r\u00e9aliser avec le Qnubu Decarboxylator :<\/h2>\n<ul style=\"list-style-type: disc\">\n<li>Huiles v\u00e9g\u00e9tales aromatis\u00e9es<\/li>\n<li>Beurres v\u00e9g\u00e9taux pour recettes sucr\u00e9es et sal\u00e9es<\/li>\n<li>Teintures \u00e0 base d&rsquo;alcool<\/li>\n<li>D\u00e9carboxylation efficace des herbes s\u00e9ch\u00e9es<\/li>\n<li>Pr\u00e9parations \u00e0 base de produits naturels pour les cosm\u00e9tiques \u00e0 faire soi-m\u00eame<\/li>\n<\/ul>\n<h2>Caract\u00e9ristiques principales Qnubu Decarboxylator :<\/h2>\n<ul style=\"list-style-type: disc\">\n<li>D\u00e9carboxylation et infusion en un seul appareil<\/li>\n<li>Fonctionnement silencieux et inodore<\/li>\n<li>Temp\u00e9rature r\u00e9glable : 30&ordm;C \u00e0 100&ordm;C<\/li>\n<li>Capacit\u00e9 de stockage : 300 ml \u00e0 700 ml<\/li>\n<li>Fonction \u00ab\u00a0No Heat\u00a0\u00bb pour le traitement \u00e0 froid<\/li>\n<li>\u00c9cran LCD et commandes num\u00e9riques intuitives<\/li>\n<li>Arr\u00eat automatique et mode de s\u00e9curit\u00e9<\/li>\n<li>Facile \u00e0 nettoyer et \u00e9quip\u00e9 d&rsquo;accessoires utiles<\/li>\n<\/ul>\n<h2>Contenu de l&#8217;emballage Qnubu Decarboxylator<\/h2>\n<ul style=\"list-style-type: disc\">\n<li>1x Qnubu Decarboxylator<\/li>\n<li>1x c\u00e2ble d&rsquo;alimentation<\/li>\n<li>1x Manuel d&rsquo;utilisation multilingue (IT\/EN\/DE\/FR)<\/li>\n<\/ul>\n<h2>Caract\u00e9ristiques techniques Qnubu Decarboxylator :<\/h2>\n<ul style=\"list-style-type: disc\">\n<li><strong>Capacit\u00e9 :<\/strong> 300 &#8211; 700 ml<\/li>\n<li><strong>Plage de temp\u00e9rature :<\/strong> 30&ordm;C &#8211; 100&ordm;C<\/li>\n<li><strong>Courant :<\/strong> 1,82 A &#8211; 0,9 A<\/li>\n<li><strong>Fr\u00e9quence :<\/strong> 50\/60 Hz<\/li>\n<li><strong>Dimensions :<\/strong> 28 x 36 x 34 cm<\/li>\n<li><strong>Poids brut :<\/strong> 4,5 kg<\/li>\n<li><strong>Certifications :<\/strong> CE, ROHS<\/li>\n<\/ul>\n<h2>Pourquoi choisir le d\u00e9carboxylateur Qnubu :<\/h2>\n<p>Simple d&rsquo;utilisation, compact et polyvalent, cet appareil vous permet de contr\u00f4ler au maximum chaque \u00e9tape du processus de d\u00e9carboxylation et d&rsquo;infusion. Si vous souhaitez obtenir des produits naturels, personnalis\u00e9s et de haute qualit\u00e9 directement chez vous, <strong>le Qnubu Decarboxylator est la solution id\u00e9ale.<\/strong><\/p>\n","protected":false},"excerpt":{"rendered":"<p>Qnubu Decarboxylator &#8211; Extracteur botanique et d\u00e9carboxylation thermique contr\u00f4l\u00e9e Le Qnubu Decarboxylator est un appareil compact et multifonctionnel con\u00e7u pour<\/p>\n","protected":false},"featured_media":134579,"comment_status":"open","ping_status":"closed","template":"","meta":[],"product_brand":[],"product_cat":[7926],"product_tag":[],"class_list":{"0":"post-134599","1":"product","2":"type-product","3":"status-publish","4":"has-post-thumbnail","6":"product_cat-growshop-fr","8":"first","9":"instock","10":"taxable","11":"shipping-taxable","12":"purchasable","13":"product-type-simple"},"_links":{"self":[{"href":"https:\/\/www.budream.com\/fr\/wp-json\/wp\/v2\/product\/134599","targetHints":{"allow":["GET"]}}],"collection":[{"href":"https:\/\/www.budream.com\/fr\/wp-json\/wp\/v2\/product"}],"about":[{"href":"https:\/\/www.budream.com\/fr\/wp-json\/wp\/v2\/types\/product"}],"replies":[{"embeddable":true,"href":"https:\/\/www.budream.com\/fr\/wp-json\/wp\/v2\/comments?post=134599"}],"version-history":[{"count":1,"href":"https:\/\/www.budream.com\/fr\/wp-json\/wp\/v2\/product\/134599\/revisions"}],"predecessor-version":[{"id":262864,"href":"https:\/\/www.budream.com\/fr\/wp-json\/wp\/v2\/product\/134599\/revisions\/262864"}],"wp:featuredmedia":[{"embeddable":true,"href":"https:\/\/www.budream.com\/fr\/wp-json\/wp\/v2\/media\/134579"}],"wp:attachment":[{"href":"https:\/\/www.budream.com\/fr\/wp-json\/wp\/v2\/media?parent=134599"}],"wp:term":[{"taxonomy":"product_brand","embeddable":true,"href":"https:\/\/www.budream.com\/fr\/wp-json\/wp\/v2\/product_brand?post=134599"},{"taxonomy":"product_cat","embeddable":true,"href":"https:\/\/www.budream.com\/fr\/wp-json\/wp\/v2\/product_cat?post=134599"},{"taxonomy":"product_tag","embeddable":true,"href":"https:\/\/www.budream.com\/fr\/wp-json\/wp\/v2\/product_tag?post=134599"}],"curies":[{"name":"wp","href":"https:\/\/api.w.org\/{rel}","templated":true}]}}