{"id":134744,"date":"2025-07-31T02:06:31","date_gmt":"2025-07-31T00:06:31","guid":{"rendered":"https:\/\/www.budream.com\/shop\/flowermate-wix-vaporisateur-pour-extraits\/"},"modified":"2026-04-20T14:20:54","modified_gmt":"2026-04-20T12:20:54","slug":"flowermate-wix-vaporisateur-pour-extraits","status":"publish","type":"product","link":"https:\/\/www.budream.com\/fr\/shop\/flowermate-wix-vaporisateur-pour-extraits\/","title":{"rendered":"FLOWERMATE &#8211; WIX | VAPORISATEUR POUR EXTRAITS"},"content":{"rendered":"<p>Flowermate WIX est un stylo-vaporisateur \u00e0 utiliser avec des concentr\u00e9s\/de la cire\/de la r\u00e9sine et du hasch.<\/p>\n<p>Il s&rsquo;agit d&rsquo;un stylo-vaporisateur \u00e9l\u00e9gant et compact dot\u00e9 d&rsquo;un \u00e9l\u00e9ment chauffant en c\u00e9ramique pure et de <strong>trois temp\u00e9ratures pr\u00e9r\u00e9gl\u00e9es<\/strong>: haute, moyenne et basse. <\/p>\n<p>L&rsquo;ensemble de l&rsquo;appareil est fabriqu\u00e9 avec des mat\u00e9riaux de haute qualit\u00e9 et comprend un embout en c\u00e9ramique noire et une chambre de chauffe en borosilicate. <\/p>\n<p>WIX prend en charge la charge <strong>Type-C<\/strong>, une batterie de 350 mAh et un temps de pr\u00e9chauffage de 10 secondes, ce qui vous permet de profiter de dabs rapides \u00e0 tout moment, n&rsquo;importe o\u00f9.<br \/>Le mode de pr\u00e9chauffage alimente le stylo \u00e0 concentr\u00e9 WIX et garantit que l&rsquo;appareil est aliment\u00e9 et fonctionne avant que vous puissiez l&rsquo;utiliser.<\/p>\n<p>La batterie est \u00e9galement <strong>compatible avec toutes les cartouches 510<\/strong> du march\u00e9.<\/p>\n<h2><span style=\"text-decoration: underline\">Caract\u00e9ristiques du vaporisateur Flowermate Wix :<\/span><\/h2>\n<ul style=\"list-style-type: disc\">\n<li>Embout en zircone<\/li>\n<li>\u00c9l\u00e9ment chauffant en c\u00e9ramique pure<\/li>\n<li>Vaporisateur rempla\u00e7able<\/li>\n<li>3 temp\u00e9ratures pr\u00e9r\u00e9gl\u00e9es<\/li>\n<li>Pr\u00e9chauffage en 10 secondes<\/li>\n<li>Filetage compatible 510<\/li>\n<li>Chargement Type-C<\/li>\n<\/ul>\n<p><\/p>\n<h2><span style=\"text-decoration: underline\">D\u00e9tails du vaporisateur Flowermate Wix :<br \/><\/span><\/h2>\n<ul style=\"list-style-type: disc\">\n<li>Dimensions : 14,3 mm x 13,8 mm x 122,5 mm<\/li>\n<li>Capacit\u00e9 : 350 mAh<\/li>\n<li>Tension : premier bleu : 3,3 V ; deuxi\u00e8me vert : 3,6 V ; troisi\u00e8me rouge : 3,8 V<\/li>\n<li>Marche\/Arr\u00eat : En mode veille, appuyez sur le bouton pour l&rsquo;\u00e9teindre 5 fois en l&rsquo;espace de 2 secondes.<\/li>\n<\/ul>\n","protected":false},"excerpt":{"rendered":"<p>Flowermate WIX est un stylo-vaporisateur \u00e0 utiliser avec des concentr\u00e9s\/de la cire\/de la r\u00e9sine et du hasch. Il s&rsquo;agit d&rsquo;un<\/p>\n","protected":false},"featured_media":134724,"comment_status":"open","ping_status":"closed","template":"","meta":[],"product_brand":[],"product_cat":[7910],"product_tag":[],"class_list":{"0":"post-134744","1":"product","2":"type-product","3":"status-publish","4":"has-post-thumbnail","6":"product_cat-vaporisateurs","8":"first","9":"instock","10":"sale","11":"taxable","12":"shipping-taxable","13":"purchasable","14":"product-type-simple"},"_links":{"self":[{"href":"https:\/\/www.budream.com\/fr\/wp-json\/wp\/v2\/product\/134744","targetHints":{"allow":["GET"]}}],"collection":[{"href":"https:\/\/www.budream.com\/fr\/wp-json\/wp\/v2\/product"}],"about":[{"href":"https:\/\/www.budream.com\/fr\/wp-json\/wp\/v2\/types\/product"}],"replies":[{"embeddable":true,"href":"https:\/\/www.budream.com\/fr\/wp-json\/wp\/v2\/comments?post=134744"}],"version-history":[{"count":1,"href":"https:\/\/www.budream.com\/fr\/wp-json\/wp\/v2\/product\/134744\/revisions"}],"predecessor-version":[{"id":262472,"href":"https:\/\/www.budream.com\/fr\/wp-json\/wp\/v2\/product\/134744\/revisions\/262472"}],"wp:featuredmedia":[{"embeddable":true,"href":"https:\/\/www.budream.com\/fr\/wp-json\/wp\/v2\/media\/134724"}],"wp:attachment":[{"href":"https:\/\/www.budream.com\/fr\/wp-json\/wp\/v2\/media?parent=134744"}],"wp:term":[{"taxonomy":"product_brand","embeddable":true,"href":"https:\/\/www.budream.com\/fr\/wp-json\/wp\/v2\/product_brand?post=134744"},{"taxonomy":"product_cat","embeddable":true,"href":"https:\/\/www.budream.com\/fr\/wp-json\/wp\/v2\/product_cat?post=134744"},{"taxonomy":"product_tag","embeddable":true,"href":"https:\/\/www.budream.com\/fr\/wp-json\/wp\/v2\/product_tag?post=134744"}],"curies":[{"name":"wp","href":"https:\/\/api.w.org\/{rel}","templated":true}]}}