{"id":134809,"date":"2025-07-31T02:10:44","date_gmt":"2025-07-31T00:10:44","guid":{"rendered":"https:\/\/www.budream.com\/shop\/hemnia-pots-de-bien-etre-naturels-sommeil-30pcs\/"},"modified":"2026-02-19T16:48:13","modified_gmt":"2026-02-19T14:48:13","slug":"hemnia-pots-de-bien-etre-naturels-sommeil-30pcs","status":"publish","type":"product","link":"https:\/\/www.budream.com\/fr\/shop\/hemnia-pots-de-bien-etre-naturels-sommeil-30pcs\/","title":{"rendered":"HEMNIA &#8211; POTS DE BIEN-\u00caTRE NATURELS | SOMMEIL | 30pcs."},"content":{"rendered":"<p data-start=\"341\" data-end=\"670\">Votre nouvel alli\u00e9 pour un sommeil plus profond et plus r\u00e9parateur. Les patchs de sommeil Hemnia sont con\u00e7us pour vous aider \u00e0 vous d\u00e9tendre naturellement, en facilitant l&rsquo;endormissement et en am\u00e9liorant la qualit\u00e9 de votre repos nocturne. Il suffit de les appliquer avant de s&rsquo;endormir et de se laisser apaiser par la lib\u00e9ration constante et progressive des principes actifs.<\/p>\n<h2 data-start=\"672\" data-end=\"703\"><span style=\"text-decoration: underline\"><strong data-start=\"672\" data-end=\"701\">Propri\u00e9t\u00e9s et fonctions des patchs Hemnia Sommeil :<\/strong><\/span><\/h2>\n<ul style=\"list-style-type: disc\">\n<li>Favorise une relaxation profonde et naturelle ;<\/li>\n<li>Favorise le sommeil sans effets secondaires ;<\/li>\n<li>Lib\u00e9ration constante pendant la nuit pour un effet prolong\u00e9 ;<\/li>\n<li>Non invasif : pas de comprim\u00e9s ni de perfusions ;<\/li>\n<li>Enregistr\u00e9 comme cosm\u00e9tique : s\u00fbr et test\u00e9 ;<\/li>\n<\/ul>\n<p><\/p>\n<h2 data-start=\"672\" data-end=\"703\"><span style=\"text-decoration: underline\"><strong data-start=\"672\" data-end=\"701\">D\u00e9tails Patchs Hemnia pour le sommeil :<\/strong><\/span><\/h2>\n<ul style=\"list-style-type: disc\">\n<li>Quantit\u00e9 : 30 patchs ;<\/li>\n<li>Taille du patch : 3,5 x 3,5 cm ;<\/li>\n<li>Principaux ingr\u00e9dients : m\u00e9latonine, houblon, val\u00e9riane, lavande ;<\/li>\n<li>Conservation : \u00e0 conserver dans un endroit frais et sec, \u00e0 l&rsquo;abri de la lumi\u00e8re ;<\/li>\n<\/ul>\n","protected":false},"excerpt":{"rendered":"<p>Votre nouvel alli\u00e9 pour un sommeil plus profond et plus r\u00e9parateur. Les patchs de sommeil Hemnia sont con\u00e7us pour vous<\/p>\n","protected":false},"featured_media":134799,"comment_status":"open","ping_status":"closed","template":"","meta":[],"product_brand":[],"product_cat":[7926],"product_tag":[],"class_list":{"0":"post-134809","1":"product","2":"type-product","3":"status-publish","4":"has-post-thumbnail","6":"product_cat-growshop-fr","8":"first","9":"instock","10":"taxable","11":"shipping-taxable","12":"purchasable","13":"product-type-simple"},"aioseo_notices":[],"_links":{"self":[{"href":"https:\/\/www.budream.com\/fr\/wp-json\/wp\/v2\/product\/134809","targetHints":{"allow":["GET"]}}],"collection":[{"href":"https:\/\/www.budream.com\/fr\/wp-json\/wp\/v2\/product"}],"about":[{"href":"https:\/\/www.budream.com\/fr\/wp-json\/wp\/v2\/types\/product"}],"replies":[{"embeddable":true,"href":"https:\/\/www.budream.com\/fr\/wp-json\/wp\/v2\/comments?post=134809"}],"version-history":[{"count":0,"href":"https:\/\/www.budream.com\/fr\/wp-json\/wp\/v2\/product\/134809\/revisions"}],"wp:featuredmedia":[{"embeddable":true,"href":"https:\/\/www.budream.com\/fr\/wp-json\/wp\/v2\/media\/134799"}],"wp:attachment":[{"href":"https:\/\/www.budream.com\/fr\/wp-json\/wp\/v2\/media?parent=134809"}],"wp:term":[{"taxonomy":"product_brand","embeddable":true,"href":"https:\/\/www.budream.com\/fr\/wp-json\/wp\/v2\/product_brand?post=134809"},{"taxonomy":"product_cat","embeddable":true,"href":"https:\/\/www.budream.com\/fr\/wp-json\/wp\/v2\/product_cat?post=134809"},{"taxonomy":"product_tag","embeddable":true,"href":"https:\/\/www.budream.com\/fr\/wp-json\/wp\/v2\/product_tag?post=134809"}],"curies":[{"name":"wp","href":"https:\/\/api.w.org\/{rel}","templated":true}]}}