{"id":134849,"date":"2025-07-31T02:12:13","date_gmt":"2025-07-31T00:12:13","guid":{"rendered":"https:\/\/www.budream.com\/shop\/hemnia-pots-de-bien-etre-naturels-menopause-30pcs\/"},"modified":"2026-04-21T19:45:34","modified_gmt":"2026-04-21T17:45:34","slug":"hemnia-pots-de-bien-etre-naturels-menopause-30pcs","status":"publish","type":"product","link":"https:\/\/www.budream.com\/fr\/shop\/hemnia-pots-de-bien-etre-naturels-menopause-30pcs\/","title":{"rendered":"HEMNIA &#8211; POTS DE BIEN-\u00caTRE NATURELS | MENOPAUSE | 30pcs."},"content":{"rendered":"<p>Les patchs Hemnia M\u00e9nopause sont con\u00e7us pour offrir un soutien naturel lors des changements hormonaux de cette phase de la vie. Gr\u00e2ce \u00e0 des ingr\u00e9dients s\u00e9lectionn\u00e9s, ils aident \u00e0 soulager les sympt\u00f4mes les plus courants de la m\u00e9nopause et favorisent le bien-\u00eatre au quotidien.<\/p>\n<h2><span style=\"text-decoration: underline\"><strong>Propri\u00e9t\u00e9s et fonctions des patchs Hemnia M\u00e9nopause :<\/strong><\/span><\/h2>\n<ul style=\"list-style-type: disc\">\n<li>Ils favorisent l&rsquo;\u00e9quilibre hormonal et le bien-\u00eatre ;<\/li>\n<li>Ils aident \u00e0 soulager les sautes d&rsquo;humeur, les bouff\u00e9es de chaleur et la fatigue ;<\/li>\n<li>Soutien naturel et discret tout au long de la journ\u00e9e ;<\/li>\n<li>Peuvent \u00eatre utilis\u00e9s \u00e0 tout moment de la journ\u00e9e ;<\/li>\n<li>Enregistr\u00e9s comme cosm\u00e9tiques : s\u00fbrs et test\u00e9s ;<\/li>\n<\/ul>\n<p><\/p>\n<h2><span style=\"text-decoration: underline\"><strong>D\u00e9tails des patchs Hemnia pour la m\u00e9nopause :<\/strong><\/span><\/h2>\n<ul style=\"list-style-type: disc\">\n<li>Quantit\u00e9 : 30 patchs ;<\/li>\n<li>Taille des patchs : 3,2 x 3,2 cm ;<\/li>\n<li>Principaux ingr\u00e9dients : tr\u00e8fle rouge, sauge, gattilier ;<\/li>\n<li>Stockage : \u00e9viter l&rsquo;exposition \u00e0 la lumi\u00e8re directe et \u00e0 l&rsquo;humidit\u00e9 ;<\/li>\n<\/ul>\n","protected":false},"excerpt":{"rendered":"<p>Les patchs Hemnia M\u00e9nopause sont con\u00e7us pour offrir un soutien naturel lors des changements hormonaux de cette phase de la<\/p>\n","protected":false},"featured_media":134839,"comment_status":"open","ping_status":"closed","template":"","meta":[],"product_brand":[],"product_cat":[7913],"product_tag":[],"class_list":{"0":"post-134849","1":"product","2":"type-product","3":"status-publish","4":"has-post-thumbnail","6":"product_cat-cosmetiques","8":"first","9":"instock","10":"taxable","11":"shipping-taxable","12":"purchasable","13":"product-type-simple"},"aioseo_notices":[],"_links":{"self":[{"href":"https:\/\/www.budream.com\/fr\/wp-json\/wp\/v2\/product\/134849","targetHints":{"allow":["GET"]}}],"collection":[{"href":"https:\/\/www.budream.com\/fr\/wp-json\/wp\/v2\/product"}],"about":[{"href":"https:\/\/www.budream.com\/fr\/wp-json\/wp\/v2\/types\/product"}],"replies":[{"embeddable":true,"href":"https:\/\/www.budream.com\/fr\/wp-json\/wp\/v2\/comments?post=134849"}],"version-history":[{"count":0,"href":"https:\/\/www.budream.com\/fr\/wp-json\/wp\/v2\/product\/134849\/revisions"}],"wp:featuredmedia":[{"embeddable":true,"href":"https:\/\/www.budream.com\/fr\/wp-json\/wp\/v2\/media\/134839"}],"wp:attachment":[{"href":"https:\/\/www.budream.com\/fr\/wp-json\/wp\/v2\/media?parent=134849"}],"wp:term":[{"taxonomy":"product_brand","embeddable":true,"href":"https:\/\/www.budream.com\/fr\/wp-json\/wp\/v2\/product_brand?post=134849"},{"taxonomy":"product_cat","embeddable":true,"href":"https:\/\/www.budream.com\/fr\/wp-json\/wp\/v2\/product_cat?post=134849"},{"taxonomy":"product_tag","embeddable":true,"href":"https:\/\/www.budream.com\/fr\/wp-json\/wp\/v2\/product_tag?post=134849"}],"curies":[{"name":"wp","href":"https:\/\/api.w.org\/{rel}","templated":true}]}}