{"id":134864,"date":"2025-07-31T02:12:41","date_gmt":"2025-07-31T00:12:41","guid":{"rendered":"https:\/\/www.budream.com\/shop\/hemnia-pots-de-bien-etre-naturels-libido-30pcs\/"},"modified":"2026-04-21T19:45:05","modified_gmt":"2026-04-21T17:45:05","slug":"hemnia-pots-de-bien-etre-naturels-libido-30pcs","status":"publish","type":"product","link":"https:\/\/www.budream.com\/fr\/shop\/hemnia-pots-de-bien-etre-naturels-libido-30pcs\/","title":{"rendered":"HEMNIA &#8211; POTS DE BIEN-\u00caTRE NATURELS | LIBIDO | 30pcs."},"content":{"rendered":"<p>Les patchs de bien-\u00eatre Hemnia Libido sont con\u00e7us pour soutenir la vitalit\u00e9 et le d\u00e9sir sexuel de mani\u00e8re naturelle. Gr\u00e2ce \u00e0 une formulation \u00e9quilibr\u00e9e d&rsquo;extraits de plantes, ils favorisent l&rsquo;\u00e9quilibre hormonal et le bien-\u00eatre psychophysique, pour retrouver facilement \u00e9nergie et passion.<\/p>\n<h2><span style=\"text-decoration: underline\"><strong>Propri\u00e9t\u00e9s et fonctions Hemnia Libido patchs :<\/strong><\/span><\/h2>\n<ul style=\"list-style-type: disc\">\n<li>Soutiennent la vitalit\u00e9 sexuelle de mani\u00e8re naturelle ;<\/li>\n<li>Favorise l&rsquo;\u00e9quilibre hormonal et l&rsquo;\u00e9nergie ;<\/li>\n<li>Lib\u00e9ration progressive pour un effet constant ;<\/li>\n<li>Pratique et discret \u00e0 porter \u00e0 tout moment ;<\/li>\n<li>Enregistr\u00e9s comme cosm\u00e9tiques : s\u00fbrs et test\u00e9s ;<\/li>\n<\/ul>\n<p><\/p>\n<h2><span style=\"text-decoration: underline\"><strong>D\u00e9tails Patchs Hemnia Libido :<\/strong><\/span><\/h2>\n<ul style=\"list-style-type: disc\">\n<li>Quantit\u00e9 : 30 patchs ;<\/li>\n<li>Taille des patchs : 3,2 x 3,2 cm ;<\/li>\n<li>Ingr\u00e9dients principaux : ginseng, maca, tribulus terrestris ;<\/li>\n<li>Stockage : Stocker dans un endroit frais et sec, \u00e0 l&rsquo;abri de la lumi\u00e8re ;<\/li>\n<\/ul>\n","protected":false},"excerpt":{"rendered":"<p>Les patchs de bien-\u00eatre Hemnia Libido sont con\u00e7us pour soutenir la vitalit\u00e9 et le d\u00e9sir sexuel de mani\u00e8re naturelle. Gr\u00e2ce<\/p>\n","protected":false},"featured_media":134854,"comment_status":"open","ping_status":"closed","template":"","meta":[],"product_brand":[],"product_cat":[7913],"product_tag":[],"class_list":{"0":"post-134864","1":"product","2":"type-product","3":"status-publish","4":"has-post-thumbnail","6":"product_cat-cosmetiques","8":"first","9":"instock","10":"taxable","11":"shipping-taxable","12":"purchasable","13":"product-type-simple"},"_links":{"self":[{"href":"https:\/\/www.budream.com\/fr\/wp-json\/wp\/v2\/product\/134864","targetHints":{"allow":["GET"]}}],"collection":[{"href":"https:\/\/www.budream.com\/fr\/wp-json\/wp\/v2\/product"}],"about":[{"href":"https:\/\/www.budream.com\/fr\/wp-json\/wp\/v2\/types\/product"}],"replies":[{"embeddable":true,"href":"https:\/\/www.budream.com\/fr\/wp-json\/wp\/v2\/comments?post=134864"}],"version-history":[{"count":0,"href":"https:\/\/www.budream.com\/fr\/wp-json\/wp\/v2\/product\/134864\/revisions"}],"wp:featuredmedia":[{"embeddable":true,"href":"https:\/\/www.budream.com\/fr\/wp-json\/wp\/v2\/media\/134854"}],"wp:attachment":[{"href":"https:\/\/www.budream.com\/fr\/wp-json\/wp\/v2\/media?parent=134864"}],"wp:term":[{"taxonomy":"product_brand","embeddable":true,"href":"https:\/\/www.budream.com\/fr\/wp-json\/wp\/v2\/product_brand?post=134864"},{"taxonomy":"product_cat","embeddable":true,"href":"https:\/\/www.budream.com\/fr\/wp-json\/wp\/v2\/product_cat?post=134864"},{"taxonomy":"product_tag","embeddable":true,"href":"https:\/\/www.budream.com\/fr\/wp-json\/wp\/v2\/product_tag?post=134864"}],"curies":[{"name":"wp","href":"https:\/\/api.w.org\/{rel}","templated":true}]}}