{"id":134909,"date":"2025-07-31T02:14:34","date_gmt":"2025-07-31T00:14:34","guid":{"rendered":"https:\/\/www.budream.com\/shop\/paperhash-vegetable-silicone-sheets-medium-23x18cm-50-sheets\/"},"modified":"2026-03-09T17:58:17","modified_gmt":"2026-03-09T15:58:17","slug":"paperhash-vegetable-silicone-sheets-medium-23x18cm-50-sheets","status":"publish","type":"product","link":"https:\/\/www.budream.com\/fr\/shop\/paperhash-vegetable-silicone-sheets-medium-23x18cm-50-sheets\/","title":{"rendered":"PAPERHASH &#8211; VEGETABLE SILICONE SHEETS | MEDIUM 23x18cm &#8211; 50 SHEETS"},"content":{"rendered":"<p style=\"font-family: Verdana, sans-serif;color: #000000\">En r\u00e9ponse \u00e0 la demande croissante d&rsquo;un produit \u00e9cologiquement durable, PAPERHASH&copy; &#8211; SILICONISED VEGETABLE est un produit enti\u00e8rement v\u00e9g\u00e9tal, recouvert des deux c\u00f4t\u00e9s d&rsquo;une couche de silicone, ce qui le rend parfait pour le stockage, le s\u00e9chage et le traitement du haschisch et des r\u00e9sines.<\/p>\n<p style=\"font-family: Verdana, sans-serif;color: #000000\">Sa composition le rend \u00e9galement id\u00e9al pour les processus d&rsquo;extraction, garantissant une fonctionnalit\u00e9 sans pr\u00e9c\u00e9dent.<\/p>\n<p style=\"font-family: Verdana, sans-serif;color: #000000\">PaperHash, contrairement aux papiers de cuisson g\u00e9n\u00e9riques, n&rsquo;absorbe pas le produit et facilite la manipulation car il est antiadh\u00e9sif.<\/p>\n<p style=\"font-family: Verdana, sans-serif;color: #000000\"><strong>Tailles disponibles :<\/strong><\/p>\n<ul style=\"list-style-type: disc;font-family: Verdana, sans-serif;color: #000000\">\n<li><strong>PETIT<\/strong>: 100 pi\u00e8ces, format 12&times;12 cm<\/li>\n<li><strong>MEDIUM<\/strong>: 50 pi\u00e8ces, format 23&times;18 cm<\/li>\n<\/ul>\n","protected":false},"excerpt":{"rendered":"<p>En r\u00e9ponse \u00e0 la demande croissante d&rsquo;un produit \u00e9cologiquement durable, PAPERHASH&copy; &#8211; SILICONISED VEGETABLE est un produit enti\u00e8rement v\u00e9g\u00e9tal, recouvert<\/p>\n","protected":false},"featured_media":134904,"comment_status":"open","ping_status":"closed","template":"","meta":[],"product_brand":[],"product_cat":[7926],"product_tag":[],"class_list":{"0":"post-134909","1":"product","2":"type-product","3":"status-publish","4":"has-post-thumbnail","6":"product_cat-growshop-fr","8":"first","9":"instock","10":"taxable","11":"shipping-taxable","12":"purchasable","13":"product-type-simple"},"aioseo_notices":[],"_links":{"self":[{"href":"https:\/\/www.budream.com\/fr\/wp-json\/wp\/v2\/product\/134909","targetHints":{"allow":["GET"]}}],"collection":[{"href":"https:\/\/www.budream.com\/fr\/wp-json\/wp\/v2\/product"}],"about":[{"href":"https:\/\/www.budream.com\/fr\/wp-json\/wp\/v2\/types\/product"}],"replies":[{"embeddable":true,"href":"https:\/\/www.budream.com\/fr\/wp-json\/wp\/v2\/comments?post=134909"}],"version-history":[{"count":0,"href":"https:\/\/www.budream.com\/fr\/wp-json\/wp\/v2\/product\/134909\/revisions"}],"wp:featuredmedia":[{"embeddable":true,"href":"https:\/\/www.budream.com\/fr\/wp-json\/wp\/v2\/media\/134904"}],"wp:attachment":[{"href":"https:\/\/www.budream.com\/fr\/wp-json\/wp\/v2\/media?parent=134909"}],"wp:term":[{"taxonomy":"product_brand","embeddable":true,"href":"https:\/\/www.budream.com\/fr\/wp-json\/wp\/v2\/product_brand?post=134909"},{"taxonomy":"product_cat","embeddable":true,"href":"https:\/\/www.budream.com\/fr\/wp-json\/wp\/v2\/product_cat?post=134909"},{"taxonomy":"product_tag","embeddable":true,"href":"https:\/\/www.budream.com\/fr\/wp-json\/wp\/v2\/product_tag?post=134909"}],"curies":[{"name":"wp","href":"https:\/\/api.w.org\/{rel}","templated":true}]}}