{"id":135154,"date":"2025-07-31T02:24:14","date_gmt":"2025-07-31T00:24:14","guid":{"rendered":"https:\/\/www.budream.com\/shop\/banger-quartz-avec-cap-et-perles-terp-18mm-male\/"},"modified":"2026-02-06T13:49:16","modified_gmt":"2026-02-06T11:49:16","slug":"banger-quartz-avec-cap-et-perles-terp-18mm-male","status":"publish","type":"product","link":"https:\/\/www.budream.com\/fr\/shop\/banger-quartz-avec-cap-et-perles-terp-18mm-male\/","title":{"rendered":"BANGER QUARTZ AVEC CAP ET PERLES TERP | 18mm M\u00c2LE"},"content":{"rendered":"<p><span class=\"s1\"><span class=\"s1\">Les bangers Quartz sont les meilleurs bangers pour exprimer au mieux toutes les saveurs de vos concentr\u00e9s.<\/p>\n<p>Le banger est compl\u00e9t\u00e9 par un Carb Cap sp\u00e9cial et deux perles de dab.<\/p>\n<p>Le Carb Cap sp\u00e9cial comporte huit canaux d&rsquo;\u00e9coulement d&rsquo;air inclin\u00e9s qui transforment l&rsquo;air entrant en un v\u00e9ritable cyclone lorsqu&rsquo;il commence \u00e0 tourner. Cela garantit une vaporisation efficace de l&rsquo;extrait, tandis que les deux trous d&rsquo;air dans le carb cap peuvent \u00eatre utilis\u00e9s pour ajuster le flux d&rsquo;air, le d\u00e9veloppement de la vapeur et la temp\u00e9rature \u00e0 volont\u00e9.<\/p>\n<p>Les perles de terp\u00e8ne peuvent tr\u00e8s bien tourner dans ce banger, ce qui r\u00e9chauffe encore plus la vaporisation. On obtient ainsi la vapeur la plus savoureuse et la plus riche, m\u00eame \u00e0 partir de petits dabs.<\/p>\n<p><\/span><\/span><\/p>\n<h2><span style=\"text-decoration: underline\">Banger en quartz avec carb cap :<\/span><\/h2>\n<ul style=\"list-style-type: disc\">\n<li><span class=\"s1\">Brasero de type BANGER ;<\/span><\/li>\n<li><span class=\"s1\">100% quartz haute r\u00e9sistance ;<\/span><\/li>\n<li>capuchon de carb. en quartz ;<\/li>\n<li>2 perles de terre incluses ;<\/li>\n<li><span class=\"s1\"> raccord m\u00e2le de 18 mm ; <br \/><\/span><\/li>\n<\/ul>\n","protected":false},"excerpt":{"rendered":"<p>Les bangers Quartz sont les meilleurs bangers pour exprimer au mieux toutes les saveurs de vos concentr\u00e9s. Le banger est<\/p>\n","protected":false},"featured_media":135139,"comment_status":"open","ping_status":"closed","template":"","meta":[],"product_brand":[],"product_cat":[7926],"product_tag":[],"class_list":{"0":"post-135154","1":"product","2":"type-product","3":"status-publish","4":"has-post-thumbnail","6":"product_cat-growshop-fr","8":"first","9":"instock","10":"taxable","11":"shipping-taxable","12":"purchasable","13":"product-type-simple"},"_links":{"self":[{"href":"https:\/\/www.budream.com\/fr\/wp-json\/wp\/v2\/product\/135154","targetHints":{"allow":["GET"]}}],"collection":[{"href":"https:\/\/www.budream.com\/fr\/wp-json\/wp\/v2\/product"}],"about":[{"href":"https:\/\/www.budream.com\/fr\/wp-json\/wp\/v2\/types\/product"}],"replies":[{"embeddable":true,"href":"https:\/\/www.budream.com\/fr\/wp-json\/wp\/v2\/comments?post=135154"}],"version-history":[{"count":0,"href":"https:\/\/www.budream.com\/fr\/wp-json\/wp\/v2\/product\/135154\/revisions"}],"wp:featuredmedia":[{"embeddable":true,"href":"https:\/\/www.budream.com\/fr\/wp-json\/wp\/v2\/media\/135139"}],"wp:attachment":[{"href":"https:\/\/www.budream.com\/fr\/wp-json\/wp\/v2\/media?parent=135154"}],"wp:term":[{"taxonomy":"product_brand","embeddable":true,"href":"https:\/\/www.budream.com\/fr\/wp-json\/wp\/v2\/product_brand?post=135154"},{"taxonomy":"product_cat","embeddable":true,"href":"https:\/\/www.budream.com\/fr\/wp-json\/wp\/v2\/product_cat?post=135154"},{"taxonomy":"product_tag","embeddable":true,"href":"https:\/\/www.budream.com\/fr\/wp-json\/wp\/v2\/product_tag?post=135154"}],"curies":[{"name":"wp","href":"https:\/\/api.w.org\/{rel}","templated":true}]}}