{"id":135234,"date":"2025-07-31T02:26:43","date_gmt":"2025-07-31T00:26:43","guid":{"rendered":"https:\/\/www.budream.com\/shop\/humidificateur-professionnel-trau-fogger-tf-01-3-5l-h\/"},"modified":"2025-10-14T22:00:45","modified_gmt":"2025-10-14T20:00:45","slug":"humidificateur-professionnel-trau-fogger-tf-01-3-5l-h","status":"publish","type":"product","link":"https:\/\/www.budream.com\/fr\/shop\/humidificateur-professionnel-trau-fogger-tf-01-3-5l-h\/","title":{"rendered":"HUMIDIFICATEUR PROFESSIONNEL TRAU FOGGER TF-01 3-5L\/H"},"content":{"rendered":"<p>Humidificateur centrifuge avec un d\u00e9bit maximum de 5 l\/h.<\/p>\n<p>Humidificateur robuste et facile \u00e0 entretenir, simple \u00e0 installer, il ne n\u00e9cessite qu&rsquo;une prise de courant et une prise d&rsquo;eau. Ils fonctionnent avec tous les types d&rsquo;eau et ont une consommation minimale.<br \/>La temp\u00e9rature de l&rsquo;eau ne doit pas d\u00e9passer 40\u00b0C.<\/p>\n<p>&#8211; Tension : 100-240V~50-60Hz <br \/>&#8211; Puissance : 100W <br \/>&#8211; Fourni avec des accessoires pour le raccordement au r\u00e9seau d&rsquo;eau.<br \/>&#8211; R\u00e9servoir d&rsquo;eau : 5,3L<br \/> &#8211; D\u00e9bit maximum : 5 L\/h <br \/> &#8211; Silencieux : db<br \/>&#8211; Id\u00e9al pour les habitations jusqu&rsquo;\u00e0 30-35m\u00b2<br \/> &#8211; Id\u00e9al pour les serres <br \/>&#8211; Dimensions : 32x32x41H cm<br \/>&#8211; Poids : 4,5 kg<\/p>\n<div id=\"isChromeWebToolbarDiv\"> <\/div>\n","protected":false},"excerpt":{"rendered":"<p>Humidificateur centrifuge avec un d\u00e9bit maximum de 5 l\/h. Humidificateur robuste et facile \u00e0 entretenir, simple \u00e0 installer, il ne<\/p>\n","protected":false},"featured_media":135229,"comment_status":"open","ping_status":"closed","template":"","meta":[],"product_brand":[],"product_cat":[7926],"product_tag":[],"class_list":{"0":"post-135234","1":"product","2":"type-product","3":"status-publish","4":"has-post-thumbnail","6":"product_cat-growshop-fr","8":"first","9":"instock","10":"taxable","11":"shipping-taxable","12":"purchasable","13":"product-type-simple"},"aioseo_notices":[],"_links":{"self":[{"href":"https:\/\/www.budream.com\/fr\/wp-json\/wp\/v2\/product\/135234","targetHints":{"allow":["GET"]}}],"collection":[{"href":"https:\/\/www.budream.com\/fr\/wp-json\/wp\/v2\/product"}],"about":[{"href":"https:\/\/www.budream.com\/fr\/wp-json\/wp\/v2\/types\/product"}],"replies":[{"embeddable":true,"href":"https:\/\/www.budream.com\/fr\/wp-json\/wp\/v2\/comments?post=135234"}],"version-history":[{"count":0,"href":"https:\/\/www.budream.com\/fr\/wp-json\/wp\/v2\/product\/135234\/revisions"}],"wp:featuredmedia":[{"embeddable":true,"href":"https:\/\/www.budream.com\/fr\/wp-json\/wp\/v2\/media\/135229"}],"wp:attachment":[{"href":"https:\/\/www.budream.com\/fr\/wp-json\/wp\/v2\/media?parent=135234"}],"wp:term":[{"taxonomy":"product_brand","embeddable":true,"href":"https:\/\/www.budream.com\/fr\/wp-json\/wp\/v2\/product_brand?post=135234"},{"taxonomy":"product_cat","embeddable":true,"href":"https:\/\/www.budream.com\/fr\/wp-json\/wp\/v2\/product_cat?post=135234"},{"taxonomy":"product_tag","embeddable":true,"href":"https:\/\/www.budream.com\/fr\/wp-json\/wp\/v2\/product_tag?post=135234"}],"curies":[{"name":"wp","href":"https:\/\/api.w.org\/{rel}","templated":true}]}}