{"id":135279,"date":"2025-07-31T02:27:15","date_gmt":"2025-07-31T00:27:15","guid":{"rendered":"https:\/\/www.budream.com\/shop\/vapman-click-pure-cherry-wood-vaporisateur\/"},"modified":"2026-01-19T11:55:18","modified_gmt":"2026-01-19T09:55:18","slug":"vapman-click-pure-cherry-wood-vaporisateur","status":"publish","type":"product","link":"https:\/\/www.budream.com\/fr\/shop\/vapman-click-pure-cherry-wood-vaporisateur\/","title":{"rendered":"VAPMAN CLICK &#8211; PURE CHERRY WOOD | VAPORISATEUR"},"content":{"rendered":"<div style=\"font-family: Verdana, sans-serif;color: #000000\">\n<p>Le<strong>Vapman Click Pure Cherry Wood<\/strong> est l&rsquo;\u00e9volution parfaite du c\u00e9l\u00e8bre vaporisateur artisanal suisse, con\u00e7u pour offrir une exp\u00e9rience encore plus intuitive et performante. Fabriqu\u00e9 \u00e0 la main \u00e0 partir de bois de cerisier europ\u00e9en non trait\u00e9, il se distingue par sa beaut\u00e9 naturelle, sa compacit\u00e9 et sa qualit\u00e9 sans compromis.<\/p>\n<p>Le Vapman Click conserve le c\u0153ur de la philosophie Vapman : la vaporisation manuelle et enti\u00e8rement contr\u00f4lable, mais il introduit le <strong>nouveau syst\u00e8me<\/strong> <strong>\u00ab\u00a0click\u00a0\u00bb<\/strong>, qui signale clairement que la temp\u00e9rature id\u00e9ale a \u00e9t\u00e9 atteinte. Cette innovation rend l&rsquo;utilisation encore plus facile, plus pr\u00e9cise et plus satisfaisante, pour les d\u00e9butants comme pour les utilisateurs exp\u00e9riment\u00e9s.<\/p>\n<h2 style=\"text-decoration: underline\"><strong>Caract\u00e9ristiques et fonctionnalit\u00e9s du Vapman Click :<\/strong><\/h2>\n<p>Le <strong>Vapman Click<\/strong> se distingue par une combinaison gagnante de pr\u00e9cision, de praticit\u00e9 et de savoir-faire. Au c\u0153ur de l&rsquo;innovation se trouve le syst\u00e8me de <strong>clic thermique int\u00e9gr\u00e9<\/strong>, qui signale avec pr\u00e9cision lorsque la temp\u00e9rature id\u00e9ale de vapotage est atteinte (environ 180 &deg;C) et lorsqu&rsquo;elle refroidit : cela \u00e9limine tout doute quant \u00e0 l&rsquo;intensit\u00e9 de la flamme, ce qui rend l&rsquo;exp\u00e9rience accessible m\u00eame aux novices.<\/p>\n<p>La <strong>chambre de chauffe agrandie<\/strong>, d&rsquo;une capacit\u00e9 allant jusqu&rsquo;\u00e0 0,2 gramme, permet de choisir librement entre le micro-dosage et des sessions plus r\u00e9guli\u00e8res, tout en conservant une excellente efficacit\u00e9. Le <strong>contr\u00f4le enti\u00e8rement manuel de la chaleur<\/strong> permet \u00e0 l&rsquo;utilisateur de modeler la session selon ses pr\u00e9f\u00e9rences : plus douce et plus aromatique ou plus intense et plus dense.<\/p>\n<p>Le corps <strong>en bois de cerisier<\/strong> donne un aspect naturel et \u00e9l\u00e9gant, mais aussi une sensation de chaleur et d&rsquo;authenticit\u00e9, avec une finition artisanale exempte d&rsquo;\u00e9l\u00e9ments synth\u00e9tiques. De plus, gr\u00e2ce \u00e0 l&rsquo;<strong>absence de composants \u00e9lectroniques<\/strong>, le Vapman Click peut \u00eatre utilis\u00e9 n&rsquo;importe o\u00f9, sans piles ni prises de courant. Un v\u00e9ritable retour \u00e0 l&rsquo;essence du vapotage, mais avec toute la qualit\u00e9 et la s\u00e9curit\u00e9 d&rsquo;un produit con\u00e7u et fabriqu\u00e9 avec le souci du d\u00e9tail.<\/p>\n<h2 style=\"text-decoration: underline\"><strong>Vapman Click VS Vapman 2.0 : comparaison<\/strong><\/h2>\n<p>Compar\u00e9 au mod\u00e8le pr\u00e9c\u00e9dent, le Vapman 2.0, le nouveau Vapman Click introduit des changements significatifs qui am\u00e9liorent l&rsquo;exp\u00e9rience de l&rsquo;utilisateur. L&rsquo;am\u00e9lioration la plus \u00e9vidente est l&rsquo;ajout du <strong>m\u00e9canisme \u00ab\u00a0click\u00a0\u00bb,<\/strong> qui signale de mani\u00e8re audible que la temp\u00e9rature optimale a \u00e9t\u00e9 atteinte &#8211; une v\u00e9ritable r\u00e9volution pour ceux qui veulent de la pr\u00e9cision sans avoir \u00e0 apprendre par c\u0153ur les techniques de chauffe.<\/p>\n<p>La <strong>chambre de remplissage<\/strong> a \u00e9galement \u00e9t\u00e9 optimis\u00e9e, avec une plus grande capacit\u00e9 et une meilleure r\u00e9partition de la chaleur. La <strong>construction interne est plus robuste<\/strong>, gr\u00e2ce \u00e0 des mat\u00e9riaux am\u00e9lior\u00e9s et \u00e0 une meilleure soudure, tandis que la gestion du flux d&rsquo;air a \u00e9t\u00e9 perfectionn\u00e9e pour offrir un tirage plus doux et plus aromatique. Esth\u00e9tiquement, le Vapman Click conserve le design \u00e9pur\u00e9 et minimaliste qui l&rsquo;a rendu c\u00e9l\u00e8bre, mais avec une qualit\u00e9 per\u00e7ue encore plus \u00e9lev\u00e9e gr\u00e2ce \u00e0 une fabrication impeccable.<\/p>\n<p><strong>D\u00e9couvrez la beaut\u00e9 et la fonctionnalit\u00e9 du Vapman Click Pure Cherry Wood<\/strong>: un vaporisateur manuel qui allie tradition, innovation et libert\u00e9 d&rsquo;utilisation totale. Si vous aimez l&rsquo;essence d&rsquo;un vapotage sans compromis et que vous recherchez la plus haute qualit\u00e9 artisanale, cet appareil est fait pour vous.<\/p>\n<h2 style=\"text-decoration: underline\"><strong>D\u00e9tails techniques Vapman Click :<\/strong><\/h2>\n<ul style=\"list-style-type: disc\">\n<li>Mat\u00e9riaux : bois de cerisier europ\u00e9en non trait\u00e9, laiton, acier inoxydable et mica naturel ;<\/li>\n<li>Chauffage : flamme manuelle, avec indicateur de temp\u00e9rature \u00ab\u00a0click\u00a0\u00bb ;<\/li>\n<li>Capacit\u00e9 du four : jusqu&rsquo;\u00e0 0,2 g d&rsquo;herbe s\u00e8che (id\u00e9al \u00e9galement pour le micro-dosage) ;<\/li>\n<li>Contr\u00f4le de la temp\u00e9rature : enti\u00e8rement manuel, sans \u00e9lectronique ;<\/li>\n<li>Portabilit\u00e9 : extr\u00eamement compact, l\u00e9ger et durable ;<\/li>\n<li>Production : fabriqu\u00e9 \u00e0 la main en Suisse avec des mat\u00e9riaux naturels et un traitement durable ;<\/li>\n<\/ul>\n<\/div>\n","protected":false},"excerpt":{"rendered":"<p>LeVapman Click Pure Cherry Wood est l&rsquo;\u00e9volution parfaite du c\u00e9l\u00e8bre vaporisateur artisanal suisse, con\u00e7u pour offrir une exp\u00e9rience encore plus<\/p>\n","protected":false},"featured_media":135239,"comment_status":"open","ping_status":"closed","template":"","meta":[],"product_brand":[],"product_cat":[7910],"product_tag":[],"class_list":{"0":"post-135279","1":"product","2":"type-product","3":"status-publish","4":"has-post-thumbnail","6":"product_cat-vaporisateurs","8":"first","9":"instock","10":"sale","11":"taxable","12":"shipping-taxable","13":"purchasable","14":"product-type-simple"},"aioseo_notices":[],"_links":{"self":[{"href":"https:\/\/www.budream.com\/fr\/wp-json\/wp\/v2\/product\/135279","targetHints":{"allow":["GET"]}}],"collection":[{"href":"https:\/\/www.budream.com\/fr\/wp-json\/wp\/v2\/product"}],"about":[{"href":"https:\/\/www.budream.com\/fr\/wp-json\/wp\/v2\/types\/product"}],"replies":[{"embeddable":true,"href":"https:\/\/www.budream.com\/fr\/wp-json\/wp\/v2\/comments?post=135279"}],"version-history":[{"count":0,"href":"https:\/\/www.budream.com\/fr\/wp-json\/wp\/v2\/product\/135279\/revisions"}],"wp:featuredmedia":[{"embeddable":true,"href":"https:\/\/www.budream.com\/fr\/wp-json\/wp\/v2\/media\/135239"}],"wp:attachment":[{"href":"https:\/\/www.budream.com\/fr\/wp-json\/wp\/v2\/media?parent=135279"}],"wp:term":[{"taxonomy":"product_brand","embeddable":true,"href":"https:\/\/www.budream.com\/fr\/wp-json\/wp\/v2\/product_brand?post=135279"},{"taxonomy":"product_cat","embeddable":true,"href":"https:\/\/www.budream.com\/fr\/wp-json\/wp\/v2\/product_cat?post=135279"},{"taxonomy":"product_tag","embeddable":true,"href":"https:\/\/www.budream.com\/fr\/wp-json\/wp\/v2\/product_tag?post=135279"}],"curies":[{"name":"wp","href":"https:\/\/api.w.org\/{rel}","templated":true}]}}