{"id":135354,"date":"2025-07-31T02:28:16","date_gmt":"2025-07-31T00:28:16","guid":{"rendered":"https:\/\/www.budream.com\/shop\/vapman-lotus-olive-vaporisateur-en-bois\/"},"modified":"2026-01-19T11:56:22","modified_gmt":"2026-01-19T09:56:22","slug":"vapman-lotus-olive-vaporisateur-en-bois","status":"publish","type":"product","link":"https:\/\/www.budream.com\/fr\/shop\/vapman-lotus-olive-vaporisateur-en-bois\/","title":{"rendered":"VAPMAN LOTUS &#8211; OLIVE | VAPORISATEUR EN BOIS"},"content":{"rendered":"<div style=\"font-family: Verdana, sans-serif;color: #212529\">\n<p><strong>Vapman Lotus Vaporizer Kit Olive <\/strong> est un vaporisateur portable design, fabriqu\u00e9 \u00e0 la main \u00e0 partir de bois d&rsquo;olivier europ\u00e9en et d&rsquo;acier inoxydable. Bas\u00e9 sur une technique de <em>convection pure<\/em>, il fournit un flux d&rsquo;air frais et un chauffage uniforme pour une exp\u00e9rience aromatique et intense de type pipe, mais sans combustion.<\/p>\n<h2 style=\"text-decoration: underline\"><strong>Caract\u00e9ristiques principales du Vapman Lotus :<\/strong><\/h2>\n<p>Au c\u0153ur du Lotus se trouve le triple passage de l&rsquo;air frais \u00e0 travers le capuchon en bois et les plaques d&rsquo;acier, puis dans le mat\u00e9riel fra\u00eechement chauff\u00e9, d\u00e9livrant des ar\u00f4mes purs et des nuages de vapeur denses. Gr\u00e2ce \u00e0 l&rsquo;allumage par jet de flamme, la vapeur est cr\u00e9\u00e9e en seulement 3 secondes, sans pile ni \u00e9lectronique, ce qui est parfait pour ceux qui recherchent une exp\u00e9rience durable et \u00e0 port\u00e9e de main.<\/p>\n<p>La chambre de 0,3 g est id\u00e9ale pour les sessions uniques ou plus longues, tandis que l&rsquo;adaptateur et le cylindre en verre de 14 mm permettent \u00e9galement une utilisation avec des bongs ou des pipes \u00e0 eau. Le bouton magn\u00e9tique int\u00e9gr\u00e9 sert \u00e9galement d&rsquo;agitateur pour un chauffage homog\u00e8ne entre les sessions.<\/p>\n<h2 style=\"text-decoration: underline\"><strong>Pourquoi vous aimerez le Vapman Lotus :<\/strong><\/h2>\n<p>Le Lotus Vaporizer Kit vous s\u00e9duira d\u00e8s la premi\u00e8re utilisation gr\u00e2ce \u00e0 son efficacit\u00e9 de convection pure, qui permet d&rsquo;obtenir une vapeur \u00e9paisse et aromatique sans jamais atteindre la combustion. Le chauffage est imm\u00e9diat : quelques secondes suffisent pour lib\u00e9rer une vapeur intense et agr\u00e9able, sans avoir \u00e0 attendre le temps de pr\u00e9chauffage ni \u00e0 se soucier de la batterie. L&rsquo;absence totale de composants \u00e9lectroniques le rend fiable et toujours pr\u00eat \u00e0 l&#8217;emploi, un compagnon id\u00e9al pour ceux qui recherchent l&rsquo;ind\u00e9pendance et la praticit\u00e9. Le design en bois d&rsquo;olivier fabriqu\u00e9 \u00e0 la main conf\u00e8re \u00e0 l&rsquo;appareil une esth\u00e9tique chaleureuse et naturelle : chaque pi\u00e8ce est unique, comme une \u0153uvre d&rsquo;art. La compatibilit\u00e9 avec les adaptateurs de 14 mm permet \u00e9galement de l&rsquo;utiliser avec des pipes \u00e0 eau, ce qui \u00e9largit l&rsquo;exp\u00e9rience de vapotage. Enfin, le contr\u00f4le manuel de la flamme permet une interaction authentique et consciente avec l&rsquo;appareil, pour une session vraiment personnelle.<\/p>\n<p>Apportez le Lotus Vaporizer Kit &#8211; Olive Wood dans votre kit : laissez-vous surprendre par la puissance de la convection pure, dans un objet qui allie artisanat traditionnel et performances modernes.<\/p>\n<h2 style=\"text-decoration: underline\"><strong>Contenu du kit et d\u00e9tails techniques :<\/strong><\/h2>\n<ul style=\"list-style-type: disc\">\n<li>Comprend : capuchon en bois d&rsquo;olivier, chambre en acier de 14 mm, cylindre en verre, adaptateur, entonnoir pour concentr\u00e9s ;<\/li>\n<li>Capacit\u00e9 de vapeur : jusqu&rsquo;\u00e0 0,3 g d&rsquo;herbes ou de concentr\u00e9s ;<\/li>\n<li>Mat\u00e9riaux : bois d&rsquo;olivier, acier inoxydable, verre borosilicat\u00e9 ;<\/li>\n<li>Poids et dimensions : environ 180 g, 160&times;120&times;55 mm ;<\/li>\n<li>M\u00e9thode de chauffage : flamme \u00e0 jet, pas d&rsquo;\u00e9lectronique ;<\/li>\n<li>Entretien facile : nettoyage au coton-fioc ou \u00e0 la brosse, pi\u00e8ces de rechange disponibles ;<\/li>\n<\/ul>\n<\/div>\n","protected":false},"excerpt":{"rendered":"<p>Vapman Lotus Vaporizer Kit Olive est un vaporisateur portable design, fabriqu\u00e9 \u00e0 la main \u00e0 partir de bois d&rsquo;olivier europ\u00e9en<\/p>\n","protected":false},"featured_media":135329,"comment_status":"open","ping_status":"closed","template":"","meta":[],"product_brand":[],"product_cat":[7910],"product_tag":[],"class_list":{"0":"post-135354","1":"product","2":"type-product","3":"status-publish","4":"has-post-thumbnail","6":"product_cat-vaporisateurs","8":"first","9":"instock","10":"sale","11":"taxable","12":"shipping-taxable","13":"purchasable","14":"product-type-simple"},"aioseo_notices":[],"_links":{"self":[{"href":"https:\/\/www.budream.com\/fr\/wp-json\/wp\/v2\/product\/135354","targetHints":{"allow":["GET"]}}],"collection":[{"href":"https:\/\/www.budream.com\/fr\/wp-json\/wp\/v2\/product"}],"about":[{"href":"https:\/\/www.budream.com\/fr\/wp-json\/wp\/v2\/types\/product"}],"replies":[{"embeddable":true,"href":"https:\/\/www.budream.com\/fr\/wp-json\/wp\/v2\/comments?post=135354"}],"version-history":[{"count":0,"href":"https:\/\/www.budream.com\/fr\/wp-json\/wp\/v2\/product\/135354\/revisions"}],"wp:featuredmedia":[{"embeddable":true,"href":"https:\/\/www.budream.com\/fr\/wp-json\/wp\/v2\/media\/135329"}],"wp:attachment":[{"href":"https:\/\/www.budream.com\/fr\/wp-json\/wp\/v2\/media?parent=135354"}],"wp:term":[{"taxonomy":"product_brand","embeddable":true,"href":"https:\/\/www.budream.com\/fr\/wp-json\/wp\/v2\/product_brand?post=135354"},{"taxonomy":"product_cat","embeddable":true,"href":"https:\/\/www.budream.com\/fr\/wp-json\/wp\/v2\/product_cat?post=135354"},{"taxonomy":"product_tag","embeddable":true,"href":"https:\/\/www.budream.com\/fr\/wp-json\/wp\/v2\/product_tag?post=135354"}],"curies":[{"name":"wp","href":"https:\/\/api.w.org\/{rel}","templated":true}]}}