{"id":135374,"date":"2025-07-31T02:28:45","date_gmt":"2025-07-31T00:28:45","guid":{"rendered":"https:\/\/www.budream.com\/shop\/vapman-lotus-noyer-vaporisateur-en-bois\/"},"modified":"2026-01-19T11:56:51","modified_gmt":"2026-01-19T09:56:51","slug":"vapman-lotus-noyer-vaporisateur-en-bois","status":"publish","type":"product","link":"https:\/\/www.budream.com\/fr\/shop\/vapman-lotus-noyer-vaporisateur-en-bois\/","title":{"rendered":"VAPMAN LOTUS &#8211; NOYER | VAPORISATEUR EN BOIS"},"content":{"rendered":"<div style=\"font-family: Verdana, sans-serif;color: #212529\">\n<p><strong>Vapman Lotus Vaporizer Kit Walnut<\/strong> est un vaporisateur portable \u00e0 l&rsquo;esth\u00e9tique raffin\u00e9e, fabriqu\u00e9 \u00e0 la main \u00e0 partir de bois de noyer europ\u00e9en et de composants en acier inoxydable. Bas\u00e9 sur la puissante technique de <em>convection pure<\/em>, il offre une exp\u00e9rience de vaporisation propre et sans combustion, id\u00e9ale pour les amateurs de sessions aromatiques et contr\u00f4l\u00e9es.<\/p>\n<h2 style=\"text-decoration: underline\"><strong>Caract\u00e9ristiques principales du Vapman Lotus :<\/strong><\/h2>\n<p>Le Lotus Walnut utilise un triple circuit de passage d&rsquo;air : l&rsquo;air filtr\u00e9 passe d&rsquo;abord \u00e0 travers le capuchon en bois, puis entre les plaques d&rsquo;acier et enfin \u00e0 travers le mat\u00e9riau chauff\u00e9, ce qui garantit une vapeur \u00e9paisse et savoureuse. Le chauffage par jet de flamme est imm\u00e9diat et ne prend que quelques secondes, ce qui \u00e9limine le besoin de piles ou d&rsquo;\u00e9lectronique.<\/p>\n<p>La chambre de 0,3 g est id\u00e9ale pour les micro-doses et les sessions plus compl\u00e8tes. Le kit comprend la tige de verre de 14 mm et l&rsquo;adaptateur permettant de la raccorder \u00e0 une pipe \u00e0 eau ou \u00e0 un bang. Le bouton magn\u00e9tique int\u00e9gr\u00e9 remplit une double fonction : fermer le capuchon et remuer la mati\u00e8re pour une chauffe homog\u00e8ne.<\/p>\n<h2 style=\"text-decoration: underline\"><strong>Pourquoi vous l&rsquo;aimerez :<\/strong><\/h2>\n<p>Vous appr\u00e9cierez imm\u00e9diatement l&rsquo;efficacit\u00e9 du Lotus Walnut gr\u00e2ce \u00e0 la convection pure, capable de g\u00e9n\u00e9rer une vapeur cors\u00e9e sans jamais endommager ou br\u00fbler le mat\u00e9riel. Le chauffage quasi instantan\u00e9 permet d&rsquo;obtenir des r\u00e9sultats en 3 \u00e0 5 secondes, tandis que l&rsquo;absence totale d&rsquo;\u00e9lectronique le rend incroyablement fiable et durable : id\u00e9al pour l&#8217;emporter partout. Le bois de noyer fin conf\u00e8re \u00e0 l&rsquo;appareil un caract\u00e8re \u00e9l\u00e9gant et distinctif, avec une finition artisanale qui le rend unique. Gr\u00e2ce \u00e0 l&rsquo;adaptateur de 14 mm, le Lotus devient compatible avec les tuyaux d&rsquo;eau, ce qui \u00e9largit les possibilit\u00e9s d&rsquo;utilisation. Enfin, le contr\u00f4le manuel de la flamme vous permet d&rsquo;\u00e9tablir un lien authentique avec le processus de vapotage.<\/p>\n<p><strong>D\u00e9couvrez l&rsquo;attrait et la fonctionnalit\u00e9 du Vapman Lotus, <\/strong>un vaporisateur compact, durable et \u00e9l\u00e9gant con\u00e7u pour durer. Un vaporisateur qui combine artisanat et performance en un seul objet raffin\u00e9.<\/p>\n<h2 style=\"text-decoration: underline\"><strong>Contenu du kit et d\u00e9tails techniques :<\/strong><\/h2>\n<ul style=\"list-style-type: disc\">\n<li>Comprend : capuchon en bois de noyer, chambre en acier de 14 mm, cylindre en verre, adaptateur de 14 mm, entonnoir pour les concentr\u00e9s ;<\/li>\n<li>Capacit\u00e9 de vapeur : jusqu&rsquo;\u00e0 0,3 g d&rsquo;herbes ou de concentr\u00e9s ;<\/li>\n<li>Mat\u00e9riaux : bois de noyer europ\u00e9en, acier inoxydable, verre borosilicat\u00e9 ;<\/li>\n<li>Poids et dimensions : environ 180 g, 160&times;120&times;55 mm ;<\/li>\n<li>M\u00e9thode de chauffage : flamme \u00e0 jet, pas d&rsquo;\u00e9lectronique ;<\/li>\n<li>Entretien facile : nettoyage au coton-fioc ou \u00e0 la brosse ; pi\u00e8ces de rechange disponibles ;<\/li>\n<\/ul>\n<\/div>\n","protected":false},"excerpt":{"rendered":"<p>Vapman Lotus Vaporizer Kit Walnut est un vaporisateur portable \u00e0 l&rsquo;esth\u00e9tique raffin\u00e9e, fabriqu\u00e9 \u00e0 la main \u00e0 partir de bois<\/p>\n","protected":false},"featured_media":135359,"comment_status":"open","ping_status":"closed","template":"","meta":[],"product_brand":[],"product_cat":[7910],"product_tag":[],"class_list":{"0":"post-135374","1":"product","2":"type-product","3":"status-publish","4":"has-post-thumbnail","6":"product_cat-vaporisateurs","8":"first","9":"instock","10":"sale","11":"taxable","12":"shipping-taxable","13":"purchasable","14":"product-type-simple"},"aioseo_notices":[],"_links":{"self":[{"href":"https:\/\/www.budream.com\/fr\/wp-json\/wp\/v2\/product\/135374","targetHints":{"allow":["GET"]}}],"collection":[{"href":"https:\/\/www.budream.com\/fr\/wp-json\/wp\/v2\/product"}],"about":[{"href":"https:\/\/www.budream.com\/fr\/wp-json\/wp\/v2\/types\/product"}],"replies":[{"embeddable":true,"href":"https:\/\/www.budream.com\/fr\/wp-json\/wp\/v2\/comments?post=135374"}],"version-history":[{"count":0,"href":"https:\/\/www.budream.com\/fr\/wp-json\/wp\/v2\/product\/135374\/revisions"}],"wp:featuredmedia":[{"embeddable":true,"href":"https:\/\/www.budream.com\/fr\/wp-json\/wp\/v2\/media\/135359"}],"wp:attachment":[{"href":"https:\/\/www.budream.com\/fr\/wp-json\/wp\/v2\/media?parent=135374"}],"wp:term":[{"taxonomy":"product_brand","embeddable":true,"href":"https:\/\/www.budream.com\/fr\/wp-json\/wp\/v2\/product_brand?post=135374"},{"taxonomy":"product_cat","embeddable":true,"href":"https:\/\/www.budream.com\/fr\/wp-json\/wp\/v2\/product_cat?post=135374"},{"taxonomy":"product_tag","embeddable":true,"href":"https:\/\/www.budream.com\/fr\/wp-json\/wp\/v2\/product_tag?post=135374"}],"curies":[{"name":"wp","href":"https:\/\/api.w.org\/{rel}","templated":true}]}}