{"id":135409,"date":"2025-07-31T02:30:30","date_gmt":"2025-07-31T00:30:30","guid":{"rendered":"https:\/\/www.budream.com\/shop\/weedlez-active-carbon-filters-big-flow-o-7mm-250pcs\/"},"modified":"2026-03-26T18:13:06","modified_gmt":"2026-03-26T16:13:06","slug":"weedlez-active-carbon-filters-big-flow-o-7mm-250pcs","status":"publish","type":"product","link":"https:\/\/www.budream.com\/fr\/shop\/weedlez-active-carbon-filters-big-flow-o-7mm-250pcs\/","title":{"rendered":"WEEDLEZ &#8211; ACTIVE CARBON FILTERS | BIG FLOW \u00d8 7mm &#8211; 250pcs."},"content":{"rendered":"<p>Les nouveaux filtres \u00e0 charbon actif de qualit\u00e9 sup\u00e9rieure <strong>Weedlez<\/strong> FILTER sont d\u00e9sormais disponibles dans une taille plus grande que jamais ! Avec notre dernier ajout \u00e0 la gamme, nous voulons vous offrir une exp\u00e9rience encore plus satisfaisante, adapt\u00e9e \u00e0 vos besoins de culture. <br \/>La nouvelle taille g\u00e9n\u00e9reuse augmente non seulement la capacit\u00e9, mais aussi l&rsquo;efficacit\u00e9 et la polyvalence de notre produit, ce qui en fait le choix id\u00e9al pour ceux qui recherchent des performances sup\u00e9rieures et une commodit\u00e9 sans compromis.<\/p>\n<p><strong>NOUVELLE TAILLE DE 7 MM DE DIAM\u00c8TRE !<\/strong><\/p>\n<h2><span style=\"text-decoration: underline\"><strong>Les avantages du filtre \u00e0 charbon actif Weedlez FILTER de 7 mm de diam\u00e8tre :<\/strong><\/span><\/h2>\n<ul style=\"list-style-type: disc\">\n<li>Rouler devient plus facile<\/li>\n<li>Meilleure prise en main<\/li>\n<li>Ne surchauffe pas<\/li>\n<li>N&rsquo;est pas affect\u00e9 par les variations de temp\u00e9rature ext\u00e9rieure<\/li>\n<li>Con\u00e7u pour le plaisir de partager<\/li>\n<\/ul>\n","protected":false},"excerpt":{"rendered":"<p>Les nouveaux filtres \u00e0 charbon actif de qualit\u00e9 sup\u00e9rieure Weedlez FILTER sont d\u00e9sormais disponibles dans une taille plus grande que<\/p>\n","protected":false},"featured_media":135404,"comment_status":"open","ping_status":"closed","template":"","meta":[],"product_brand":[],"product_cat":[7949],"product_tag":[],"class_list":{"0":"post-135409","1":"product","2":"type-product","3":"status-publish","4":"has-post-thumbnail","6":"product_cat-headshop-fr","8":"first","9":"instock","10":"taxable","11":"shipping-taxable","12":"purchasable","13":"product-type-simple"},"aioseo_notices":[],"_links":{"self":[{"href":"https:\/\/www.budream.com\/fr\/wp-json\/wp\/v2\/product\/135409","targetHints":{"allow":["GET"]}}],"collection":[{"href":"https:\/\/www.budream.com\/fr\/wp-json\/wp\/v2\/product"}],"about":[{"href":"https:\/\/www.budream.com\/fr\/wp-json\/wp\/v2\/types\/product"}],"replies":[{"embeddable":true,"href":"https:\/\/www.budream.com\/fr\/wp-json\/wp\/v2\/comments?post=135409"}],"version-history":[{"count":0,"href":"https:\/\/www.budream.com\/fr\/wp-json\/wp\/v2\/product\/135409\/revisions"}],"wp:featuredmedia":[{"embeddable":true,"href":"https:\/\/www.budream.com\/fr\/wp-json\/wp\/v2\/media\/135404"}],"wp:attachment":[{"href":"https:\/\/www.budream.com\/fr\/wp-json\/wp\/v2\/media?parent=135409"}],"wp:term":[{"taxonomy":"product_brand","embeddable":true,"href":"https:\/\/www.budream.com\/fr\/wp-json\/wp\/v2\/product_brand?post=135409"},{"taxonomy":"product_cat","embeddable":true,"href":"https:\/\/www.budream.com\/fr\/wp-json\/wp\/v2\/product_cat?post=135409"},{"taxonomy":"product_tag","embeddable":true,"href":"https:\/\/www.budream.com\/fr\/wp-json\/wp\/v2\/product_tag?post=135409"}],"curies":[{"name":"wp","href":"https:\/\/api.w.org\/{rel}","templated":true}]}}