{"id":135429,"date":"2025-07-31T02:31:01","date_gmt":"2025-07-31T00:31:01","guid":{"rendered":"https:\/\/www.budream.com\/shop\/storzbickel-etui-de-voyage-pour-venty\/"},"modified":"2026-04-24T15:17:40","modified_gmt":"2026-04-24T13:17:40","slug":"storzbickel-etui-de-voyage-pour-venty","status":"publish","type":"product","link":"https:\/\/www.budream.com\/fr\/shop\/storzbickel-etui-de-voyage-pour-venty\/","title":{"rendered":"STORZ&amp;BICKEL &#8211; \u00c9TUI DE VOYAGE POUR VENTY"},"content":{"rendered":"<p>\u00c9tui de voyage rigide et inodore pour votre Venty. Transportez votre Crafty en toute s\u00e9curit\u00e9 avec vous \u00e0 tout moment. Gr\u00e2ce \u00e0 l&rsquo;\u00e9tui rigide, votre appareil est prot\u00e9g\u00e9 de mani\u00e8re optimale. <\/p>\n<p><strong>VAPORISATEUR NON INCLUS<\/strong><\/p>\n<h2><span style=\"text-decoration: underline\">Storz &amp; Bickel &#8211; l&rsquo;\u00e9tui de voyage comprend :<\/span><\/h2>\n<ul style=\"list-style-type: disc\">\n<li>\u00c9tui de voyage rigide pour Venty ;<\/li>\n<\/ul>\n","protected":false},"excerpt":{"rendered":"<p>\u00c9tui de voyage rigide et inodore pour votre Venty. Transportez votre Crafty en toute s\u00e9curit\u00e9 avec vous \u00e0 tout moment.<\/p>\n","protected":false},"featured_media":135414,"comment_status":"open","ping_status":"closed","template":"","meta":[],"product_brand":[],"product_cat":[7910],"product_tag":[],"class_list":{"0":"post-135429","1":"product","2":"type-product","3":"status-publish","4":"has-post-thumbnail","6":"product_cat-vaporisateurs","8":"first","9":"instock","10":"sale","11":"taxable","12":"shipping-taxable","13":"purchasable","14":"product-type-simple"},"aioseo_notices":[],"_links":{"self":[{"href":"https:\/\/www.budream.com\/fr\/wp-json\/wp\/v2\/product\/135429","targetHints":{"allow":["GET"]}}],"collection":[{"href":"https:\/\/www.budream.com\/fr\/wp-json\/wp\/v2\/product"}],"about":[{"href":"https:\/\/www.budream.com\/fr\/wp-json\/wp\/v2\/types\/product"}],"replies":[{"embeddable":true,"href":"https:\/\/www.budream.com\/fr\/wp-json\/wp\/v2\/comments?post=135429"}],"version-history":[{"count":1,"href":"https:\/\/www.budream.com\/fr\/wp-json\/wp\/v2\/product\/135429\/revisions"}],"predecessor-version":[{"id":264722,"href":"https:\/\/www.budream.com\/fr\/wp-json\/wp\/v2\/product\/135429\/revisions\/264722"}],"wp:featuredmedia":[{"embeddable":true,"href":"https:\/\/www.budream.com\/fr\/wp-json\/wp\/v2\/media\/135414"}],"wp:attachment":[{"href":"https:\/\/www.budream.com\/fr\/wp-json\/wp\/v2\/media?parent=135429"}],"wp:term":[{"taxonomy":"product_brand","embeddable":true,"href":"https:\/\/www.budream.com\/fr\/wp-json\/wp\/v2\/product_brand?post=135429"},{"taxonomy":"product_cat","embeddable":true,"href":"https:\/\/www.budream.com\/fr\/wp-json\/wp\/v2\/product_cat?post=135429"},{"taxonomy":"product_tag","embeddable":true,"href":"https:\/\/www.budream.com\/fr\/wp-json\/wp\/v2\/product_tag?post=135429"}],"curies":[{"name":"wp","href":"https:\/\/api.w.org\/{rel}","templated":true}]}}