{"id":135444,"date":"2025-07-31T02:31:30","date_gmt":"2025-07-31T00:31:30","guid":{"rendered":"https:\/\/www.budream.com\/shop\/ueber-piege-biologique-a-pheromones-pour-popillia-japonica-ou-coleoptere-japonais\/"},"modified":"2025-10-14T22:04:51","modified_gmt":"2025-10-14T20:04:51","slug":"ueber-piege-biologique-a-pheromones-pour-popillia-japonica-ou-coleoptere-japonais","status":"publish","type":"product","link":"https:\/\/www.budream.com\/fr\/shop\/ueber-piege-biologique-a-pheromones-pour-popillia-japonica-ou-coleoptere-japonais\/","title":{"rendered":"UEBER &#8211; PI\u00c8GE BIOLOGIQUE \u00c0 PH\u00c9ROMONES POUR POPILLIA JAPONICA OU COL\u00c9OPT\u00c8RE JAPONAIS"},"content":{"rendered":"<p>Le Popillia <strong>japonica<\/strong> Newman (Popillia ou scarab\u00e9e japonais) est un scarab\u00e9e extr\u00eamement polyphage qui cause d&rsquo;\u00e9normes pertes \u00e9conomiques et n\u00e9cessite des co\u00fbts de confinement \u00e9lev\u00e9s.<\/p>\n<p>Les adultes mesurent environ 10 mm de long et ont un <strong>corps vert m\u00e9tallique<\/strong> avec des \u00e9lytres cuivr\u00e9s. Les larves sont blanch\u00e2tres, courb\u00e9es en forme de \u00ab\u00a0C\u00a0\u00bb, et vivent dans le sol en se nourrissant des racines.<\/p>\n<p>Les larves s&rsquo;attaquent aux racines des plantes herbac\u00e9es et des pelouses, causant <strong>des dommages aux cultures agricoles<\/strong> et au gazon.<\/p>\n<p>Les adultes, quant \u00e0 eux, se nourrissent des fleurs, des feuilles et des fruits de plus de 300 esp\u00e8ces v\u00e9g\u00e9tales, laissant des<strong> \u00e9rosions \u00ab\u00a0r\u00e9ticul\u00e9es\u00a0\u00bb<\/strong> caract\u00e9ristiques sur le limbe des feuilles. <\/p>\n<h2 data-start=\"1884\" data-end=\"1906\"><span style=\"text-decoration: underline\"><strong data-start=\"1888\" data-end=\"1906\">Placement des pi\u00e8ges pour Popillia Japonica<\/strong><\/span><\/h2>\n<p data-start=\"1907\" data-end=\"2158\">Pour \u00eatre le plus efficace possible, le pi\u00e8ge doit \u00eatre plac\u00e9 \u00e0<strong> au moins 3 m\u00e8tres sous le vent des<\/strong> plantes \u00e0 prot\u00e9ger afin d&rsquo;intercepter les col\u00e9opt\u00e8res qui se dirigent vers lui. Ne pas placer le pi\u00e8ge sur ou \u00e0 proximit\u00e9 de la plante, car cela attirerait davantage de col\u00e9opt\u00e8res dans le feuillage. La hauteur optimale de positionnement est d&rsquo;environ 1 m\u00e8tre.<\/p>\n<h2 data-start=\"2165\" data-end=\"2185\"><span style=\"text-decoration: underline\"><strong data-start=\"2169\" data-end=\"2185\">Entretien des <\/strong><strong data-start=\"1888\" data-end=\"1906\">pi\u00e8ges pour Popillia Japonica<\/strong><\/span><\/h2>\n<p data-start=\"2186\" data-end=\"2560\">Pendant la p\u00e9riode d&rsquo;activit\u00e9 de l&rsquo;insecte<strong>(juin &#8211; septembre<\/strong>), il est recommand\u00e9 de v\u00e9rifier r\u00e9guli\u00e8rement les pi\u00e8ges et de vider le r\u00e9cipient avant qu&rsquo;il ne soit compl\u00e8tement plein. Le sac de collecte peut \u00eatre remplac\u00e9 ou vid\u00e9 avec pr\u00e9caution. Pour augmenter l&rsquo;efficacit\u00e9, nettoyer p\u00e9riodiquement le pi\u00e8ge de tout r\u00e9sidu et remplacer l&rsquo;app\u00e2t toutes les 4 \u00e0 6 semaines.<\/p>\n<h3 data-start=\"2567\" data-end=\"2583\"> <\/h3>\n","protected":false},"excerpt":{"rendered":"<p>Le Popillia japonica Newman (Popillia ou scarab\u00e9e japonais) est un scarab\u00e9e extr\u00eamement polyphage qui cause d&rsquo;\u00e9normes pertes \u00e9conomiques et n\u00e9cessite<\/p>\n","protected":false},"featured_media":135434,"comment_status":"open","ping_status":"closed","template":"","meta":[],"product_brand":[],"product_cat":[7928],"product_tag":[],"class_list":{"0":"post-135444","1":"product","2":"type-product","3":"status-publish","4":"has-post-thumbnail","6":"product_cat-antiparasitaires-et-defense","8":"first","9":"instock","10":"taxable","11":"shipping-taxable","12":"purchasable","13":"product-type-simple"},"aioseo_notices":[],"_links":{"self":[{"href":"https:\/\/www.budream.com\/fr\/wp-json\/wp\/v2\/product\/135444","targetHints":{"allow":["GET"]}}],"collection":[{"href":"https:\/\/www.budream.com\/fr\/wp-json\/wp\/v2\/product"}],"about":[{"href":"https:\/\/www.budream.com\/fr\/wp-json\/wp\/v2\/types\/product"}],"replies":[{"embeddable":true,"href":"https:\/\/www.budream.com\/fr\/wp-json\/wp\/v2\/comments?post=135444"}],"version-history":[{"count":0,"href":"https:\/\/www.budream.com\/fr\/wp-json\/wp\/v2\/product\/135444\/revisions"}],"wp:featuredmedia":[{"embeddable":true,"href":"https:\/\/www.budream.com\/fr\/wp-json\/wp\/v2\/media\/135434"}],"wp:attachment":[{"href":"https:\/\/www.budream.com\/fr\/wp-json\/wp\/v2\/media?parent=135444"}],"wp:term":[{"taxonomy":"product_brand","embeddable":true,"href":"https:\/\/www.budream.com\/fr\/wp-json\/wp\/v2\/product_brand?post=135444"},{"taxonomy":"product_cat","embeddable":true,"href":"https:\/\/www.budream.com\/fr\/wp-json\/wp\/v2\/product_cat?post=135444"},{"taxonomy":"product_tag","embeddable":true,"href":"https:\/\/www.budream.com\/fr\/wp-json\/wp\/v2\/product_tag?post=135444"}],"curies":[{"name":"wp","href":"https:\/\/api.w.org\/{rel}","templated":true}]}}