{"id":135484,"date":"2025-07-31T02:32:37","date_gmt":"2025-07-31T00:32:37","guid":{"rendered":"https:\/\/www.budream.com\/shop\/method-seven-evolution-sun-polarised-tortoise-sunglasses\/"},"modified":"2025-12-19T15:44:37","modified_gmt":"2025-12-19T13:44:37","slug":"method-seven-evolution-sun-polarised-tortoise-sunglasses","status":"publish","type":"product","link":"https:\/\/www.budream.com\/fr\/shop\/method-seven-evolution-sun-polarised-tortoise-sunglasses\/","title":{"rendered":"METHOD SEVEN &#8211; EVOLUTION SUN POLARISED | TORTOISE SUNGLASSES"},"content":{"rendered":"<div id=\"gt-src-c\" class=\"g-unit\">\n<p>Il honore le spectre complet des couleurs naturelles, tout en r\u00e9duisant l&rsquo;\u00e9blouissement et en prot\u00e9geant vos yeux sans changer de couleur ni tuer l&rsquo;\u00e9clat de la vie. \u00c9quip\u00e9es de la technologie <strong>New World Polarising<\/strong>, ces lunettes de soleil s&rsquo;adaptent parfaitement aux t\u00e9l\u00e9phones et aux \u00e9crans de t\u00e9l\u00e9vision.<\/p>\n<p><strong>Les montures en tortue sont enfin disponibles pour les mod\u00e8les de plus en plus nombreux !<\/strong><\/p>\n<h2><span style=\"text-decoration: underline\">Technologie de lentilles Method Seven :<\/span><\/h2>\n<p>La plupart des lunettes de soleil sont trop sombres, excessivement polaris\u00e9es et principalement li\u00e9es \u00e0 la mode. Elles permettent peut-\u00eatre \u00e0 vos yeux de moins loucher, mais elles ne vous aident pas \u00e0 mieux voir.<\/p>\n<p>Nous avons r\u00e9solu ce probl\u00e8me gr\u00e2ce \u00e0 notre technologie de filtrage de pointe.<br \/>Nous filtrons la lumi\u00e8re avec une telle pr\u00e9cision que nous pouvons \u00e9liminer une longueur d&rsquo;onde sp\u00e9cifique (couleur\/\u00e9nergie de la lumi\u00e8re) dont vous n&rsquo;avez pas besoin et am\u00e9liorer les longueurs d&rsquo;onde dont vous avez besoin. C&rsquo;est l&rsquo;annulation du bruit pour vos yeux. <br \/>Vous voyez mieux, vous \u00eates plus d\u00e9tendu et vous pouvez toujours garder vos lunettes, dans la voiture, au bar et en faisant d\u00e9filer votre t\u00e9l\u00e9phone.<\/p>\n<h2><span style=\"text-decoration: underline\">Technologie des montures Method Seven :<\/span><\/h2>\n<p>Les montures Method Seven Lifestyle sont con\u00e7ues et fabriqu\u00e9es en Italie. Il s&rsquo;agit de mod\u00e8les classiques avec une touche californienne, avec des charni\u00e8res flexibles et de magnifiques mat\u00e9riaux fabriqu\u00e9s \u00e0 la main.<br \/>La monture<strong>Evolution<\/strong> est confortable et flexible car elle est fabriqu\u00e9e en TR90 : un mat\u00e9riau thermoplastique incroyablement solide et l\u00e9ger. Fabriqu\u00e9 selon la technologie suisse, le TR90 permet \u00e0 l&rsquo;Evolution de se plier sous la pression et de se mouler au visage.<\/p>\n<\/div>\n","protected":false},"excerpt":{"rendered":"<p>Il honore le spectre complet des couleurs naturelles, tout en r\u00e9duisant l&rsquo;\u00e9blouissement et en prot\u00e9geant vos yeux sans changer de<\/p>\n","protected":false},"featured_media":135469,"comment_status":"open","ping_status":"closed","template":"","meta":[],"product_brand":[],"product_cat":[7926],"product_tag":[],"class_list":{"0":"post-135484","1":"product","2":"type-product","3":"status-publish","4":"has-post-thumbnail","6":"product_cat-growshop-fr","8":"first","9":"instock","10":"taxable","11":"shipping-taxable","12":"purchasable","13":"product-type-simple"},"aioseo_notices":[],"_links":{"self":[{"href":"https:\/\/www.budream.com\/fr\/wp-json\/wp\/v2\/product\/135484","targetHints":{"allow":["GET"]}}],"collection":[{"href":"https:\/\/www.budream.com\/fr\/wp-json\/wp\/v2\/product"}],"about":[{"href":"https:\/\/www.budream.com\/fr\/wp-json\/wp\/v2\/types\/product"}],"replies":[{"embeddable":true,"href":"https:\/\/www.budream.com\/fr\/wp-json\/wp\/v2\/comments?post=135484"}],"version-history":[{"count":0,"href":"https:\/\/www.budream.com\/fr\/wp-json\/wp\/v2\/product\/135484\/revisions"}],"wp:featuredmedia":[{"embeddable":true,"href":"https:\/\/www.budream.com\/fr\/wp-json\/wp\/v2\/media\/135469"}],"wp:attachment":[{"href":"https:\/\/www.budream.com\/fr\/wp-json\/wp\/v2\/media?parent=135484"}],"wp:term":[{"taxonomy":"product_brand","embeddable":true,"href":"https:\/\/www.budream.com\/fr\/wp-json\/wp\/v2\/product_brand?post=135484"},{"taxonomy":"product_cat","embeddable":true,"href":"https:\/\/www.budream.com\/fr\/wp-json\/wp\/v2\/product_cat?post=135484"},{"taxonomy":"product_tag","embeddable":true,"href":"https:\/\/www.budream.com\/fr\/wp-json\/wp\/v2\/product_tag?post=135484"}],"curies":[{"name":"wp","href":"https:\/\/api.w.org\/{rel}","templated":true}]}}