{"id":135854,"date":"2025-07-31T02:52:45","date_gmt":"2025-07-31T00:52:45","guid":{"rendered":"https:\/\/www.budream.com\/shop\/vents-tt-aspirateur-a-deux-puissances-avec-interrupteur-cable\/"},"modified":"2026-03-27T16:51:02","modified_gmt":"2026-03-27T14:51:02","slug":"vents-tt-aspirateur-a-deux-puissances-avec-interrupteur-cable","status":"publish","type":"product","link":"https:\/\/www.budream.com\/fr\/shop\/vents-tt-aspirateur-a-deux-puissances-avec-interrupteur-cable\/","title":{"rendered":"VENTS &#8211; TT ASPIRATEUR \u00c0 DEUX PUISSANCES AVEC INTERRUPTEUR C\u00c2BL\u00c9"},"content":{"rendered":"","protected":false},"excerpt":{"rendered":"","protected":false},"featured_media":135849,"comment_status":"open","ping_status":"closed","template":"","meta":[],"product_brand":[],"product_cat":[7946],"product_tag":[],"class_list":{"0":"post-135854","1":"product","2":"type-product","3":"status-publish","4":"has-post-thumbnail","6":"product_cat-ventilateurs-et-extracteurs","8":"first","9":"instock","10":"taxable","11":"shipping-taxable","12":"purchasable","13":"product-type-variable"},"_links":{"self":[{"href":"https:\/\/www.budream.com\/fr\/wp-json\/wp\/v2\/product\/135854","targetHints":{"allow":["GET"]}}],"collection":[{"href":"https:\/\/www.budream.com\/fr\/wp-json\/wp\/v2\/product"}],"about":[{"href":"https:\/\/www.budream.com\/fr\/wp-json\/wp\/v2\/types\/product"}],"replies":[{"embeddable":true,"href":"https:\/\/www.budream.com\/fr\/wp-json\/wp\/v2\/comments?post=135854"}],"version-history":[{"count":0,"href":"https:\/\/www.budream.com\/fr\/wp-json\/wp\/v2\/product\/135854\/revisions"}],"wp:featuredmedia":[{"embeddable":true,"href":"https:\/\/www.budream.com\/fr\/wp-json\/wp\/v2\/media\/135849"}],"wp:attachment":[{"href":"https:\/\/www.budream.com\/fr\/wp-json\/wp\/v2\/media?parent=135854"}],"wp:term":[{"taxonomy":"product_brand","embeddable":true,"href":"https:\/\/www.budream.com\/fr\/wp-json\/wp\/v2\/product_brand?post=135854"},{"taxonomy":"product_cat","embeddable":true,"href":"https:\/\/www.budream.com\/fr\/wp-json\/wp\/v2\/product_cat?post=135854"},{"taxonomy":"product_tag","embeddable":true,"href":"https:\/\/www.budream.com\/fr\/wp-json\/wp\/v2\/product_tag?post=135854"}],"curies":[{"name":"wp","href":"https:\/\/api.w.org\/{rel}","templated":true}]}}