{"id":135944,"date":"2025-07-31T02:55:39","date_gmt":"2025-07-31T00:55:39","guid":{"rendered":"https:\/\/www.budream.com\/shop\/sensi-seeds-bank-skunk-kush-fem\/"},"modified":"2025-12-22T16:21:16","modified_gmt":"2025-12-22T14:21:16","slug":"sensi-seeds-bank-skunk-kush-fem","status":"publish","type":"product","link":"https:\/\/www.budream.com\/fr\/shop\/sensi-seeds-bank-skunk-kush-fem\/","title":{"rendered":"SENSI SEEDS BANK &#8211; SKUNK KUSH FEM"},"content":{"rendered":"<div style=\"text-align: justify\">Skunk Kush Feminised est un hybride 60% indica \/ 40% sativa avec une g\u00e9n\u00e9tique impressionnante. Il s&rsquo;agit d&rsquo;un m\u00e9lange de Hindu Kush afghan pur et de Skunk #1, \u00e9galement connu sous le nom de Hindu Skunk. Plusieurs g\u00e9n\u00e9rations de croisements de la Skunk Kush originale font que cette vari\u00e9t\u00e9 a une personnalit\u00e9 nettement diff\u00e9rente du reste de notre famille Kush.<\/p>\n<\/div>\n<h2><strong>Caract\u00e9ristiques Skunk Kush Fem Sensi Seeds Bank :<\/strong><\/h2>\n<ul style=\"list-style-type: disc\">\n<li><strong>Genre :<\/strong> Hybride f\u00e9minis\u00e9<\/li>\n<li><strong>G\u00e9notype :<\/strong> 60% Indica \/ 40% Sativa<\/li>\n<li><strong>G\u00e9n\u00e9tique :<\/strong> Hindu Kush x Skunk #1<\/li>\n<li><strong>Jours :<\/strong> 50-60<\/li>\n<\/ul>\n<p><span style=\"font-size: 11pt\"><em><strong>ATTENTION :<\/strong> Les graines de chanvre sont exclues de la notion l\u00e9gale de Cannabis, ce qui signifie qu&rsquo;elles ne doivent pas \u00eatre consid\u00e9r\u00e9es comme une substance stup\u00e9fiante (L. 412 de 1974, art. 1, virgule 1, lett. B ; Convention unique sur les stup\u00e9fiants de New York de 1961 et tableau II du d\u00e9cret minist\u00e9riel 27\/7\/1992). En Italie, la culture du chanvre est interdite (articles 28 et 73 du d\u00e9cret pr\u00e9sidentiel 309\/90), sauf autorisation sp\u00e9ciale (article 17 du d\u00e9cret pr\u00e9sidentiel 309\/90). En l&rsquo;absence d&rsquo;autorisation, les semences ne peuvent \u00eatre utilis\u00e9es qu&rsquo;\u00e0 d&rsquo;autres fins (zootechniques, de collection, etc.). Les semences sont vendues sous r\u00e9serve qu&rsquo;elles ne soient pas utilis\u00e9es par des tiers en contradiction avec la loi.<\/em><\/span><\/p>\n","protected":false},"excerpt":{"rendered":"<p>Skunk Kush Feminised est un hybride 60% indica \/ 40% sativa avec une g\u00e9n\u00e9tique impressionnante. Il s&rsquo;agit d&rsquo;un m\u00e9lange de<\/p>\n","protected":false},"featured_media":197166,"comment_status":"open","ping_status":"closed","template":"","meta":[],"product_brand":[],"product_cat":[7951],"product_tag":[],"class_list":{"0":"post-135944","1":"product","2":"type-product","3":"status-publish","4":"has-post-thumbnail","6":"product_cat-magasin-de-graines","8":"first","9":"instock","10":"sale","11":"taxable","12":"shipping-taxable","13":"purchasable","14":"product-type-variable"},"_links":{"self":[{"href":"https:\/\/www.budream.com\/fr\/wp-json\/wp\/v2\/product\/135944","targetHints":{"allow":["GET"]}}],"collection":[{"href":"https:\/\/www.budream.com\/fr\/wp-json\/wp\/v2\/product"}],"about":[{"href":"https:\/\/www.budream.com\/fr\/wp-json\/wp\/v2\/types\/product"}],"replies":[{"embeddable":true,"href":"https:\/\/www.budream.com\/fr\/wp-json\/wp\/v2\/comments?post=135944"}],"version-history":[{"count":0,"href":"https:\/\/www.budream.com\/fr\/wp-json\/wp\/v2\/product\/135944\/revisions"}],"wp:featuredmedia":[{"embeddable":true,"href":"https:\/\/www.budream.com\/fr\/wp-json\/wp\/v2\/media\/197166"}],"wp:attachment":[{"href":"https:\/\/www.budream.com\/fr\/wp-json\/wp\/v2\/media?parent=135944"}],"wp:term":[{"taxonomy":"product_brand","embeddable":true,"href":"https:\/\/www.budream.com\/fr\/wp-json\/wp\/v2\/product_brand?post=135944"},{"taxonomy":"product_cat","embeddable":true,"href":"https:\/\/www.budream.com\/fr\/wp-json\/wp\/v2\/product_cat?post=135944"},{"taxonomy":"product_tag","embeddable":true,"href":"https:\/\/www.budream.com\/fr\/wp-json\/wp\/v2\/product_tag?post=135944"}],"curies":[{"name":"wp","href":"https:\/\/api.w.org\/{rel}","templated":true}]}}