{"id":136074,"date":"2025-07-31T03:03:56","date_gmt":"2025-07-31T01:03:56","guid":{"rendered":"https:\/\/www.budream.com\/shop\/graines-douces-s-a-d-sweet-afgani-delicious-auto-fem-sws24\/"},"modified":"2026-03-23T18:36:11","modified_gmt":"2026-03-23T16:36:11","slug":"graines-douces-s-a-d-sweet-afgani-delicious-auto-fem-sws24","status":"publish","type":"product","link":"https:\/\/www.budream.com\/fr\/shop\/graines-douces-s-a-d-sweet-afgani-delicious-auto-fem-sws24\/","title":{"rendered":"GRAINES DOUCES &#8211; S.A.D. SWEET AFGANI DELICIOUS AUTO\u00ae FEM (SWS24)"},"content":{"rendered":"<div style=\"text-align: justify\">Autofloraison de 3\u00e8me g\u00e9n\u00e9ration. Hybride r\u00e9sultant du croisement de la S.A.D. Sweet Afghani Delicious avec une autofloraison de 2\u00e8me g\u00e9n\u00e9ration.<\/div>\n<p><\/p>\n<h2><strong>Caract\u00e9ristiques S.A.D. Sweet Afghani Delicious Auto Fem :<\/strong><\/h2>\n<ul style=\"list-style-type: disc\">\n<li><strong>Genre :<\/strong> Hybride F\u00e9minis\u00e9 Autofloraison<\/li>\n<li><strong>G\u00e9n\u00e9tique :<\/strong> S.A.D. Sweet Afghani Delicious x autofloraison de 2\u00e8me g\u00e9n\u00e9ration<\/li>\n<li><strong>Composition :<\/strong> 86% Indica \/ 10.9% Sativa \/ 3.1 Ruderalis<\/li>\n<li><strong>Jours :<\/strong> 56 jours<\/li>\n<\/ul>\n<p><\/p>\n<div style=\"text-align: justify\"><span style=\"font-size: 11pt\"><em><strong>ATTENTION :<\/strong> Les graines de chanvre sont exclues de la notion l\u00e9gale de Cannabis, ce qui signifie qu&rsquo;elles ne doivent pas \u00eatre consid\u00e9r\u00e9es comme une substance stup\u00e9fiante (L. 412 de 1974, art. 1, alin\u00e9a 1, lettre B ; Convention unique sur les stup\u00e9fiants de New York de 1961 et tableau II du d\u00e9cret minist\u00e9riel 27\/7\/1992). En Italie, la culture du chanvre est interdite (articles 28 et 73 du d\u00e9cret pr\u00e9sidentiel 309\/90), sauf autorisation sp\u00e9ciale (article 17 du d\u00e9cret pr\u00e9sidentiel 309\/90). En l&rsquo;absence d&rsquo;autorisation, les semences ne peuvent \u00eatre utilis\u00e9es qu&rsquo;\u00e0 d&rsquo;autres fins (zootechniques, de collection, etc.). Les semences sont vendues sous r\u00e9serve qu&rsquo;elles ne soient pas utilis\u00e9es par des tiers en contradiction avec la loi.<\/em><\/span><\/div>\n","protected":false},"excerpt":{"rendered":"<p>Autofloraison de 3\u00e8me g\u00e9n\u00e9ration. Hybride r\u00e9sultant du croisement de la S.A.D. Sweet Afghani Delicious avec une autofloraison de 2\u00e8me g\u00e9n\u00e9ration.<\/p>\n","protected":false},"featured_media":136064,"comment_status":"open","ping_status":"closed","template":"","meta":[],"product_brand":[],"product_cat":[7951],"product_tag":[],"class_list":{"0":"post-136074","1":"product","2":"type-product","3":"status-publish","4":"has-post-thumbnail","6":"product_cat-magasin-de-graines","8":"first","9":"instock","10":"sale","11":"taxable","12":"shipping-taxable","13":"purchasable","14":"product-type-variable"},"_links":{"self":[{"href":"https:\/\/www.budream.com\/fr\/wp-json\/wp\/v2\/product\/136074","targetHints":{"allow":["GET"]}}],"collection":[{"href":"https:\/\/www.budream.com\/fr\/wp-json\/wp\/v2\/product"}],"about":[{"href":"https:\/\/www.budream.com\/fr\/wp-json\/wp\/v2\/types\/product"}],"replies":[{"embeddable":true,"href":"https:\/\/www.budream.com\/fr\/wp-json\/wp\/v2\/comments?post=136074"}],"version-history":[{"count":0,"href":"https:\/\/www.budream.com\/fr\/wp-json\/wp\/v2\/product\/136074\/revisions"}],"wp:featuredmedia":[{"embeddable":true,"href":"https:\/\/www.budream.com\/fr\/wp-json\/wp\/v2\/media\/136064"}],"wp:attachment":[{"href":"https:\/\/www.budream.com\/fr\/wp-json\/wp\/v2\/media?parent=136074"}],"wp:term":[{"taxonomy":"product_brand","embeddable":true,"href":"https:\/\/www.budream.com\/fr\/wp-json\/wp\/v2\/product_brand?post=136074"},{"taxonomy":"product_cat","embeddable":true,"href":"https:\/\/www.budream.com\/fr\/wp-json\/wp\/v2\/product_cat?post=136074"},{"taxonomy":"product_tag","embeddable":true,"href":"https:\/\/www.budream.com\/fr\/wp-json\/wp\/v2\/product_tag?post=136074"}],"curies":[{"name":"wp","href":"https:\/\/api.w.org\/{rel}","templated":true}]}}