{"id":136479,"date":"2025-07-31T03:28:28","date_gmt":"2025-07-31T01:28:28","guid":{"rendered":"https:\/\/www.budream.com\/shop\/graines-douces-bloody-skunk-auto-fem-sws44\/"},"modified":"2026-05-04T12:39:45","modified_gmt":"2026-05-04T10:39:45","slug":"graines-douces-bloody-skunk-auto-fem-sws44","status":"publish","type":"product","link":"https:\/\/www.budream.com\/fr\/shop\/graines-douces-bloody-skunk-auto-fem-sws44\/","title":{"rendered":"GRAINES DOUCES &#8211; BLOODY SKUNK AUTO\u00ae FEM (SWS44)"},"content":{"rendered":"<div style=\"text-align: justify\">Hybride obtenu en croisant notre Sweet Skunk Auto (SWS34) avec une souche s\u00e9lectionn\u00e9e de Red Poison Auto (SWS39).<\/div>\n<p><\/p>\n<h2><strong>Caract\u00e9ristiques Bloody Skunk Auto Fem :<\/strong><\/h2>\n<ul style=\"list-style-type: disc\">\n<li><strong>Genre :<\/strong> Hybride f\u00e9minis\u00e9 \u00e0 autofloraison<\/li>\n<li><strong>G\u00e9notype :<\/strong> Indica : 62.4% \/ Sativa : 32.9% \/ 4.7% Ruderalis<\/li>\n<li><strong>G\u00e9n\u00e9tique :<\/strong> Sweet Skunk Auto (SWS34) x Red Poison Auto (SWS39)<\/li>\n<li>Jours<strong>:<\/strong> 56 jours<\/li>\n<\/ul>\n<p><\/p>\n<div style=\"text-align: justify\"><span style=\"font-size: 11pt\"><em><strong>ATTENTION :<\/strong> Les graines de chanvre sont exclues de la notion l\u00e9gale de Cannabis, ce qui signifie qu&rsquo;elles ne doivent pas \u00eatre consid\u00e9r\u00e9es comme une substance stup\u00e9fiante (L. 412 de 1974, Art. 1, paragraphe 1, lett. B ; Convention unique sur les stup\u00e9fiants de New York de 1961 et tableau II du d\u00e9cret minist\u00e9riel 27\/7\/1992). En Italie, la culture du chanvre est interdite (articles 28 et 73 du d\u00e9cret pr\u00e9sidentiel 309\/90), sauf autorisation sp\u00e9ciale (article 17 du d\u00e9cret pr\u00e9sidentiel 309\/90). En l&rsquo;absence d&rsquo;autorisation, les semences ne peuvent \u00eatre utilis\u00e9es qu&rsquo;\u00e0 d&rsquo;autres fins (zootechniques, de collection, etc.). Les semences sont vendues sous r\u00e9serve qu&rsquo;elles ne soient pas utilis\u00e9es par des tiers en contradiction avec la loi.<\/em><\/span><\/div>\n","protected":false},"excerpt":{"rendered":"<p>Hybride obtenu en croisant notre Sweet Skunk Auto (SWS34) avec une souche s\u00e9lectionn\u00e9e de Red Poison Auto (SWS39). Caract\u00e9ristiques Bloody<\/p>\n","protected":false},"featured_media":136469,"comment_status":"open","ping_status":"closed","template":"","meta":[],"product_brand":[],"product_cat":[7951],"product_tag":[],"class_list":{"0":"post-136479","1":"product","2":"type-product","3":"status-publish","4":"has-post-thumbnail","6":"product_cat-magasin-de-graines","8":"first","9":"instock","10":"sale","11":"taxable","12":"shipping-taxable","13":"purchasable","14":"product-type-variable"},"_links":{"self":[{"href":"https:\/\/www.budream.com\/fr\/wp-json\/wp\/v2\/product\/136479","targetHints":{"allow":["GET"]}}],"collection":[{"href":"https:\/\/www.budream.com\/fr\/wp-json\/wp\/v2\/product"}],"about":[{"href":"https:\/\/www.budream.com\/fr\/wp-json\/wp\/v2\/types\/product"}],"replies":[{"embeddable":true,"href":"https:\/\/www.budream.com\/fr\/wp-json\/wp\/v2\/comments?post=136479"}],"version-history":[{"count":1,"href":"https:\/\/www.budream.com\/fr\/wp-json\/wp\/v2\/product\/136479\/revisions"}],"predecessor-version":[{"id":266747,"href":"https:\/\/www.budream.com\/fr\/wp-json\/wp\/v2\/product\/136479\/revisions\/266747"}],"wp:featuredmedia":[{"embeddable":true,"href":"https:\/\/www.budream.com\/fr\/wp-json\/wp\/v2\/media\/136469"}],"wp:attachment":[{"href":"https:\/\/www.budream.com\/fr\/wp-json\/wp\/v2\/media?parent=136479"}],"wp:term":[{"taxonomy":"product_brand","embeddable":true,"href":"https:\/\/www.budream.com\/fr\/wp-json\/wp\/v2\/product_brand?post=136479"},{"taxonomy":"product_cat","embeddable":true,"href":"https:\/\/www.budream.com\/fr\/wp-json\/wp\/v2\/product_cat?post=136479"},{"taxonomy":"product_tag","embeddable":true,"href":"https:\/\/www.budream.com\/fr\/wp-json\/wp\/v2\/product_tag?post=136479"}],"curies":[{"name":"wp","href":"https:\/\/api.w.org\/{rel}","templated":true}]}}