{"id":136524,"date":"2025-07-31T03:30:31","date_gmt":"2025-07-31T01:30:31","guid":{"rendered":"https:\/\/www.budream.com\/shop\/graines-douces-jack-47-f1-fast-version-fem-sws51\/"},"modified":"2026-03-24T22:32:17","modified_gmt":"2026-03-24T20:32:17","slug":"graines-douces-jack-47-f1-fast-version-fem-sws51","status":"publish","type":"product","link":"https:\/\/www.budream.com\/fr\/shop\/graines-douces-jack-47-f1-fast-version-fem-sws51\/","title":{"rendered":"GRAINES DOUCES &#8211; JACK 47 F1 FAST VERSION\u00ae FEM (SWS51)"},"content":{"rendered":"<div style=\"text-align: justify\">Version f\u00e9minis\u00e9e, d\u00e9pendante de la photop\u00e9riode et \u00e0 floraison super rapide de l&rsquo;une des vari\u00e9t\u00e9s les plus puissantes de notre catalogue. Cette g\u00e9n\u00e9tique est le r\u00e9sultat du croisement d&rsquo;une souche s\u00e9lectionn\u00e9e de Jack 47 Auto&reg; (SWS31) et d&rsquo;un clone \u00e9lite de notre Jack 47&reg; (SWS08).<\/div>\n<h2><strong><br \/>Caract\u00e9ristiques Jack 47 F1 Fast Version Fem :<\/strong><\/h2>\n<ul style=\"list-style-type: disc\">\n<li><strong>Genre :<\/strong> Hybride F\u00e9minis\u00e9<\/li>\n<li><strong>G\u00e9notype<\/strong>: Hybride : Indica : 25% \/ Sativa : 75%<\/li>\n<li><strong>G\u00e9n\u00e9tique : <\/strong>Jack 47 Auto x Jack 47<\/li>\n<li><strong>Jours :<\/strong> 50\/56 jours<\/li>\n<\/ul>\n<p><\/p>\n<div style=\"text-align: justify\"><span style=\"font-size: 11pt\"><em><strong>ATTENTION :<\/strong> Les graines de chanvre sont exclues de la notion l\u00e9gale de Cannabis, ce qui signifie qu&rsquo;elles ne doivent pas \u00eatre consid\u00e9r\u00e9es comme une substance stup\u00e9fiante (L. 412 de 1974, art. 1, alin\u00e9a 1, lettre B ; Convention unique sur les stup\u00e9fiants de New York de 1961 et tableau II du d\u00e9cret minist\u00e9riel 27\/7\/1992). En Italie, la culture du chanvre est interdite (articles 28 et 73 du d\u00e9cret pr\u00e9sidentiel 309\/90), sauf autorisation sp\u00e9ciale (article 17 du d\u00e9cret pr\u00e9sidentiel 309\/90). En l&rsquo;absence d&rsquo;autorisation, les semences ne peuvent \u00eatre utilis\u00e9es qu&rsquo;\u00e0 d&rsquo;autres fins (zootechniques, de collection, etc.). Les semences sont vendues sous r\u00e9serve qu&rsquo;elles ne soient pas utilis\u00e9es par des tiers en contradiction avec la loi.<\/em><\/span><\/div>\n","protected":false},"excerpt":{"rendered":"<p>Version f\u00e9minis\u00e9e, d\u00e9pendante de la photop\u00e9riode et \u00e0 floraison super rapide de l&rsquo;une des vari\u00e9t\u00e9s les plus puissantes de notre<\/p>\n","protected":false},"featured_media":136514,"comment_status":"open","ping_status":"closed","template":"","meta":[],"product_brand":[],"product_cat":[7951],"product_tag":[],"class_list":{"0":"post-136524","1":"product","2":"type-product","3":"status-publish","4":"has-post-thumbnail","6":"product_cat-magasin-de-graines","8":"first","9":"instock","10":"sale","11":"taxable","12":"shipping-taxable","13":"purchasable","14":"product-type-variable"},"_links":{"self":[{"href":"https:\/\/www.budream.com\/fr\/wp-json\/wp\/v2\/product\/136524","targetHints":{"allow":["GET"]}}],"collection":[{"href":"https:\/\/www.budream.com\/fr\/wp-json\/wp\/v2\/product"}],"about":[{"href":"https:\/\/www.budream.com\/fr\/wp-json\/wp\/v2\/types\/product"}],"replies":[{"embeddable":true,"href":"https:\/\/www.budream.com\/fr\/wp-json\/wp\/v2\/comments?post=136524"}],"version-history":[{"count":0,"href":"https:\/\/www.budream.com\/fr\/wp-json\/wp\/v2\/product\/136524\/revisions"}],"wp:featuredmedia":[{"embeddable":true,"href":"https:\/\/www.budream.com\/fr\/wp-json\/wp\/v2\/media\/136514"}],"wp:attachment":[{"href":"https:\/\/www.budream.com\/fr\/wp-json\/wp\/v2\/media?parent=136524"}],"wp:term":[{"taxonomy":"product_brand","embeddable":true,"href":"https:\/\/www.budream.com\/fr\/wp-json\/wp\/v2\/product_brand?post=136524"},{"taxonomy":"product_cat","embeddable":true,"href":"https:\/\/www.budream.com\/fr\/wp-json\/wp\/v2\/product_cat?post=136524"},{"taxonomy":"product_tag","embeddable":true,"href":"https:\/\/www.budream.com\/fr\/wp-json\/wp\/v2\/product_tag?post=136524"}],"curies":[{"name":"wp","href":"https:\/\/api.w.org\/{rel}","templated":true}]}}